 {"id":35960,"date":"2015-10-12T23:40:06","date_gmt":"2015-10-12T21:40:06","guid":{"rendered":"http:\/\/seedfreedom.info\/?page_id=35960"},"modified":"2015-10-13T16:32:51","modified_gmt":"2015-10-13T14:32:51","slug":"ziviler-ungehorsam-um-die-saatgutsklaverei-zu-beenden","status":"publish","type":"page","link":"https:\/\/seedfreedom.info\/de\/ziviler-ungehorsam-um-die-saatgutsklaverei-zu-beenden\/","title":{"rendered":"SEED SATYAGRAHA (Ziviler Ungehorsam um die Saatgutsklaverei zu beenden) Gel\u00f6bnis"},"content":{"rendered":"<div style=\"float: left; text-align: justify; width: 47%;\">\n<p style=\"text-align: left;\">Wir haben Ehrfurcht vor den Samen, die wir von der Natur und von jahrtausendelanger b\u00e4uerlicher Z\u00fcchtung, bekommen haben.<\/p>\n<p style=\"text-align: left;\">Wir sehen- Samen nicht als eine Erfindung von Konzernen an und deshalb erkennen wir auch keine Patente auf Saatgut und Leben an.<\/p>\n<p style=\"text-align: left;\">Wir werden unsere regionalen Saatgutbibliotheken als Quellen von keimf\u00e4higen und freien Saatgut unterst\u00fctzen.<\/p>\n<p style=\"text-align: left;\">Wir erkennen keine Gesetze an, die wegen Konzerninteresssen geschaffen wurden, die in unsere Pflicht eingreifen gutes Saatgut zu erhalten und zu teilen, damit die kommenden Generationen sich ebenso gl\u00fccklich sch\u00e4tzen k\u00f6nnen, wir wir es waren, als wir diese Geschenke der Vielfalt und der Nahrung erhielten.<\/p>\n<p style=\"text-align: left;\">Wir werden keinen Gesetzen gehorchen oder anerkennen, die unsere in Jahrtausenden gepr\u00fcften Samen kriminalisieren.<\/p>\n<p style=\"text-align: left;\">Das ist unser Saatgut Satyagraha (Ziviler Ungehorsam)<\/p>\n<p style=\"text-align: left;\">Aus gutem Saatgut w\u00e4chst gutes Essen.<\/p>\n<p style=\"text-align: left;\">Wir erkennen geschmackloses, giftiges, Zeug ohne echten N\u00e4hrwert nicht als Essen an.<\/p>\n<p style=\"text-align: left;\">F\u00fcr uns ist Essen das, was es immer war: Nat\u00fcrlich, biologisch, nahrhaft, gesund und sicher.<\/p>\n<p style=\"text-align: left;\">Wir weigern uns auch nur eine weitere Biene sterben zu lassen.<\/p>\n<p style=\"text-align: left;\">Wir erkennen die unwissenschaftlichen Denkfehler der \u201cSubstanziellen Gleichheit\u201d von gentechnisch ver\u00e4ndertem Essen und nicht gentechnisch ver\u00e4ndertem nicht an.<\/p>\n<p style=\"text-align: left;\">Wir weigern uns, die industrielle Landwirtschaft als L\u00f6sung f\u00fcr die Klimakrise zu akzeptieren, weil wir wissen, dass sie eine der Gr\u00fcnde daf\u00fcr ist.<\/p>\n<p style=\"text-align: left;\">Wir werden biologisches Essen \u00fcberall anbauen. Auf unseren Bauernh\u00f6fen, in unseren G\u00e4rten, auf unseren Balkonen und Terrassen.<\/p>\n<p style=\"text-align: left;\">Wir werden biologisch essen in unseren K\u00fcchen, unseren Cafeterias, unseren Schulen und B\u00fcros.<\/p>\n<p style=\"text-align: left;\">Unsere G\u00e4rten werden Orte des Satyagraha sein.<\/p>\n<p style=\"text-align: left;\"><em>Translation kindly provided by<a href=\"http:\/\/seedfreedom.info\/partners\/open-house\/\" target=\"_blank\"> open house<\/a><\/em><\/p>\n<hr \/>\n<h4 style=\"text-align: left;\"><strong>Related Campaign<\/strong><\/h4>\n<h4 style=\"text-align: left;\"><a href=\"https:\/\/i0.wp.com\/seedfreedom.info\/wp-content\/uploads\/2015\/07\/CampaignCalltoAction2015.jpg\"><img data-recalc-dims=\"1\" loading=\"lazy\" decoding=\"async\" class=\"alignnone wp-image-34423 size-full\" src=\"https:\/\/i0.wp.com\/seedfreedom.info\/wp-content\/uploads\/2015\/07\/CampaignCalltoAction2015.jpg?resize=280%2C140\" alt=\"poster\" width=\"280\" height=\"140\" \/><\/a><\/h4>\n<h4 style=\"text-align: left;\"><strong><a href=\"http:\/\/seedfreedom.info\/de\/campaign\/auf-gehts-engagiert-euch-fur-vielfaltiges-saatgut-und-fruchtbaren-boden-2015\/\" target=\"_blank\">Auf geht\u2019s! Engagiert Euch f\u00fcr vielf\u00e4ltiges Saatgut und fruchtbaren Boden-2015<\/a> <\/strong><\/h4>\n<p style=\"text-align: left;\">2 &#8211; 16 October 2015 \u2014 Everywhere<\/p>\n<hr \/>\n<p style=\"text-align: left;\"><strong><a href=\"http:\/\/seedfreedom.info\/wp-content\/uploads\/2015\/09\/Seed-Satyagraha-Soft-Copy.pdf\" target=\"_blank\">Click here to download Seed Satyagraha booklet<\/a><\/strong><\/p>\n<hr \/>\n<\/div>\n<div style=\"float: right; text-align: justify; width: 47%;\">\n<h4><strong>\u00a0<a href=\"http:\/\/seedfreedom.info\/seed-satyagraha-civil-disobedience-to-end-seed-slavery-pledge-signatures\/\" target=\"_blank\"><span style=\"color: #993300;\"><em>View Signatures<\/em><\/span><\/a><\/strong><\/h4>\n<p><iframe loading=\"lazy\" id=\"JotFormIFrame\" style=\"width: 100%; height: 900px; border: none;\" src=\"https:\/\/form.jotform.com\/form\/52508107695964\" width=\"300\" height=\"150\" frameborder=\"0\" scrolling=\"yes\"><br \/>\n<\/iframe><script type=\"text\/javascript\">\/\/ <![CDATA[\nwindow.handleIFrameMessage = function(e) {         var args = e.data.split(\":\");         var iframe = document.getElementById(\"JotFormIFrame\");         if (!iframe)           return;         switch (args[0]) {           case \"scrollIntoView\":             iframe.scrollIntoView();             break;           case \"setHeight\":             iframe.style.height = args[1] + \"px\";             break;           case \"collapseErrorPage\":             if (iframe.clientHeight > window.innerHeight) {\n              iframe.style.height = window.innerHeight + \"px\";\n            }\n            break;\n          case \"reloadPage\":\n            window.location.reload();\n            break;\n        }\n        var isJotForm = (e.origin.indexOf(\"jotform\") > -1) ? true : false;\n        if(isJotForm &#038;& \"contentWindow\" in iframe &#038;& \"postMessage\" in iframe.contentWindow) {\n          var urls = {\"docurl\":encodeURIComponent(document.URL),\"referrer\":encodeURIComponent(document.referrer)};\n          iframe.contentWindow.postMessage(JSON.stringify({\"type\":\"urls\",\"value\":urls}), \"*\");\n        }\n      };\n      if (window.addEventListener) {\n        window.addEventListener(\"message\", handleIFrameMessage, false);\n      } else if (window.attachEvent) {\n        window.attachEvent(\"onmessage\", handleIFrameMessage);\n      }\n      if(window.location.href &#038;& window.location.href.indexOf(\"?\") > -1) {\n        var ifr = document.getElementById(\"JotFormIFrame\");\n        var get = window.location.href.substr(window.location.href.indexOf(\"?\") + 1);\n        if(ifr &#038;& get.length > 0) {\n          var src = ifr.src;\n          src = src.indexOf(\"?\") > -1 ? src + \"&#038;\" + get : src  + \"?\" + get;\n          ifr.src = src;\n        }\n      }\n\/\/ ]]><\/script><\/p>\n<\/div>\n<div style=\"clear: both;\"><\/div>\n","protected":false},"excerpt":{"rendered":"<p>Wir haben Ehrfurcht vor den Samen, die wir von der Natur und von jahrtausendelanger b\u00e4uerlicher Z\u00fcchtung, bekommen haben. Wir sehen- [&hellip;]<\/p>\n","protected":false},"author":3,"featured_media":35083,"parent":0,"menu_order":0,"comment_status":"closed","ping_status":"closed","template":"","meta":{"_monsterinsights_skip_tracking":false,"_monsterinsights_sitenote_active":false,"_monsterinsights_sitenote_note":"","_monsterinsights_sitenote_category":0,"footnotes":""},"categories":[566],"tags":[564],"class_list":["post-35960","page","type-page","status-publish","has-post-thumbnail","hentry","category-neuesten-nachrichten","tag-saatgut"],"jetpack_shortlink":"https:\/\/wp.me\/P5eZaH-9m0","jetpack_sharing_enabled":true,"_links":{"self":[{"href":"https:\/\/seedfreedom.info\/de\/wp-json\/wp\/v2\/pages\/35960","targetHints":{"allow":["GET"]}}],"collection":[{"href":"https:\/\/seedfreedom.info\/de\/wp-json\/wp\/v2\/pages"}],"about":[{"href":"https:\/\/seedfreedom.info\/de\/wp-json\/wp\/v2\/types\/page"}],"author":[{"embeddable":true,"href":"https:\/\/seedfreedom.info\/de\/wp-json\/wp\/v2\/users\/3"}],"replies":[{"embeddable":true,"href":"https:\/\/seedfreedom.info\/de\/wp-json\/wp\/v2\/comments?post=35960"}],"version-history":[{"count":4,"href":"https:\/\/seedfreedom.info\/de\/wp-json\/wp\/v2\/pages\/35960\/revisions"}],"predecessor-version":[{"id":35995,"href":"https:\/\/seedfreedom.info\/de\/wp-json\/wp\/v2\/pages\/35960\/revisions\/35995"}],"wp:featuredmedia":[{"embeddable":true,"href":"https:\/\/seedfreedom.info\/de\/wp-json\/wp\/v2\/media\/35083"}],"wp:attachment":[{"href":"https:\/\/seedfreedom.info\/de\/wp-json\/wp\/v2\/media?parent=35960"}],"wp:term":[{"taxonomy":"category","embeddable":true,"href":"https:\/\/seedfreedom.info\/de\/wp-json\/wp\/v2\/categories?post=35960"},{"taxonomy":"post_tag","embeddable":true,"href":"https:\/\/seedfreedom.info\/de\/wp-json\/wp\/v2\/tags?post=35960"}],"curies":[{"name":"wp","href":"https:\/\/api.w.org\/{rel}","templated":true}]}}