 {"id":38865,"date":"2016-02-16T23:34:46","date_gmt":"2016-02-16T22:34:46","guid":{"rendered":"http:\/\/seedfreedom.info\/?page_id=38865"},"modified":"2016-02-16T23:34:46","modified_gmt":"2016-02-16T22:34:46","slug":"erklarung-zur-saatgutfreiheit","status":"publish","type":"page","link":"https:\/\/seedfreedom.info\/de\/erklarung-zur-saatgutfreiheit\/","title":{"rendered":"Erkl\u00e4rung zur Saatgutfreiheit"},"content":{"rendered":"<div style=\"background: url('http:\/\/seedfreedom.info\/wp-content\/uploads\/2014\/09\/pergamena.png') top center no-repeat; width: 100%; height: 850px; padding: 350px 0px;\">\n<ol class=\"seriftype\" style=\"width: 700px; margin: auto; text-align: justify;\">\n<li>Saatgut ist die Quelle des Lebens und Ausdruck des Lebens selbst, das sich mit Saatgut st\u00e4ndig erneuert, vermehrt und in Freiheit entwickelt.<\/li>\n<li>Saatgut verk\u00f6rpert die bio-kulturelle Vielfalt.Es besteht aus Millionen von Jahren biologischer und kultureller Evolution in der Vergangenheit, und der M\u00f6glichkeit von vielen Jahrtausenden der Entfaltung in der Zukunft.<\/li>\n<li>Die Freiheit von Saaten ist das Geburtsrecht jeder Lebensform und die Basis f\u00fcr den Schutz der Artenvielfalt.<\/li>\n<li>Saatgutfreiheit ist das angestammte Recht jedes Bauern und Erzeugers von Lebensmitteln. Das Recht der Bauern, Saatgut zu erhalten, auszutauschen, weiter zu entwickeln, zu z\u00fcchten und zu verkaufen, ist Kern der Saatgutfreiheit. Wenn diese Freiheit weggenommen wird, droht die Verschuldung und in extremen F\u00e4llen Selbstmord.<\/li>\n<li>Saatgutfreiheit ist die Grundlage f\u00fcr die Freiheit der Lebensmittel, denn die Samen sind<br \/>\ndas erste Glied in der Nahrungsmittelkette.<\/li>\n<li>Saatgutfreiheit wird von Patenten bedroht, die zu Monopolen f\u00fchren, und es zu einem Verbrechen machen, wenn Farmer Saat erhalten und tauschen. Patente auf Saatgut sind ethisch und \u00f6kologisch ungerecht, weil sie exklusive Rechte f\u00fcr eine so genannte Erfindung geben. Saat ist keine Erfindung. Leben ist keine Erfindung. <\/li>\n<li>Saatgutfreiheit von den verschiedensten Kulturen und Regionen ist bedroht durch Bio-Piraterie und der Patentierung von traditionellem Wissen und Vielfalt, die keine Erfindung sondern Diebstahl.<\/li>\n<li>Saatgutfreiheit wird bedroht durch gentechnisch ver\u00e4nderte Samen, die unsere Felder verseuchen und die Option f\u00fcr gentechnisch freie Lebensmittel unm\u00f6glich macht. Die Freiheit von Bauern ist auch bedroht, wenn sie nach der Verunreinigung ihrer Felder von den Konzernen verklagt werden wegen &#8220;Diebstahl von Eigentum&#8221;. <\/li>\n<li>Saatgutfreiheit wird  bedroht durch die bewusste Ver\u00e4nderung von Saatgut von einer sich st\u00e4ndig selbst erneuernden Ressource zu einer nicht erneuerbaren, patentierten Handelsware. Der extremste Fall von nicht erneuerbarem Saatgut ist die &#8220;Terminator-Technik&#8221;, die mit dem Ziel entwickelt wurde, nicht vermehrungsf\u00e4higes Saatgut zu erzeugen.<\/li>\n<li>Wir verpflichten uns, Saatgutfreiheit zu verteidigen, um den vielen Arten das Recht zu erhalten, sich weiter zu entwickeln. Wir verteidigen die Freiheit der Menschen und Gemeinschaften, selbst vermehrbare Saatgutquellen als Gemeingut zu erhalten.<\/li>\n<\/ol>\n<div class=\"seriftype\" style=\"font-style: italic; width: 600px; margin: auto; text-align: center; font-size: 17px; font-weight: bold; margin-top: 50px;\">Um all dies zu erreichen, werden wir Saatgut erhalten. Wir werden Saatgutbanken im Gemeinschaftsbesitz aufbauen. Wir werden kein Gesetz anerkennen, das ungerechterweise Saatgut zum Besitz von Konzernen macht. Wir werden uns f\u00fcr das Ende von Patenten auf Saatgut einsetzen.<\/div>\n<div style=\"text-align: center; padding-top: 20px; width: 600px; margin: auto;\">\n<h4 class=\"signup\" style=\"text-align: center; float: left;\"><img data-recalc-dims=\"1\" decoding=\"async\" style=\"height: 60px;\" src=\"https:\/\/i0.wp.com\/seedfreedom.in\/wp-content\/uploads\/2012\/06\/profile_img5.png?w=940\" alt=\"\" \/> <strong><a class=\"signup\" href=\"http:\/\/seedfreedom.in\/sign.html?iframe=true&amp;width=450&amp;height=480\" rel=\"prettyPhoto[iframes]\">Hier unterzeichnenen<\/a><\/strong> <strong><script>\/\/ <![CDATA[\n\/\/ < ![CDATA[\n\/\/ < ![CDATA[ \t\tjQuery(function($){ \t\t\t$(\".signup\").colorbox({iframe:true, innerWidth:\"420px\", opacity:\"0.5\", innerHeight:\"450px\", href:\"http:\/\/seedfreedom.in\/sign.html\" }); \t\t});\n\/\/ ]]><\/script><\/strong><\/h4>\n<h4 style=\"text-align: center; float: right;\"><strong><img data-recalc-dims=\"1\" decoding=\"async\" style=\"height: 60px;\" src=\"https:\/\/i0.wp.com\/seedfreedom.in\/wp-content\/uploads\/2012\/06\/profile_img7.png?w=940\" alt=\"\" \/><\/strong> <strong> <a href=\"http:\/\/seedfreedom.in\/wp-content\/uploads\/2012\/06\/declaration.pdf\">Click here to download a PDF [English]<\/a><\/strong><\/h4>\n<h4 class=\"clear\"><\/h4>\n<\/div>\n<div style=\"padding-left: 270px; z-index: 999; width: 700px; margin: auto; text-align: center; padding-top: 20px;\"><a class=\"twitter-share-button\" href=\"https:\/\/twitter.com\/share\">Tweet<\/a><script>\/\/ <![CDATA[\n\/\/ < ![CDATA[\n\/\/ < ![CDATA[\n\/\/ < ![CDATA[\n\/\/ < ![CDATA[\n\/\/ < ![CDATA[\n\/\/ < ![CDATA[ !function(d,s,id){var js,fjs=d.getElementsByTagName(s)[0];if(!d.getElementById(id)){js=d.createElement(s);js.id=id;js.src=\"\/\/platform.twitter.com\/widgets.js\";fjs.parentNode.insertBefore(js,fjs);}}(document,\"script\",\"twitter-wjs\");\n\/\/ ]]><\/script><!-- Place this tag where you want the +1 button to render --><!-- Place this render call where appropriate --><script>\/\/ <![CDATA[\n\/\/ < ![CDATA[\n\/\/ < ![CDATA[\n\/\/ < ![CDATA[\n\/\/ < ![CDATA[\n\/\/ < ![CDATA[\n\/\/ < ![CDATA[   (function() {     var po = document.createElement('script'); po.type = 'text\/javascript'; po.async = true;     po.src = 'https:\/\/apis.google.com\/js\/plusone.js';     var s = document.getElementsByTagName('script')[0]; s.parentNode.insertBefore(po, s);   })();\n\/\/ ]]><\/script><\/p>\n<div class=\"fb-like\" style=\"top: -5px;\" data-href=\"http:\/\/www.seedfreedom.in\/declaration\/\" data-send=\"true\" data-width=\"450\" data-show-faces=\"true\"><\/div>\n<\/div>\n<\/div>\n<h4>The Declaration on Seed Freedom in other languages (not yet displayed here) is available at the following link: <a href=\"http:\/\/seedfreedomfortnight.blogspot.it\/2012\/09\/english.html\" target=\"_blank\">http:\/\/seedfreedomfortnight.blogspot.it\/2012\/09\/english.html<\/a><\/h4>\n<hr \/>\n<h4>Thank you for signing the Declaration.<\/h4>\n<ul>\n<li>\n<h4>For Organisations\/Movements\/Associations &#8211; Join the <a href=\"http:\/\/seedfreedom.info\/global-movement-for-seed-freedom-our-resolve-our-commitment\/\" target=\"_blank\">Global Movement for Seed Freedom<\/a>: send us\u00a0your logo with website and contact details by filling the form <strong><a href=\"http:\/\/seedfreedom.info\/join-the-global-movement-for-seed-freedom\/\" target=\"_blank\">at this link<\/a><\/strong>.<\/h4>\n<\/li>\n<\/ul>\n<ul>\n<li>\n<h4>Please keep adding your actions &amp; events to the Seed Freedom Calendar.<\/h4>\n<ul>\n<li>\n<h4>Fill Event Formular: <a href=\"http:\/\/seedfreedom.info\/events\/submit-your-event\/\" target=\"_blank\">http:\/\/seedfreedom.info\/events\/submit-your-event\/<\/a><\/h4>\n<\/li>\n<li>\n<h4>For Events near you see: <a href=\"http:\/\/seedfreedom.info\/events\/\" target=\"_blank\">http:\/\/seedfreedom.info\/events\/<\/a><\/h4>\n<\/li>\n<\/ul>\n<\/li>\n<li dir=\"ltr\">\n<h4 dir=\"ltr\">Subscribe to Seed Freedom News &amp; Updates: <a href=\"http:\/\/seedfreedom.info\/newsletter\/\" target=\"_blank\">http:\/\/seedfreedom.info\/newsletter\/<\/a><\/h4>\n<\/li>\n<\/ul>\n","protected":false},"excerpt":{"rendered":"<p>Saatgut ist die Quelle des Lebens und Ausdruck des Lebens selbst, das sich mit Saatgut st\u00e4ndig erneuert, vermehrt und in [&hellip;]<\/p>\n","protected":false},"author":3,"featured_media":31595,"parent":0,"menu_order":0,"comment_status":"closed","ping_status":"closed","template":"","meta":{"_monsterinsights_skip_tracking":false,"_monsterinsights_sitenote_active":false,"_monsterinsights_sitenote_note":"","_monsterinsights_sitenote_category":0,"footnotes":""},"categories":[566],"tags":[564],"class_list":["post-38865","page","type-page","status-publish","has-post-thumbnail","hentry","category-neuesten-nachrichten","tag-saatgut"],"jetpack_shortlink":"https:\/\/wp.me\/P5eZaH-a6R","jetpack_sharing_enabled":true,"_links":{"self":[{"href":"https:\/\/seedfreedom.info\/de\/wp-json\/wp\/v2\/pages\/38865","targetHints":{"allow":["GET"]}}],"collection":[{"href":"https:\/\/seedfreedom.info\/de\/wp-json\/wp\/v2\/pages"}],"about":[{"href":"https:\/\/seedfreedom.info\/de\/wp-json\/wp\/v2\/types\/page"}],"author":[{"embeddable":true,"href":"https:\/\/seedfreedom.info\/de\/wp-json\/wp\/v2\/users\/3"}],"replies":[{"embeddable":true,"href":"https:\/\/seedfreedom.info\/de\/wp-json\/wp\/v2\/comments?post=38865"}],"version-history":[{"count":5,"href":"https:\/\/seedfreedom.info\/de\/wp-json\/wp\/v2\/pages\/38865\/revisions"}],"predecessor-version":[{"id":38870,"href":"https:\/\/seedfreedom.info\/de\/wp-json\/wp\/v2\/pages\/38865\/revisions\/38870"}],"wp:featuredmedia":[{"embeddable":true,"href":"https:\/\/seedfreedom.info\/de\/wp-json\/wp\/v2\/media\/31595"}],"wp:attachment":[{"href":"https:\/\/seedfreedom.info\/de\/wp-json\/wp\/v2\/media?parent=38865"}],"wp:term":[{"taxonomy":"category","embeddable":true,"href":"https:\/\/seedfreedom.info\/de\/wp-json\/wp\/v2\/categories?post=38865"},{"taxonomy":"post_tag","embeddable":true,"href":"https:\/\/seedfreedom.info\/de\/wp-json\/wp\/v2\/tags?post=38865"}],"curies":[{"name":"wp","href":"https:\/\/api.w.org\/{rel}","templated":true}]}}