 {"id":46835,"date":"2017-10-15T17:28:24","date_gmt":"2017-10-15T15:28:24","guid":{"rendered":"http:\/\/seedfreedom.info\/de\/?page_id=46835"},"modified":"2017-10-15T18:01:42","modified_gmt":"2017-10-15T16:01:42","slug":"ernaehrung-und-landwirtschaft-ohne-gifte","status":"publish","type":"page","link":"https:\/\/seedfreedom.info\/de\/ernaehrung-und-landwirtschaft-ohne-gifte\/","title":{"rendered":"Verpflichtung zu einer Ern\u00e4hrung und Landwirtschaft ohne Gifte"},"content":{"rendered":"<div style=\"float: left; text-align: justify; width: 47%;\">\n<h4><strong>Kn\u00fcpfen wir ein Netzwerk giftfreier Ern\u00e4hrung und Landwirtschaft, um die Biodiversit\u00e4t durch biologischen Anbau zu regenerieren!<\/strong><\/h4>\n<p>Seit einem Jahrhundert f\u00fchrt das heutige \u201cGift-Kartell\u201d einen Krieg gegen das Leben auf der Erde, gegen verschiedene Arten, gegen das Land, gegen die Bauern und die Gesellschaft, gegen unseren K\u00f6rper und unsere Gesundheit, gegen stabile Klimasysteme, gegen das Wissen, die Wissenschaft und die Wissenschaftler und gegen Demokratie und Freiheit. Wenn wir diesen toxischen Weg fortsetzen, k\u00f6nnte es das letzte Jahrhundert menschlichen Lebens auf der Erde sein.<\/p>\n<p>Dieses \u201cGift-Kartell\u201d treibt nun das sechste Massensterben von Pflanzen- und Tierarten voran, die die Grundlage unserer Nahrungsmittelversorgung bilden. Die industrielle Landwirtschaft, die v\u00f6llig auf Gifteinsatz basiert, ist der Hauptmotor f\u00fcr das Artensterben vieler V\u00f6gel und Best\u00e4uber, vieler Urw\u00e4lder und der Mikroorganismen der B\u00f6den, ebenso wie der lebenswichtigen Organismen in unserer Darmflora. Industrielle Monokulturen haben die Vielfalt der Pflanzensorten, die wir immer schon traditionell angebaut und gegessen haben, verschwinden lassen. Die Bienen und Insekten, die unsere Pflanzen best\u00e4uben, sind extrem durch jene Pestizide gef\u00e4hrdet, die GVO-Pflanzen \u00fcber ihren DNA-Code st\u00e4ndig produzieren, welche 90% der Monarchfalter-Population ausgel\u00f6scht haben. Die auf fossilen Brennstoffen beruhende toxische Landwirtschaft ist auch f\u00fcr 50% der Treibhausgase verantwortlich, die zum Klimawandel f\u00fchren.<\/p>\n<p>Trotz der fundamentalen Bedeutung f\u00fcr das menschliche \u00dcberleben, geht die landwirtschaftliche Sortenvielfalt mit einer beunruhigenden Geschwindigkeit verloren. Biodiversit\u00e4t ist entscheidend wichtig, um die fortw\u00e4hrende nat\u00fcrliche Weiterentwicklung und damit die Anpassungsf\u00e4higkeit zu erm\u00f6glichen. Diese Vielfalt wurde \u00fcber Tausende von Generationen hinweg entwickelt und es ist unsere Pflicht, diese f\u00fcr die Zukunft zu sichern. Landwirtschaft mit giftigen Chemikalien bedeutet Verschuldung und Vertreibung von Bauern und Kleinbauern, was zu einer beispiellosen Epidemie von Todesopfern und Selbstmorden in Indien sowie zu den Fl\u00fcchtlingskrisen aus Afrika, Syrien und anderen gef\u00e4hrdeten L\u00e4ndern f\u00fchrt.<\/p>\n<p>Die Forschung zeigt, dass die Gifte in unserer Nahrung und Umwelt die Entwicklung unserer Kinder beeintr\u00e4chtigen. Es treten verst\u00e4rkt auf: niedrigere IQs, ADHS, Autismus-Spektrums-St\u00f6rungen, mangelnde k\u00f6rperliche Koordination, Verlust der Temperaments\/Aggressions-Kontrollf\u00e4higkeit, bipolar\/schizophrene Krankheitsbilder, Depression und Fettleibigkeit im Kindesalter. Die Forschung zeigt auch, dass diese Gifte f\u00fcr die Epidemie von nicht ansteckenden chronischen Krankheiten verantwortlich sind, wie Leber- und Nierensch\u00e4den, Fortpflanzungsprobleme, Geburtsfehler, Krebs, Entwicklungsneurotoxizit\u00e4t, endokrine und Stoffwechsel-St\u00f6rungen sowie epigenetische Mutationen.<\/p>\n<p>Produkte und Technologien des \u201cGift-Kartells\u201d sind Werkzeuge der Gewalt, der Zerst\u00f6rung und des Todes.<br \/>\nDie Agrar\u00f6kologie und die Regenerative Biologische Landwirtschaft hingegen bieten eine F\u00fclle an Nahrung und N\u00e4hrstoffen, und sind zugleich L\u00f6sungen f\u00fcr die Klimakrise. Sie sind in der Lage den gegenw\u00e4rtigen Sog in Richtung des sechsten Massensterbens, einschlie\u00dflich des Aussterbens unserer eigenen Spezies, zu stoppen.<\/p>\n<p>Gandhi erkannte und mahnte schon l\u00e4ngst, dass die Erde genug f\u00fcr die Bed\u00fcrfnisse aller bereitstellen kann, jedoch nicht f\u00fcr die Gier einiger weniger Menschen. An Gandhis Geburtstag, dem Internationalen Tag der Gewaltfreiheit, wollen wir uns gemeinsam dazu verpflichten, individuell und gemeinschaftlich in unseren Gemeinden, \u00f6kologische Lebensmittel ohne Gifte anzubauen und zu essen, um unsere Gesundheit und die aller anderen Arten zu sch\u00fctzen.<\/p>\n<\/div>\n<div style=\"float: right; text-align: justify; width: 47%;\"><\/div>\n<div style=\"clear: both;\"><\/div>\n<p>Dies ist die Nahrung, die die Menschheit als Grundlage f\u00fcr ihr weiteres Verweilen auf der Erde ben\u00f6tigt.<br \/>\nDer Wechsel, heraus aus dem gierigen und gewaltt\u00e4tigen Paradigma und hin zum kooperativen und nicht gewaltt\u00e4tigen Denken und Leben, ist heutzutage das \u00dcberlebens-Imperativ.<\/p>\n<p><strong>Lasst uns ein Netzwerk von giftfreien Fl\u00e4chen schaffen, wo biologische Landwirtschaft Biodiversit\u00e4t, B\u00f6den und Gew\u00e4sser regenerieren kann. Dies schafft Widerstandsf\u00e4higkeit und Klimastabilit\u00e4t, und damit Schutz f\u00fcr Gesundheit und Wohlergehen unserer Kinder und aller Lebensformen auf unserer Erde. <\/strong><\/p>\n<p><strong>Durch Nahrung und Landwirtschaft ohne Gifte s\u00e4en wir die Samen f\u00fcr eine bessere Zukunft und die Zukunft aller Lebewesen auf unserer wunderbaren, lebendigen und gro\u00dfz\u00fcgigen Erde.<\/strong><\/p>\n<p><small><em>Translation kindly provided by Olivia Tawiah, <a href=\"https:\/\/www.facebook.com\/MarchAgainstMonsantoDuesseldorf\" target=\"_blank\">March Against Monsanto D\u00fcsseldorf<\/a><\/em><\/small><\/p>\n<hr \/>\n<h4><span style=\"color: #993366;\"><strong><a style=\"color: #993366;\" href=\"http:\/\/seedfreedom.info\/wp-content\/uploads\/2017\/10\/Poison-Free-Pledge-Leaflet.pdf\" target=\"_blank\">Download Leaflet<\/a> \u2014 <a style=\"color: #993366;\" href=\"http:\/\/seedfreedom.info\/wp-content\/uploads\/2017\/10\/POSTCARD-A8.png\" target=\"_blank\">Download Postcard\u00a0 <\/a><\/strong><\/span><\/h4>\n<p style=\"text-align: right;\"><a href=\"http:\/\/seedfreedom.info\/contact-us\/\" target=\"_blank\">Contact us<\/a><\/p>\n<hr \/>\n<p>Related Campaign<\/p>\n<p><a href=\"https:\/\/i0.wp.com\/seedfreedom.info\/wp-content\/uploads\/2017\/10\/tw-BACKGROUND-fatto-3-1100.jpg\"><img data-recalc-dims=\"1\" loading=\"lazy\" decoding=\"async\" class=\"alignnone size-medium wp-image-46694\" src=\"https:\/\/i0.wp.com\/seedfreedom.info\/wp-content\/uploads\/2017\/10\/tw-BACKGROUND-fatto-3-1100-300x150.jpg?resize=300%2C150\" alt=\"tw BACKGROUND fatto 3 1100\" width=\"300\" height=\"150\" srcset=\"https:\/\/i0.wp.com\/seedfreedom.info\/wp-content\/uploads\/2017\/10\/tw-BACKGROUND-fatto-3-1100.jpg?resize=300%2C150&amp;ssl=1 300w, https:\/\/i0.wp.com\/seedfreedom.info\/wp-content\/uploads\/2017\/10\/tw-BACKGROUND-fatto-3-1100.jpg?resize=768%2C384&amp;ssl=1 768w, https:\/\/i0.wp.com\/seedfreedom.info\/wp-content\/uploads\/2017\/10\/tw-BACKGROUND-fatto-3-1100.jpg?resize=1024%2C512&amp;ssl=1 1024w, https:\/\/i0.wp.com\/seedfreedom.info\/wp-content\/uploads\/2017\/10\/tw-BACKGROUND-fatto-3-1100.jpg?resize=280%2C140&amp;ssl=1 280w, https:\/\/i0.wp.com\/seedfreedom.info\/wp-content\/uploads\/2017\/10\/tw-BACKGROUND-fatto-3-1100.jpg?w=1100&amp;ssl=1 1100w\" sizes=\"auto, (max-width: 300px) 100vw, 300px\" \/><\/a><\/p>\n<h4><a href=\"http:\/\/seedfreedom.info\/campaign\/poison-free-food-and-farming\/\"><strong>Poison-free Food and Farming<\/strong><\/a><\/h4>\n<hr \/>\n<p><strong>Also read:<\/strong><\/p>\n<p><strong>Reports<\/strong><\/p>\n<h4 class=\"title\"><strong><a href=\"http:\/\/seedfreedom.info\/launch-toxic-story-of-roundup\/\">The Toxic Story of RoundUp: Freedom from the Poison Cartel through Agroecology<\/a><\/strong><\/h4>\n<hr \/>\n<h4 class=\"title\"><strong><a href=\"http:\/\/seedfreedom.info\/new-report-seeds-of-hope-seeds-of-resilience\/\" target=\"_blank\">Seeds of Hope, Seeds of Resilience: How Biodiversity and Agroecology offer Solutions to Climate Change by Growing Living Carbon<\/a><\/strong><\/h4>\n<hr \/>\n<h4><strong><a href=\"http:\/\/seedfreedom.info\/launch-of-the-report-poison-is-served\/\">\u201cPoisons in our Plate\u201d \u2013 Glyphosate and Other poisons from field to table<\/a><\/strong><\/h4>\n<hr \/>\n<p><strong>Articles<\/strong><\/p>\n<h4><strong><a href=\"http:\/\/seedfreedom.info\/all-the-false-myths-about-pesticides\/\">All the false myths about pesticides. Here\u2019s what you need to know<\/a><\/strong><\/h4>\n<p>By Ruchi Shroff \u2013 LifeGate, 18 September 2017<\/p>\n<h4><strong><a href=\"http:\/\/seedfreedom.info\/food-and-farming-two-futures\/\">Food and farming: Two futures<\/a><\/strong><\/h4>\n<p>By Dr. Vandana Shiva \u2013 The Asian Age, 12 July 2017<\/p>\n<hr \/>\n<p><strong>Events and Actions<\/strong><\/p>\n<h4><strong><a href=\"http:\/\/seedfreedom.info\/bhoomi-2017-listening-to-the-mountains-highlights\/\">Bhoomi 2017: Listening to the Mountains<\/a><\/strong><\/h4>\n<p>Poison Free Food and Farming Pledge Launch &#8211; New Delhi, 1st October 2017<\/p>\n<h4><strong><a href=\"http:\/\/seedfreedom.info\/conference-poisons-at-the-door\/\">Conference: Poisons at the Door<\/a><\/strong><\/h4>\n<p>Rome, 10 July 2017<\/p>\n","protected":false},"excerpt":{"rendered":"<p>Kn\u00fcpfen wir ein Netzwerk giftfreier Ern\u00e4hrung und Landwirtschaft, um die Biodiversit\u00e4t durch biologischen Anbau zu regenerieren! Seit einem Jahrhundert f\u00fchrt [&hellip;]<\/p>\n","protected":false},"author":3,"featured_media":46681,"parent":0,"menu_order":0,"comment_status":"closed","ping_status":"closed","template":"","meta":{"_monsterinsights_skip_tracking":false,"_monsterinsights_sitenote_active":false,"_monsterinsights_sitenote_note":"","_monsterinsights_sitenote_category":0,"footnotes":""},"categories":[566],"tags":[611,612,564],"class_list":["post-46835","page","type-page","status-publish","has-post-thumbnail","hentry","category-neuesten-nachrichten","tag-erde","tag-nahrung","tag-saatgut"],"jetpack_shortlink":"https:\/\/wp.me\/P5eZaH-cbp","jetpack_sharing_enabled":true,"_links":{"self":[{"href":"https:\/\/seedfreedom.info\/de\/wp-json\/wp\/v2\/pages\/46835","targetHints":{"allow":["GET"]}}],"collection":[{"href":"https:\/\/seedfreedom.info\/de\/wp-json\/wp\/v2\/pages"}],"about":[{"href":"https:\/\/seedfreedom.info\/de\/wp-json\/wp\/v2\/types\/page"}],"author":[{"embeddable":true,"href":"https:\/\/seedfreedom.info\/de\/wp-json\/wp\/v2\/users\/3"}],"replies":[{"embeddable":true,"href":"https:\/\/seedfreedom.info\/de\/wp-json\/wp\/v2\/comments?post=46835"}],"version-history":[{"count":5,"href":"https:\/\/seedfreedom.info\/de\/wp-json\/wp\/v2\/pages\/46835\/revisions"}],"predecessor-version":[{"id":46847,"href":"https:\/\/seedfreedom.info\/de\/wp-json\/wp\/v2\/pages\/46835\/revisions\/46847"}],"wp:featuredmedia":[{"embeddable":true,"href":"https:\/\/seedfreedom.info\/de\/wp-json\/wp\/v2\/media\/46681"}],"wp:attachment":[{"href":"https:\/\/seedfreedom.info\/de\/wp-json\/wp\/v2\/media?parent=46835"}],"wp:term":[{"taxonomy":"category","embeddable":true,"href":"https:\/\/seedfreedom.info\/de\/wp-json\/wp\/v2\/categories?post=46835"},{"taxonomy":"post_tag","embeddable":true,"href":"https:\/\/seedfreedom.info\/de\/wp-json\/wp\/v2\/tags?post=46835"}],"curies":[{"name":"wp","href":"https:\/\/api.w.org\/{rel}","templated":true}]}}