 {"id":31180,"date":"2014-12-02T18:53:34","date_gmt":"2014-12-02T16:53:34","guid":{"rendered":"http:\/\/seedfreedom.info\/?page_id=31180"},"modified":"2014-12-02T19:15:45","modified_gmt":"2014-12-02T17:15:45","slug":"declaratoria-libertad-de-la-semilla","status":"publish","type":"page","link":"https:\/\/seedfreedom.info\/es\/declaratoria-libertad-de-la-semilla\/","title":{"rendered":"Declaratoria &#8211; Libertad de la Semilla"},"content":{"rendered":"<div style=\"background: url('http:\/\/seedfreedom.info\/wp-content\/uploads\/2014\/09\/pergamena.png') top center no-repeat; width: 100%; height: 850px; padding: 350px 0px;\">\n<ol class=\"seriftype\" style=\"width: 700px; margin: auto; text-align: justify;\">\n<li>La semilla es la fuente de la vida, es el impulso de la vida por expresarse, por renovarse, por multiplicarse, por evolucionar en perpetuidad siendo libre.<\/li>\n<li>La semilla es la encarnaci\u00f3n de la diversidad bio-cultural. Contiene millones de a\u00f1os de evoluci\u00f3n biol\u00f3gica y cultural del pasado, y el potencial de milenios para un futuro desdoblamiento.<\/li>\n<li>La Libertad de las Semillas es el derecho innato de toda forma de vida y es la base para la protecci\u00f3n de la biodiversidad.<\/li>\n<li>La Libertad de las Semillas es el derecho innato de todo agricultor y productor de alimentos. Los derechos del agricultor de guardar, intercambiar, evolucionar, cruzar, vender semillas, yace en el centro de la Libertad de las Semillas. Cuando esta libertad se elimina, los agricultores quedan atrapados en deudas, y en casos extremos se suicidan.<\/li>\n<li>La Libertad de las Semillas es la base de la Libertad Alimentaria, ya que la semilla es el primer eslab\u00f3n en la cadena alimentaria.<\/li>\n<li>La Libertad de las Semillas se ve amenazada por las patentes de semillas, las cuales generan monopolios de semillas y hacen ilegal que los agricultores guarden e intercambien sus semillas. Las patentes de semillas son injustas \u00e9tica y ecol\u00f3gicamente, porque las patentes son derechos exclusivos otorgados para un invento. La semilla no es un invento. La vida no es un invento.<\/li>\n<li>La Libertad de las Semillas de varias culturas esta siendo amenazada por la bio-pirater\u00eda y las patentes de conocimientos ind\u00edgenas y la biodiversidad. La bio-pirater\u00eda no es una innovaci\u00f3n, es robo.<\/li>\n<li>La Libertad de las Semillas es amenazada por las semillas productos de alteraciones en su gen\u00e9tica, las cuales estan contaminando nuestras fincas, as\u00ed cerrando la opcion de alimentos libres de transgenicos para todos. La Libertad de las Semillas de los agricultores es amenazada cuando, despu\u00e9s de contaminar nuestros cultivos, las empresas le enjuician al agricultor por \u201crobar su propiedad\u201d.<\/li>\n<li>La Libertad de las Semillas es amenazada por la deliberada transformaci\u00f3n de la semilla de ser un recurso auto-generador a una comodity patentada y no-renovable. El caso mas extremo de semillas no-renovables es la \u2018tecnolog\u00eda terminator\u2019, desarrollada con la meta de producir semilla esteril.<\/li>\n<li>Nos comprometemos a defender la libertad de las semillas por ser la libertad que tienen las diversas especies a evolucionar; igual que la libertad que tienen las comunidades humanas a reclamar la semilla de libre acceso como un bien com\u00fan.<\/li>\n<\/ol>\n<div class=\"seriftype\" style=\"font-style: italic; width: 600px; margin: auto; text-align: center; font-size: 17px; font-weight: bold; margin-top: 50px;\">Para este fin, guardaremos la semilla, crearemos bancos comunitarios de semillas y bibliotecas de semillas, no reconoceremos ninguna ley que de manera ileg\u00edtima haga de las semillas propiedad privada de empresas. Rechazaremos las patentes de las semillas.<\/div>\n<div style=\"text-align: center; padding-top: 20px; width: 600px; margin: auto;\">\n<p class=\"signup\" style=\"text-align: center; float: left;\"><img data-recalc-dims=\"1\" decoding=\"async\" style=\"height: 60px;\" src=\"https:\/\/i0.wp.com\/seedfreedom.in\/wp-content\/uploads\/2012\/06\/profile_img5.png?w=940\" alt=\"\" \/><br \/>\n<strong><a class=\"signup\" href=\"http:\/\/seedfreedom.in\/sign.html?iframe=true&amp;width=450&amp;height=480\" rel=\"prettyPhoto[iframes]\">H<span id=\"result_box\" class=\"short_text\" lang=\"es\" tabindex=\"-1\"><span class=\"hps\">aga clic<\/span> <span class=\"hps\">aqu\u00ed para<\/span> <span class=\"hps\">firmar la declaraci\u00f3n<\/span><\/span><\/a><\/strong><br \/>\n<strong><script>\/\/ <![CDATA[\n\/\/ < ![CDATA[\n\/\/ < ![CDATA[ \t\tjQuery(function($){ \t\t\t$(\".signup\").colorbox({iframe:true, innerWidth:\"420px\", opacity:\"0.5\", innerHeight:\"450px\", href:\"http:\/\/seedfreedom.in\/sign.html\" }); \t\t});\n\/\/ ]]><\/script><\/strong><\/p>\n<p style=\"text-align: center; float: right;\"><strong><img data-recalc-dims=\"1\" decoding=\"async\" style=\"height: 60px;\" src=\"https:\/\/i0.wp.com\/seedfreedom.in\/wp-content\/uploads\/2012\/06\/profile_img7.png?w=940\" alt=\"\" \/><\/strong><br \/>\n<a href=\"http:\/\/seedfreedom.in\/wp-content\/uploads\/2012\/06\/declaration.pdf\">H<span id=\"result_box\" class=\"short_text\" lang=\"es\" tabindex=\"-1\"><span class=\"hps\">aga clic<\/span> <span class=\"hps\">aqu\u00ed para<\/span> <span class=\"hps\">descargar el<\/span> <span class=\"hps\">pdf [i<span id=\"result_box\" class=\"short_text\" lang=\"es\" tabindex=\"-1\"><span class=\"hps\">ngl\u00e9s<\/span><\/span>l<\/span><\/span><\/a><\/p>\n<h4 class=\"clear\"><\/h4>\n<\/div>\n<div style=\"padding-left: 270px; z-index: 999; width: 700px; margin: auto; text-align: center; padding-top: 20px;\">\n<p><a class=\"twitter-share-button\" href=\"https:\/\/twitter.com\/share\">Tweet<\/a><script>\/\/ <![CDATA[\n\/\/ < ![CDATA[\n\/\/ < ![CDATA[\n\/\/ < ![CDATA[\n\/\/ < ![CDATA[\n\/\/ < ![CDATA[\n\/\/ < ![CDATA[ !function(d,s,id){var js,fjs=d.getElementsByTagName(s)[0];if(!d.getElementById(id)){js=d.createElement(s);js.id=id;js.src=\"\/\/platform.twitter.com\/widgets.js\";fjs.parentNode.insertBefore(js,fjs);}}(document,\"script\",\"twitter-wjs\");\n\/\/ ]]><\/script><!-- Place this tag where you want the +1 button to render --><!-- Place this render call where appropriate --><script>\/\/ <![CDATA[\n\/\/ < ![CDATA[\n\/\/ < ![CDATA[\n\/\/ < ![CDATA[\n\/\/ < ![CDATA[\n\/\/ < ![CDATA[\n\/\/ < ![CDATA[   (function() {     var po = document.createElement('script'); po.type = 'text\/javascript'; po.async = true;     po.src = 'https:\/\/apis.google.com\/js\/plusone.js';     var s = document.getElementsByTagName('script')[0]; s.parentNode.insertBefore(po, s);   })();\n\/\/ ]]><\/script><\/p>\n<div class=\"fb-like\" style=\"top: -5px;\" data-href=\"http:\/\/www.seedfreedom.in\/declaration\/\" data-send=\"true\" data-width=\"450\" data-show-faces=\"true\"><\/div>\n<\/div>\n<\/div>\n<h5>Translation kindly provided by \u00a0Luc\u00eda Gallardo<\/h5>\n<p>&nbsp;<\/p>\n<h4>Thank you for signing the Declaration.<\/h4>\n<ul>\n<li>\n<h4>For Organisations\/Groups\/Associations &#8211; Join the <a href=\"http:\/\/seedfreedom.info\/global-citizens-alliance-for-seed-freedom-our-resolve-our-commitment\/\" target=\"_blank\">Global Citizens&#8217; Alliance for Seed Freedom<\/a>:<br \/>\nsend us\u00a0your logo with website and contact details by filling the form <a href=\"http:\/\/seedfreedom.info\/join-the-global-alliance-for-seed-freedom\/\" target=\"_blank\">at this link<\/a>.<\/h4>\n<\/li>\n<\/ul>\n<ul>\n<li>\n<h4>Please keep adding your actions &amp; events to the Seed Freedom Calendar.<\/h4>\n<ul>\n<li>\n<h4>Fill Event Formular: <a href=\"http:\/\/seedfreedom.info\/events\/submit-your-event\/\" target=\"_blank\">http:\/\/seedfreedom.info\/events\/submit-your-event\/<\/a><\/h4>\n<\/li>\n<li>\n<h4>For Events near you see: <a href=\"http:\/\/seedfreedom.info\/events\/\" target=\"_blank\">http:\/\/seedfreedom.info\/events\/<\/a><\/h4>\n<\/li>\n<\/ul>\n<\/li>\n<li dir=\"ltr\">\n<h4 dir=\"ltr\">Subscribe to Seed Freedom News &amp; Updates: <a href=\"http:\/\/seedfreedom.info\/newsletter\/\" target=\"_blank\">http:\/\/seedfreedom.info\/newsletter\/<\/a><\/h4>\n<\/li>\n<\/ul>\n","protected":false},"excerpt":{"rendered":"<p>La semilla es la fuente de la vida, es el impulso de la vida por expresarse, por renovarse, por multiplicarse, [&hellip;]<\/p>\n","protected":false},"author":3,"featured_media":0,"parent":0,"menu_order":0,"comment_status":"closed","ping_status":"closed","template":"","meta":{"_monsterinsights_skip_tracking":false,"_monsterinsights_sitenote_active":false,"_monsterinsights_sitenote_note":"","_monsterinsights_sitenote_category":0,"footnotes":""},"categories":[674,572],"tags":[573],"class_list":["post-31180","page","type-page","status-publish","hentry","category-semillas-de-libertad-en-la-accion","category-ultimas-noticias","tag-semilla"],"jetpack_shortlink":"https:\/\/wp.me\/P5eZaH-86U","jetpack_sharing_enabled":true,"_links":{"self":[{"href":"https:\/\/seedfreedom.info\/es\/wp-json\/wp\/v2\/pages\/31180","targetHints":{"allow":["GET"]}}],"collection":[{"href":"https:\/\/seedfreedom.info\/es\/wp-json\/wp\/v2\/pages"}],"about":[{"href":"https:\/\/seedfreedom.info\/es\/wp-json\/wp\/v2\/types\/page"}],"author":[{"embeddable":true,"href":"https:\/\/seedfreedom.info\/es\/wp-json\/wp\/v2\/users\/3"}],"replies":[{"embeddable":true,"href":"https:\/\/seedfreedom.info\/es\/wp-json\/wp\/v2\/comments?post=31180"}],"version-history":[{"count":8,"href":"https:\/\/seedfreedom.info\/es\/wp-json\/wp\/v2\/pages\/31180\/revisions"}],"predecessor-version":[{"id":31188,"href":"https:\/\/seedfreedom.info\/es\/wp-json\/wp\/v2\/pages\/31180\/revisions\/31188"}],"wp:attachment":[{"href":"https:\/\/seedfreedom.info\/es\/wp-json\/wp\/v2\/media?parent=31180"}],"wp:term":[{"taxonomy":"category","embeddable":true,"href":"https:\/\/seedfreedom.info\/es\/wp-json\/wp\/v2\/categories?post=31180"},{"taxonomy":"post_tag","embeddable":true,"href":"https:\/\/seedfreedom.info\/es\/wp-json\/wp\/v2\/tags?post=31180"}],"curies":[{"name":"wp","href":"https:\/\/api.w.org\/{rel}","templated":true}]}}