 {"id":40968,"date":"2016-06-21T22:57:35","date_gmt":"2016-06-21T20:57:35","guid":{"rendered":"http:\/\/seedfreedom.info\/?page_id=40968"},"modified":"2016-07-26T19:17:47","modified_gmt":"2016-07-26T17:17:47","slug":"satyagraha-de-la-semilla-desobediencia-civil-a-la-escalvitud-de-semillas-juramento","status":"publish","type":"page","link":"https:\/\/seedfreedom.info\/es\/satyagraha-de-la-semilla-desobediencia-civil-a-la-escalvitud-de-semillas-juramento\/","title":{"rendered":"SATYAGRAHA de la Semilla (Desobediencia civil a la Esclavitud de Semillas) Juramento"},"content":{"rendered":"<div style=\"float: left; text-align: justify; width: 47%;\">\n<p style=\"text-align: left;\">Nosotros sentimos un profundo respeto por las semillas que hemos recibido de la naturaleza y de siglos de selecci\u00f3n por parte de los agricultores.<\/p>\n<p style=\"text-align: left;\">No reconocemos a las semillas como una invenci\u00f3n de las corporaciones, por lo tanto no reconocemos las patentes a las semillas y a la vida.<\/p>\n<p style=\"text-align: left;\">Apoyaremos nuestros bancos de semillas locales que son fuente de semillas f\u00e9rtiles y de acceso libre para todos y todas.<\/p>\n<p style=\"text-align: left;\">No reconocemos ninguna de las leyes creadas por los interses corporativos que interfieran con nuestra tarea de guardar y compartir las semillas genuinas, a fin de que las futuras generaciones sean tan afortunadas como hemos sido nosotros de recibir este obsequio de diversidad y nutrici\u00f3n.<\/p>\n<p style=\"text-align: left;\">No obedeceremos ni reconoceremos ninguna ley que criminalice nuestras semillas milenarias.<\/p>\n<p style=\"text-align: left;\">Este es nuestro Satyagraha de la Semilla, nuestra acci\u00f3n desde lo verdadero.<\/p>\n<p style=\"text-align: left;\">El alimento genuino proviene de semillas genuinas.<\/p>\n<p style=\"text-align: left;\">Nosotros no reconocemos alimentos sin sabor y nutricionalmente vac\u00edos que representan regal\u00edas t\u00f3xicas.<\/p>\n<p style=\"text-align: left;\">Para nosotros el alimento es, como siempre ha sido, natural, org\u00e1nico, nutritivo, saludable y seguro.<\/p>\n<p style=\"text-align: left;\">No estamos dispuestos a aceptar un sistema de agricultura basado en agrot\u00f3xicos como un sistema seguro.<\/p>\n<p style=\"text-align: left;\">Nos negamos a dejar morir una abeja m\u00e1s.<\/p>\n<p style=\"text-align: left;\">Nosotros rechazamos las falacias no-cient\u00edficas del \u201cPrincipio de Equivalencia Substancial\u201d que establece que los alimentos transg\u00e9nicos son equivalentes a los que no poseen organismos geneticamente modificados (OGM).<\/p>\n<p style=\"text-align: left;\">No estamos dispuestos a aceptar a la Agricultura Industrializada como soluci\u00f3n a la crisis clim\u00e1tica ya que sabemos que esta es una de sus causas. Adem\u00e1s sabemos que la Agricultura Org\u00e1nica y suelos sanos y vivos son la clave para resolver esta Crisis Clim\u00e1tica.<\/p>\n<p style=\"text-align: left;\">Nosotros generaremos alimentos org\u00e1nicos en todos lados -nuestras granjas, jardines, balcones o terrazas.<\/p>\n<p style=\"text-align: left;\">Nosotros nos alimentaremos con alimentos org\u00e1nicos, en nuestras cocinas, nuestras cafeter\u00edas, nuestras escuelas y oficinas.<\/p>\n<p style=\"text-align: left;\">Nuestros Jardines ser\u00e1n los sitios de la resistencia, los sitios Satyagraha.<\/p>\n<p style=\"text-align: left;\"><em>Translation kindly provided by Marcos Angelini, Mart\u00edn Califa<\/em><\/p>\n<hr \/>\n<h4 style=\"text-align: left;\"><strong>Related Campaigns<\/strong><\/h4>\n<p style=\"text-align: left;\"><a href=\"https:\/\/i0.wp.com\/seedfreedom.info\/wp-content\/uploads\/2015\/09\/Campaign-Seed-Satyagraha.jpg\"><img data-recalc-dims=\"1\" loading=\"lazy\" decoding=\"async\" class=\"alignnone size-full wp-image-35288\" src=\"https:\/\/i0.wp.com\/seedfreedom.info\/wp-content\/uploads\/2015\/09\/Campaign-Seed-Satyagraha.jpg?resize=280%2C140\" alt=\"Campaign Seed Satyagraha\" width=\"280\" height=\"140\" \/><\/a><\/p>\n<h4 style=\"text-align: left;\"><strong><a href=\"http:\/\/seedfreedom.info\/campaign\/seed-satyagraha-civil-disobedience-to-end-seed-slavery\/\" target=\"_blank\">SEED SATYAGRAHA (Civil Disobedience to end Seed Slavery)<\/a><\/strong><\/h4>\n<hr \/>\n<h4 style=\"text-align: left;\"><a href=\"https:\/\/i0.wp.com\/seedfreedom.info\/wp-content\/uploads\/2015\/07\/CampaignCalltoAction2015.jpg\"><img data-recalc-dims=\"1\" loading=\"lazy\" decoding=\"async\" class=\"alignnone wp-image-34423 size-full\" src=\"https:\/\/i0.wp.com\/seedfreedom.info\/wp-content\/uploads\/2015\/07\/CampaignCalltoAction2015.jpg?resize=280%2C140\" alt=\"poster\" width=\"280\" height=\"140\" \/><\/a><\/h4>\n<h4 style=\"text-align: left;\"><strong><a href=\"http:\/\/seedfreedom.info\/es\/campaign\/convocatoria-para-la-accion-por-las-semillas-vivas-y-el-suelo-vivo-2015\/\" target=\"_blank\">Convocatoria para la Acci\u00f3n por las Semillas Vivas y el Suelo Vivo \u2013 2015<\/a><\/strong><\/h4>\n<p>2 &#8211; 16 de octubre de 2015 \u2014 todo el mundo<\/p>\n<hr \/>\n<h4 style=\"text-align: left;\"><strong><a href=\"http:\/\/seedfreedom.info\/wp-content\/uploads\/2015\/09\/Seed-Satyagraha-Soft-Copy.pdf\" target=\"_blank\">Click here to download Seed Satyagraha booklet<\/a><\/strong><\/h4>\n<hr \/>\n<\/div>\n<div style=\"float: right; text-align: justify; width: 47%;\">\n<h4><strong>\u00a0<a href=\"http:\/\/seedfreedom.info\/seed-satyagraha-civil-disobedience-to-end-seed-slavery-pledge-signatures\/\" target=\"_blank\"><span style=\"color: #993300;\"><em>View Signatures<\/em><\/span><\/a><\/strong><\/h4>\n<p><iframe loading=\"lazy\" id=\"JotFormIFrame\" style=\"width: 100%; height: 900px; border: none;\" src=\"https:\/\/form.jotform.com\/form\/52508107695964\" width=\"300\" height=\"150\" frameborder=\"0\" scrolling=\"yes\"><br \/>\n<\/iframe><br \/>\n<script type=\"text\/javascript\">\/\/ <![CDATA[\nwindow.handleIFrameMessage = function(e) { var args = e.data.split(\":\"); var iframe = document.getElementById(\"JotFormIFrame\"); if (!iframe) return; switch (args[0]) { case \"scrollIntoView\": iframe.scrollIntoView(); break; case \"setHeight\": iframe.style.height = args[1] + \"px\"; break; case \"collapseErrorPage\": if (iframe.clientHeight > window.innerHeight) {\n              iframe.style.height = window.innerHeight + \"px\";\n            }\n            break;\n          case \"reloadPage\":\n            window.location.reload();\n            break;\n        }\n        var isJotForm = (e.origin.indexOf(\"jotform\") > -1) ? true : false;\n        if(isJotForm &#038;& \"contentWindow\" in iframe &#038;& \"postMessage\" in iframe.contentWindow) {\n          var urls = {\"docurl\":encodeURIComponent(document.URL),\"referrer\":encodeURIComponent(document.referrer)};\n          iframe.contentWindow.postMessage(JSON.stringify({\"type\":\"urls\",\"value\":urls}), \"*\");\n        }\n      };\n      if (window.addEventListener) {\n        window.addEventListener(\"message\", handleIFrameMessage, false);\n      } else if (window.attachEvent) {\n        window.attachEvent(\"onmessage\", handleIFrameMessage);\n      }\n      if(window.location.href &#038;& window.location.href.indexOf(\"?\") > -1) {\n        var ifr = document.getElementById(\"JotFormIFrame\");\n        var get = window.location.href.substr(window.location.href.indexOf(\"?\") + 1);\n        if(ifr &#038;& get.length > 0) {\n          var src = ifr.src;\n          src = src.indexOf(\"?\") > -1 ? src + \"&#038;\" + get : src  + \"?\" + get;\n          ifr.src = src;\n        }\n      }\n\/\/ ]]><\/script><\/p>\n<\/div>\n<div style=\"clear: both;\"><\/div>\n","protected":false},"excerpt":{"rendered":"<p>Nosotros sentimos un profundo respeto por las semillas que hemos recibido de la naturaleza y de siglos de selecci\u00f3n por [&hellip;]<\/p>\n","protected":false},"author":3,"featured_media":35288,"parent":0,"menu_order":0,"comment_status":"closed","ping_status":"closed","template":"","meta":{"_monsterinsights_skip_tracking":false,"_monsterinsights_sitenote_active":false,"_monsterinsights_sitenote_note":"","_monsterinsights_sitenote_category":0,"footnotes":""},"categories":[674,572],"tags":[574,616],"class_list":["post-40968","page","type-page","status-publish","has-post-thumbnail","hentry","category-semillas-de-libertad-en-la-accion","category-ultimas-noticias","tag-democracia-de-la-tierra","tag-ley-de-semillas"],"jetpack_shortlink":"https:\/\/wp.me\/P5eZaH-aEM","jetpack_sharing_enabled":true,"_links":{"self":[{"href":"https:\/\/seedfreedom.info\/es\/wp-json\/wp\/v2\/pages\/40968","targetHints":{"allow":["GET"]}}],"collection":[{"href":"https:\/\/seedfreedom.info\/es\/wp-json\/wp\/v2\/pages"}],"about":[{"href":"https:\/\/seedfreedom.info\/es\/wp-json\/wp\/v2\/types\/page"}],"author":[{"embeddable":true,"href":"https:\/\/seedfreedom.info\/es\/wp-json\/wp\/v2\/users\/3"}],"replies":[{"embeddable":true,"href":"https:\/\/seedfreedom.info\/es\/wp-json\/wp\/v2\/comments?post=40968"}],"version-history":[{"count":2,"href":"https:\/\/seedfreedom.info\/es\/wp-json\/wp\/v2\/pages\/40968\/revisions"}],"predecessor-version":[{"id":41507,"href":"https:\/\/seedfreedom.info\/es\/wp-json\/wp\/v2\/pages\/40968\/revisions\/41507"}],"wp:featuredmedia":[{"embeddable":true,"href":"https:\/\/seedfreedom.info\/es\/wp-json\/wp\/v2\/media\/35288"}],"wp:attachment":[{"href":"https:\/\/seedfreedom.info\/es\/wp-json\/wp\/v2\/media?parent=40968"}],"wp:term":[{"taxonomy":"category","embeddable":true,"href":"https:\/\/seedfreedom.info\/es\/wp-json\/wp\/v2\/categories?post=40968"},{"taxonomy":"post_tag","embeddable":true,"href":"https:\/\/seedfreedom.info\/es\/wp-json\/wp\/v2\/tags?post=40968"}],"curies":[{"name":"wp","href":"https:\/\/api.w.org\/{rel}","templated":true}]}}