 {"id":46826,"date":"2017-10-14T16:41:39","date_gmt":"2017-10-14T14:41:39","guid":{"rendered":"http:\/\/seedfreedom.info\/es\/?page_id=46826"},"modified":"2017-12-09T17:24:07","modified_gmt":"2017-12-09T16:24:07","slug":"alimentos-y-agricultura-libres-de-toxicos","status":"publish","type":"page","link":"https:\/\/seedfreedom.info\/es\/alimentos-y-agricultura-libres-de-toxicos\/","title":{"rendered":"Compromiso para unos Alimentos y una Agricultura Libres de T\u00f3xicos"},"content":{"rendered":"<div style=\"float: left; text-align: justify; width: 47%;\">\n<h4><strong>Creando Alimentos y una Agricultura Libres de T\u00f3xicos &#8211; Rejuveneciendo la Biodiversidad, Cultivando org\u00e1nico<\/strong><\/h4>\n<p>Hace 100 a\u00f1os que el <em>Cartel T\u00f3xico <\/em>tal como lo conocemos hoy en d\u00eda emprendi\u00f3 una guerra contra la vida en la Tierra, contra la diversidad de especies, contra la tierra, contra los agricultores y la sociedad, contra nuestros cuerpos y nuestra salud, contra un sistema clim\u00e1tico estable, contra el conocimiento, la ciencia y los cient\u00edficos, y contra la democracia y la libertad. Si seguimos en este camino t\u00f3xico, puede que estemos viviendo el \u00faltimo siglo de la vida humana en la Tierra.<\/p>\n<p>Ese <em>Cartel T\u00f3xico <\/em>est\u00e1 provocando la sexta extinci\u00f3n masiva de plantas y animales que forman la base de nuestra reserva de alimentos. La agricultura industrial basada en los t\u00f3xicos es la mayor responsable de la extinci\u00f3n de especies, desde las aves y las abejas hasta los bosques (el Amazonas), pasando por los organismos ed\u00e1ficos y especies vitales de nuestra flora intestinal. Los monocultivos industriales han aniquilado la diversidad de nuestra alimentaci\u00f3n tal como las abejas que polinizan los cultivos, mientras que los pesticidas que producen plantas gen\u00e9ticamente modificadas han erradicado el 90% de las mariposas monarcas. La agricultura t\u00f3xica basada en energ\u00edas f\u00f3siles tambi\u00e9n es responsable del 50% de los gases de efecto invernadero culpables del cambio clim\u00e1tico.<\/p>\n<p>A pesar de su vital importancia para la supervivencia humana, la biodiversidad de la agricultura est\u00e1 siendo destruida en una proporci\u00f3n alarmante. Necesitamos la biodiversidad para permitir la evoluci\u00f3n y por consiguiente la capacidad de adaptaci\u00f3n. Esta diversidad se ha desarrollado a lo largo de miles de generaciones y es nuestro deber preservarla para aquellos que nos suceder\u00e1n en el futuro. Cultivar con qu\u00edmicos t\u00f3xicos es sin\u00f3nimo de deudas y de desplazamiento para los campesinos y los agricultores, teniendo como resultado un n\u00famero sin precedentes de muertes y suicidios entre los agricultores de la India y crisis de refugiados en \u00c1frica, Siria y otros pa\u00edses vulnerables.<\/p>\n<p>La investigaci\u00f3n muestra que los t\u00f3xicos en nuestros alimentos y en el medioambiente afectan negativamente a nuestros hijos causando una disminuci\u00f3n del coeficiente intelectual, TDAH, trastornos del espectro autista, falta de coordinaci\u00f3n f\u00edsica, p\u00e9rdida de control\/problemas de gesti\u00f3n de la ira, espectro de enfermedades como la bipolaridad o la esquizofrenia, depresi\u00f3n y obesidad infantil. La investigaci\u00f3n muestra tambi\u00e9n que esos t\u00f3xicos provocan epidemias de enfermedades cr\u00f3nicas no contagiosas tal como malformaciones del ri\u00f1\u00f3n o del h\u00edgado, problemas de fertilidad, defectos de nacimiento, c\u00e1ncer, neurotoxicidad para el desarrollo, alteraci\u00f3n del sistema endocrino, alteraciones del metabolismo y mutaciones epigen\u00e9ticas.<\/p>\n<p>Los productos y las tecnolog\u00edas del <em>Cartel T\u00f3xico<\/em> son herramientas de la violencia, de la destrucci\u00f3n y de la muerte.<br \/>\nLa agroecolog\u00eda y la Regeneraci\u00f3n de la Agricultura Ecol\u00f3gica, a la vez de proveer alimentos y nutrici\u00f3n, son soluciones a la crisis relacionada con el clima, y pueden parar la marcha actual hacia la sexta extinci\u00f3n masiva, incluso hacia la extinci\u00f3n de nuestra propia especie.<\/p>\n<p>Como nos lo record\u00f3 Gandhi, la Tierra puede abastecer las necesidades de todos, pero no la avaricia de unos cuantos. En el d\u00eda del aniversario de Gandhi, d\u00eda internacional de la no violencia, nos comprometemos, individualmente y en nuestras comunidades, a cultivar y a nutrirnos de alimentos org\u00e1nicos, libres de t\u00f3xicos, para proteger nuestra salud y la de otras especies.<\/p>\n<\/div>\n<div style=\"float: right; text-align: justify; width: 47%;\"><\/div>\n<div style=\"clear: both;\"><\/div>\n<p>Esta es la alimentaci\u00f3n que la humanidad necesita como base para continuar la vida en la Tierra.<br \/>\nLa transici\u00f3n de un modelo basado en la codicia y la violencia hacia un pensamiento y un modo de vida basado sobre la cooperaci\u00f3n y la no violencia se ha transformado en un imperativo para nuestra supervivencia.<\/p>\n<p><strong>Estamos creando una red de \u00e1reas org\u00e1nicas libres de t\u00f3xicos que rejuvenecen la biodiversidad, el suelo y el agua, lo que genera una estabilidad clim\u00e1tica, protege la salud y el bien estar de nuestros hijos y de los herederos de todas las especies.<\/strong><\/p>\n<p><strong>Gracias a los alimentos y a la agricultura libres de t\u00f3xicos, sembramos las semillas de un futuro m\u00e1s luminoso y el futuro de todos los seres de nuestra viva, vibrante y generosa Tierra.<\/strong><\/p>\n<p><em><small>Translation kindly provided by C\u00e9line Art idiomart.translation@gmail.com<\/small><\/em><\/p>\n<hr \/>\n<h4><span style=\"color: #993366;\"><strong><a style=\"color: #993366;\" href=\"http:\/\/seedfreedom.info\/wp-content\/uploads\/2017\/10\/Poison-Free-Pledge-Leaflet.pdf\" target=\"_blank\">Download Leaflet<\/a> \u2014 <a style=\"color: #993366;\" href=\"http:\/\/seedfreedom.info\/wp-content\/uploads\/2017\/10\/POSTCARD-A8.png\" target=\"_blank\">Download Postcard\u00a0 <\/a><\/strong><\/span><\/h4>\n<p style=\"text-align: right;\"><a href=\"http:\/\/seedfreedom.info\/contact-us\/\" target=\"_blank\">Contact us<\/a><\/p>\n<hr \/>\n<p>Related Campaign<\/p>\n<p><a href=\"https:\/\/i0.wp.com\/seedfreedom.info\/wp-content\/uploads\/2017\/10\/tw-BACKGROUND-fatto-3-1100.jpg\"><img data-recalc-dims=\"1\" loading=\"lazy\" decoding=\"async\" class=\"alignnone size-medium wp-image-46694\" src=\"https:\/\/i0.wp.com\/seedfreedom.info\/wp-content\/uploads\/2017\/10\/tw-BACKGROUND-fatto-3-1100-300x150.jpg?resize=300%2C150\" alt=\"tw BACKGROUND fatto 3 1100\" width=\"300\" height=\"150\" srcset=\"https:\/\/i0.wp.com\/seedfreedom.info\/wp-content\/uploads\/2017\/10\/tw-BACKGROUND-fatto-3-1100.jpg?resize=300%2C150&amp;ssl=1 300w, https:\/\/i0.wp.com\/seedfreedom.info\/wp-content\/uploads\/2017\/10\/tw-BACKGROUND-fatto-3-1100.jpg?resize=768%2C384&amp;ssl=1 768w, https:\/\/i0.wp.com\/seedfreedom.info\/wp-content\/uploads\/2017\/10\/tw-BACKGROUND-fatto-3-1100.jpg?resize=1024%2C512&amp;ssl=1 1024w, https:\/\/i0.wp.com\/seedfreedom.info\/wp-content\/uploads\/2017\/10\/tw-BACKGROUND-fatto-3-1100.jpg?resize=280%2C140&amp;ssl=1 280w, https:\/\/i0.wp.com\/seedfreedom.info\/wp-content\/uploads\/2017\/10\/tw-BACKGROUND-fatto-3-1100.jpg?w=1100&amp;ssl=1 1100w\" sizes=\"auto, (max-width: 300px) 100vw, 300px\" \/><\/a><\/p>\n<h4><a href=\"http:\/\/seedfreedom.info\/campaign\/poison-free-food-and-farming\/\"><strong>Poison-free Food and Farming<\/strong><\/a><\/h4>\n<hr \/>\n<p><strong>Also read:<\/strong><\/p>\n<p><strong>Reports<\/strong><\/p>\n<h4 class=\"title\"><strong><a href=\"http:\/\/seedfreedom.info\/launch-toxic-story-of-roundup\/\">The Toxic Story of RoundUp: Freedom from the Poison Cartel through Agroecology<\/a><\/strong><\/h4>\n<hr \/>\n<h4 class=\"title\"><strong><a href=\"http:\/\/seedfreedom.info\/new-report-seeds-of-hope-seeds-of-resilience\/\" target=\"_blank\">Seeds of Hope, Seeds of Resilience: How Biodiversity and Agroecology offer Solutions to Climate Change by Growing Living Carbon<\/a><\/strong><\/h4>\n<hr \/>\n<h4><strong><a href=\"http:\/\/seedfreedom.info\/launch-of-the-report-poison-is-served\/\">\u201cPoisons in our Plate\u201d \u2013 Glyphosate and Other poisons from field to table<\/a><\/strong><\/h4>\n<hr \/>\n<p><strong>Articles<\/strong><\/p>\n<h4><strong><a href=\"http:\/\/seedfreedom.info\/all-the-false-myths-about-pesticides\/\">All the false myths about pesticides. Here\u2019s what you need to know<\/a><\/strong><\/h4>\n<p>By Ruchi Shroff \u2013 LifeGate, 18 September 2017<\/p>\n<h4><strong><a href=\"http:\/\/seedfreedom.info\/food-and-farming-two-futures\/\">Food and farming: Two futures<\/a><\/strong><\/h4>\n<p>By Dr. Vandana Shiva \u2013 The Asian Age, 12 July 2017<\/p>\n<hr \/>\n<p><strong>Events and Actions<\/strong><\/p>\n<h4><strong><a href=\"http:\/\/seedfreedom.info\/bhoomi-2017-listening-to-the-mountains-highlights\/\">Bhoomi 2017: Listening to the Mountains<\/a><\/strong><\/h4>\n<p>Poison Free Food and Farming Pledge Launch &#8211; New Delhi, 1st October 2017<\/p>\n<h4><strong><a href=\"http:\/\/seedfreedom.info\/conference-poisons-at-the-door\/\">Conference: Poisons at the Door<\/a><\/strong><\/h4>\n<p>Rome, 10 July 2017<\/p>\n","protected":false},"excerpt":{"rendered":"<p>Creando Alimentos y una Agricultura Libres de T\u00f3xicos &#8211; Rejuveneciendo la Biodiversidad, Cultivando org\u00e1nico Hace 100 a\u00f1os que el Cartel [&hellip;]<\/p>\n","protected":false},"author":3,"featured_media":47445,"parent":0,"menu_order":0,"comment_status":"closed","ping_status":"closed","template":"","meta":{"_monsterinsights_skip_tracking":false,"_monsterinsights_sitenote_active":false,"_monsterinsights_sitenote_note":"","_monsterinsights_sitenote_category":0,"footnotes":""},"categories":[618,674,572],"tags":[576,574,573,575],"class_list":["post-46826","page","type-page","status-publish","has-post-thumbnail","hentry","category-destacado","category-semillas-de-libertad-en-la-accion","category-ultimas-noticias","tag-alimento","tag-democracia-de-la-tierra","tag-semilla","tag-suelo"],"jetpack_shortlink":"https:\/\/wp.me\/P5eZaH-cbg","jetpack_sharing_enabled":true,"_links":{"self":[{"href":"https:\/\/seedfreedom.info\/es\/wp-json\/wp\/v2\/pages\/46826","targetHints":{"allow":["GET"]}}],"collection":[{"href":"https:\/\/seedfreedom.info\/es\/wp-json\/wp\/v2\/pages"}],"about":[{"href":"https:\/\/seedfreedom.info\/es\/wp-json\/wp\/v2\/types\/page"}],"author":[{"embeddable":true,"href":"https:\/\/seedfreedom.info\/es\/wp-json\/wp\/v2\/users\/3"}],"replies":[{"embeddable":true,"href":"https:\/\/seedfreedom.info\/es\/wp-json\/wp\/v2\/comments?post=46826"}],"version-history":[{"count":7,"href":"https:\/\/seedfreedom.info\/es\/wp-json\/wp\/v2\/pages\/46826\/revisions"}],"predecessor-version":[{"id":47446,"href":"https:\/\/seedfreedom.info\/es\/wp-json\/wp\/v2\/pages\/46826\/revisions\/47446"}],"wp:featuredmedia":[{"embeddable":true,"href":"https:\/\/seedfreedom.info\/es\/wp-json\/wp\/v2\/media\/47445"}],"wp:attachment":[{"href":"https:\/\/seedfreedom.info\/es\/wp-json\/wp\/v2\/media?parent=46826"}],"wp:term":[{"taxonomy":"category","embeddable":true,"href":"https:\/\/seedfreedom.info\/es\/wp-json\/wp\/v2\/categories?post=46826"},{"taxonomy":"post_tag","embeddable":true,"href":"https:\/\/seedfreedom.info\/es\/wp-json\/wp\/v2\/tags?post=46826"}],"curies":[{"name":"wp","href":"https:\/\/api.w.org\/{rel}","templated":true}]}}