 {"id":31686,"date":"2015-01-09T00:17:41","date_gmt":"2015-01-09T05:17:41","guid":{"rendered":"http:\/\/seedfreedom.info\/?page_id=31686"},"modified":"2015-02-24T14:52:32","modified_gmt":"2015-02-24T19:52:32","slug":"declaration-pour-la-liberte-des-semences","status":"publish","type":"page","link":"https:\/\/seedfreedom.info\/fr\/declaration-pour-la-liberte-des-semences\/","title":{"rendered":"D\u00e9claration pour la Libert\u00e9 des Semences"},"content":{"rendered":"<div style=\"background: url('http:\/\/seedfreedom.info\/wp-content\/uploads\/2014\/09\/pergamena.png') top center no-repeat; width: 100%; height: 850px; padding: 350px 0px;\">\n<ol class=\"seriftype\" style=\"width: 700px; margin: auto; text-align: justify;\">\n<li>Les Semences sont \u00e0 la source de la vie, elles sont l&#8217;aspiration profonde de la vie \u00e0 s&#8217;exprimer, \u00e0 se renouveler, \u00e0 se multiplier, \u00e0 \u00e9voluer en perp\u00e9tuelle libert\u00e9.<\/li>\n<li>Les Semences sont l&#8217;incarnation de la diversit\u00e9 bio-culturelle. Elles contiennent des millions d&#8217;ann\u00e9es d&#8217;\u00e9volution biologique et culturelle, et le potentiel de mill\u00e9naires de d\u00e9veloppement.<\/li>\n<li>La Libert\u00e9 des Semences est le droit d&#8217;exister de chaque forme de vie, et la base de la protection de la biodiversit\u00e9.<\/li>\n<li>La Libert\u00e9 des Semences est le droit d&#8217;exister de chaque agriculteur et de chaque producteur. La libert\u00e9 des agriculteurs de conserver, d&#8217;\u00e9changer, de faire \u00e9voluer, de cultiver, de vendre leur graines est au c\u0153ur de la libert\u00e9 des semences. Quand cette libert\u00e9 leur est \u00f4t\u00e9e, les cultivateurs se retrouvent pi\u00e9g\u00e9s dans une spirale de l&#8217;endettement qui, dans certains cas extr\u00eames, les m\u00e8nent au suicide.<\/li>\n<li>La Libert\u00e9 des Semences est la base de la libert\u00e9 de l&#8217;alimentation, \u00e9tant donn\u00e9 qu&#8217;elle est le premier maillon de la cha\u00eene de l&#8217;alimentation.<\/li>\n<li>La Libert\u00e9 des Semences est menac\u00e9e par les brevets qui g\u00e9n\u00e8rent des monopoles sur les graines et rend ill\u00e9gal l&#8217;\u00e9change et la conservation de celles-ci par les agriculteurs. Les brevets sur les semences sont moralement et \u00e9cologiquement injustifi\u00e9s car les brevets sont des droits exclusifs sur les innovations. Une graine n&#8217;est pas une invention, la vie n&#8217;est pas une invention.<\/li>\n<li>La Libert\u00e9 des Semences de cultures diverses est menac\u00e9e par la bio-piraterie et le d\u00e9p\u00f4t sous brevets du savoir indig\u00e8ne et de la bio-diversit\u00e9. La bio-piraterie n&#8217;est pas une innovation, c&#8217;est du vol.<\/li>\n<li>La Libert\u00e9 des Semences est menac\u00e9e par l&#8217;ing\u00e9nierie g\u00e9n\u00e9tique de graines qui contaminent nos fermes, mettant ainsi fin \u00e0 la possibilit\u00e9 d&#8217;une alimentation non g\u00e9n\u00e9tiquement modifi\u00e9e pour tous.<\/li>\n<li>La Libert\u00e9 des Semences est menac\u00e9e par la transformation d\u00e9lib\u00e9r\u00e9e des graines, faisant d&#8217;une ressource auto-g\u00e9n\u00e9ratrice un produit brevet\u00e9. Le cas le plus extr\u00eame de graine non renouvelable \u00e9tant la technologie dite Terminator Technology d\u00e9velopp\u00e9e dans le but de cr\u00e9er des graines st\u00e9riles.<\/li>\n<li>Nous nous engageons \u00e0 d\u00e9fendre la Libert\u00e9 des Semences ainsi que la libert\u00e9 d&#8217;\u00e9voluer pour diff\u00e9rentes esp\u00e8ces ; et la libert\u00e9 pour les communaut\u00e9s humaines de revendiquer que les graines libres de droits soient bien commun.<\/li>\n<\/ol>\n<div class=\"seriftype\" style=\"font-style: italic; width: 600px; margin: auto; text-align: center; font-size: 21px; font-weight: bold; margin-top: 50px;\">A cette fin, nous conserverons des graines.<br \/>\nNous cr\u00e9erons des banques de graines communautaires.<br \/>\nNous ne reconna\u00eetrons aucune loi qui fasse ill\u00e9gitimement d&#8217;une graine la propri\u00e9t\u00e9 d&#8217;une soci\u00e9t\u00e9.<br \/>\nNous ferons cesser les brevets sur les semences.<\/div>\n<div style=\"text-align: center; padding-top: 20px; width: 600px; margin: auto;\">\n<h4 class=\"signup\" style=\"text-align: center; float: left;\"><img data-recalc-dims=\"1\" decoding=\"async\" style=\"height: 60px;\" src=\"https:\/\/i0.wp.com\/seedfreedom.in\/wp-content\/uploads\/2012\/06\/profile_img5.png?w=940\" alt=\"\" \/><br \/>\n<strong><a class=\"signup\" href=\"http:\/\/seedfreedom.in\/sign.html?iframe=true&amp;width=450&amp;height=480\" rel=\"prettyPhoto[iframes]\">Cliquez ici pour signer la d\u00e9claration<\/a><\/strong><br \/>\n<strong><script>\/\/ <![CDATA[\n\/\/ < ![CDATA[\n\/\/ < ![CDATA[ \t\tjQuery(function($){ \t\t\t$(\".signup\").colorbox({iframe:true, innerWidth:\"420px\", opacity:\"0.5\", innerHeight:\"450px\", href:\"http:\/\/seedfreedom.in\/sign.html\" }); \t\t});\n\/\/ ]]><\/script><\/strong><\/h4>\n<h4 style=\"text-align: center; float: right;\"><strong><img data-recalc-dims=\"1\" decoding=\"async\" style=\"height: 60px;\" src=\"https:\/\/i0.wp.com\/seedfreedom.in\/wp-content\/uploads\/2012\/06\/profile_img7.png?w=940\" alt=\"\" \/><\/strong><br \/>\n<strong> <a href=\"http:\/\/seedfreedom.in\/wp-content\/uploads\/2012\/06\/declaration.pdf\">Click here to download a PDF<\/a><\/strong><\/h4>\n<h4 class=\"clear\"><\/h4>\n<\/div>\n<div style=\"padding-left: 270px; z-index: 999; width: 700px; margin: auto; text-align: center; padding-top: 20px;\">\n<p><a class=\"twitter-share-button\" href=\"https:\/\/twitter.com\/share\">Tweet<\/a><script>\/\/ <![CDATA[\n\/\/ < ![CDATA[\n\/\/ < ![CDATA[\n\/\/ < ![CDATA[\n\/\/ < ![CDATA[\n\/\/ < ![CDATA[\n\/\/ < ![CDATA[ !function(d,s,id){var js,fjs=d.getElementsByTagName(s)[0];if(!d.getElementById(id)){js=d.createElement(s);js.id=id;js.src=\"\/\/platform.twitter.com\/widgets.js\";fjs.parentNode.insertBefore(js,fjs);}}(document,\"script\",\"twitter-wjs\");\n\/\/ ]]><\/script><!-- Place this tag where you want the +1 button to render --><!-- Place this render call where appropriate --><script>\/\/ <![CDATA[\n\/\/ < ![CDATA[\n\/\/ < ![CDATA[\n\/\/ < ![CDATA[\n\/\/ < ![CDATA[\n\/\/ < ![CDATA[\n\/\/ < ![CDATA[   (function() {     var po = document.createElement('script'); po.type = 'text\/javascript'; po.async = true;     po.src = 'https:\/\/apis.google.com\/js\/plusone.js';     var s = document.getElementsByTagName('script')[0]; s.parentNode.insertBefore(po, s);   })();\n\/\/ ]]><\/script><\/p>\n<div class=\"fb-like\" style=\"top: -5px;\" data-href=\"http:\/\/www.seedfreedom.in\/declaration\/\" data-send=\"true\" data-width=\"450\" data-show-faces=\"true\"><\/div>\n<\/div>\n<\/div>\n<h4>Thank you for signing the Declaration.<\/h4>\n<ul>\n<li>\n<h4>For Organisations\/Movements\/Associations &#8211; Join the <a href=\"http:\/\/seedfreedom.info\/global-movement-for-seed-freedom-our-resolve-our-commitment\/\" target=\"_blank\">Global Movement for Seed Freedom<\/a>:<br \/>\nsend us\u00a0your logo with website and contact details by filling the form <strong><a href=\"http:\/\/seedfreedom.info\/join-the-global-movement-for-seed-freedom\/\" target=\"_blank\">at this link<\/a><\/strong>.<\/h4>\n<\/li>\n<\/ul>\n<ul>\n<li>\n<h4>Please keep adding your actions &amp; events to the Seed Freedom Calendar.<\/h4>\n<ul>\n<li>\n<h4>Fill Event Formular: <a href=\"http:\/\/seedfreedom.info\/events\/submit-your-event\/\" target=\"_blank\">http:\/\/seedfreedom.info\/events\/submit-your-event\/<\/a><\/h4>\n<\/li>\n<li>\n<h4>For Events near you see: <a href=\"http:\/\/seedfreedom.info\/events\/\" target=\"_blank\">http:\/\/seedfreedom.info\/events\/<\/a><\/h4>\n<\/li>\n<\/ul>\n<\/li>\n<li dir=\"ltr\">\n<h4 dir=\"ltr\">Subscribe to Seed Freedom News &amp; Updates: <a href=\"http:\/\/seedfreedom.info\/newsletter\/\" target=\"_blank\">http:\/\/seedfreedom.info\/newsletter\/<\/a><\/h4>\n<\/li>\n<\/ul>\n","protected":false},"excerpt":{"rendered":"<p>Les Semences sont \u00e0 la source de la vie, elles sont l&#8217;aspiration profonde de la vie \u00e0 s&#8217;exprimer, \u00e0 se [&hellip;]<\/p>\n","protected":false},"author":3,"featured_media":32237,"parent":0,"menu_order":0,"comment_status":"closed","ping_status":"closed","template":"","meta":{"_monsterinsights_skip_tracking":false,"_monsterinsights_sitenote_active":false,"_monsterinsights_sitenote_note":"","_monsterinsights_sitenote_category":0,"footnotes":""},"categories":[538],"tags":[534],"class_list":["post-31686","page","type-page","status-publish","has-post-thumbnail","hentry","category-dernieres-nouvelles","tag-semence"],"jetpack_shortlink":"https:\/\/wp.me\/P5eZaH-8f4","jetpack_sharing_enabled":true,"_links":{"self":[{"href":"https:\/\/seedfreedom.info\/fr\/wp-json\/wp\/v2\/pages\/31686","targetHints":{"allow":["GET"]}}],"collection":[{"href":"https:\/\/seedfreedom.info\/fr\/wp-json\/wp\/v2\/pages"}],"about":[{"href":"https:\/\/seedfreedom.info\/fr\/wp-json\/wp\/v2\/types\/page"}],"author":[{"embeddable":true,"href":"https:\/\/seedfreedom.info\/fr\/wp-json\/wp\/v2\/users\/3"}],"replies":[{"embeddable":true,"href":"https:\/\/seedfreedom.info\/fr\/wp-json\/wp\/v2\/comments?post=31686"}],"version-history":[{"count":2,"href":"https:\/\/seedfreedom.info\/fr\/wp-json\/wp\/v2\/pages\/31686\/revisions"}],"predecessor-version":[{"id":31688,"href":"https:\/\/seedfreedom.info\/fr\/wp-json\/wp\/v2\/pages\/31686\/revisions\/31688"}],"wp:featuredmedia":[{"embeddable":true,"href":"https:\/\/seedfreedom.info\/fr\/wp-json\/wp\/v2\/media\/32237"}],"wp:attachment":[{"href":"https:\/\/seedfreedom.info\/fr\/wp-json\/wp\/v2\/media?parent=31686"}],"wp:term":[{"taxonomy":"category","embeddable":true,"href":"https:\/\/seedfreedom.info\/fr\/wp-json\/wp\/v2\/categories?post=31686"},{"taxonomy":"post_tag","embeddable":true,"href":"https:\/\/seedfreedom.info\/fr\/wp-json\/wp\/v2\/tags?post=31686"}],"curies":[{"name":"wp","href":"https:\/\/api.w.org\/{rel}","templated":true}]}}