 {"id":36888,"date":"2015-11-17T16:40:58","date_gmt":"2015-11-17T15:40:58","guid":{"rendered":"http:\/\/seedfreedom.info\/?page_id=36888"},"modified":"2015-11-17T16:43:16","modified_gmt":"2015-11-17T15:43:16","slug":"seed-satyagraha-desobeissance-civile-pour-mettre-fin-a-lesclavage-des-graines-le-serment","status":"publish","type":"page","link":"https:\/\/seedfreedom.info\/fr\/seed-satyagraha-desobeissance-civile-pour-mettre-fin-a-lesclavage-des-graines-le-serment\/","title":{"rendered":"SEED SATYAGRAHA (D\u00e9sob\u00e9issance Civile pour mettre fin \u00e0 l&#8217;Esclavage des Graines) | LE SERMENT"},"content":{"rendered":"<div style=\"float: left; text-align: justify; width: 47%;\">\n<p style=\"text-align: left;\">Nous v\u00e9n\u00e9rons les graines que nous avons re\u00e7ues de la nature et de nos fermiers apr\u00e8s des centaines d&#8217;ann\u00e9es d&#8217;\u00e9levage.<\/p>\n<p style=\"text-align: left;\">Nous ne reconnaissons pas les graines comme \u00e9tant des inventions faites par des entreprises et donc nous ne reconnaissons pas les brevets sur les graines et la vie.<\/p>\n<p style=\"text-align: left;\">Nous soutiendrons nos librairies locales de graines comme sources de graines fertiles et gratuites.<\/p>\n<p style=\"text-align: left;\">Nous ne reconnaissons aucune des lois cr\u00e9\u00e9es pour les int\u00e9r\u00eats des entreprises qui interf\u00e8rent avec notre devoir de sauvegarde et de partage des semences saines pour que les g\u00e9n\u00e9rations futures aient autant de chance que nous de recevoir ces dons de diversit\u00e9 et de nourriture.<strong><br \/>\n<\/strong><\/p>\n<p style=\"text-align: left;\">Nous n&#8217;ob\u00e9irons pas, ni ne reconnaitrons aucune loi qui criminalise nos graines test\u00e9es par des ann\u00e9es d&#8217;utilisation.<\/p>\n<p style=\"text-align: left;\">C&#8217;est notre \u00ab\u00a0Seed Satyagraha\u00a0\u00bb.<\/p>\n<p style=\"text-align: left;\">La nourriture saine provient de graines saines. Nous ne reconnaissons pas ces produits toxiques, insipides et nutritionnellement vides comme \u00e9tant de la nourriture.<\/p>\n<p style=\"text-align: left;\">Pour nous, la nourriture est comme elle l&#8217;a toujours \u00e9t\u00e9\u00a0: naturelle, biologique, nourrissante, saine et s\u00fbre.<\/p>\n<p style=\"text-align: left;\">Nous refusons d&#8217;accepter qu&#8217;un syst\u00e8me agricole bas\u00e9 sur l&#8217;utilisation de poisons soit consid\u00e9r\u00e9 comme \u00e9tant s\u00fbr.<\/p>\n<p style=\"text-align: left;\">Nous refusons de laisser mourir une autre abeille.<\/p>\n<p style=\"text-align: left;\">Nous ne reconnaissons pas l&#8217;erreur bas\u00e9e sur aucune science, qui attribue une \u00ab\u00a0Equivalence Substantielle\u00a0\u00bb entre la nourriture g\u00e9n\u00e9tiquement modifi\u00e9e et la nourriture qui ne l&#8217;est pas. Nous refusons d&#8217;accepter que l&#8217;Agriculture Industrielle soit une solution \u00e0 la crise climatique parce que nous savons qu&#8217;elle en est l&#8217;une des causes. Nous savons aussi que l&#8217;Agriculture Biologique et les Sols Vivants sont la solution \u00e0 la crise climatique.<\/p>\n<p>Nous cultiverons de la nourriture biologique partout dans nos fermes, nos jardins, nos balcons et nos terrasses.<\/p>\n<p>Nous mangerons de la nourriture biologique dans nos cuisines, nos caf\u00e9t\u00e9rias, nos \u00e9coles et nos bureaux.<\/p>\n<p>Nos Jardins seront des sites de Satyagraha<\/p>\n<p><em>Translation kindly provided by<\/em> <em>Sophia Riad<\/em><\/p>\n<hr \/>\n<h4 style=\"text-align: left;\"><strong>Related Campaigns<\/strong><\/h4>\n<p style=\"text-align: left;\"><a href=\"https:\/\/i0.wp.com\/seedfreedom.info\/wp-content\/uploads\/2015\/09\/Campaign-Seed-Satyagraha.jpg\"><img data-recalc-dims=\"1\" loading=\"lazy\" decoding=\"async\" class=\"alignnone size-full wp-image-35288\" src=\"https:\/\/i0.wp.com\/seedfreedom.info\/wp-content\/uploads\/2015\/09\/Campaign-Seed-Satyagraha.jpg?resize=280%2C140\" alt=\"Campaign Seed Satyagraha\" width=\"280\" height=\"140\" \/><\/a><\/p>\n<h4 style=\"text-align: left;\"><strong><a href=\"http:\/\/seedfreedom.info\/campaign\/seed-satyagraha-civil-disobedience-to-end-seed-slavery\/\" target=\"_blank\">SEED SATYAGRAHA (Civil Disobedience to end Seed Slavery)<\/a><\/strong><\/h4>\n<hr \/>\n<p><a href=\"https:\/\/i0.wp.com\/seedfreedom.info\/wp-content\/uploads\/2015\/07\/CampaignCalltoAction2015.jpg\"><img data-recalc-dims=\"1\" loading=\"lazy\" decoding=\"async\" class=\"alignnone wp-image-34423 size-full\" src=\"https:\/\/i0.wp.com\/seedfreedom.info\/wp-content\/uploads\/2015\/07\/CampaignCalltoAction2015.jpg?resize=280%2C140\" alt=\"poster\" width=\"280\" height=\"140\" \/><\/a><\/p>\n<h4 style=\"text-align: left;\"><strong><a href=\"http:\/\/seedfreedom.info\/fr\/campaign\/appel-a-laction-pour-la-semence-vivante-et-le-sol-vivant-2015\/\" target=\"_blank\">Appel \u00e0 l\u2019Action pour la Semence Vivante et le Sol Vivant \u2013 2015 <\/a><\/strong><\/h4>\n<p>2 &#8211; 16 octobre 2015 \u2014 Partout dans le monde<\/p>\n<hr \/>\n<p style=\"text-align: left;\"><strong><a href=\"http:\/\/seedfreedom.info\/wp-content\/uploads\/2015\/09\/Seed-Satyagraha-Soft-Copy.pdf\" target=\"_blank\">Click here to download Seed Satyagraha booklet<\/a><\/strong><\/p>\n<hr \/>\n<\/div>\n<div style=\"float: right; text-align: justify; width: 47%;\">\n<h4><strong>\u00a0<a href=\"http:\/\/seedfreedom.info\/seed-satyagraha-civil-disobedience-to-end-seed-slavery-pledge-signatures\/\" target=\"_blank\"><span style=\"color: #993300;\"><em>View Signatures<\/em><\/span><\/a><\/strong><\/h4>\n<h3><strong>PRETEZ SERMENT<\/strong><\/h3>\n<p><iframe loading=\"lazy\" id=\"JotFormIFrame\" style=\"width: 100%; height: 900px; border: none;\" src=\"https:\/\/form.jotform.com\/form\/52508107695964\" width=\"300\" height=\"150\" frameborder=\"0\" scrolling=\"yes\"><br \/>\n<\/iframe><script type=\"mce-text\/javascript\">\/\/ <![CDATA[\nwindow.handleIFrameMessage = function(e) {         var args = e.data.split(\":\");         var iframe = document.getElementById(\"JotFormIFrame\");         if (!iframe)           return;         switch (args[0]) {           case \"scrollIntoView\":             iframe.scrollIntoView();             break;           case \"setHeight\":             iframe.style.height = args[1] + \"px\";             break;           case \"collapseErrorPage\":             if (iframe.clientHeight > window.innerHeight) {\n              iframe.style.height = window.innerHeight + \"px\";\n            }\n            break;\n          case \"reloadPage\":\n            window.location.reload();\n            break;\n        }\n        var isJotForm = (e.origin.indexOf(\"jotform\") > -1) ? true : false;\n        if(isJotForm &#038;&#038; \"contentWindow\" in iframe &#038;&#038; \"postMessage\" in iframe.contentWindow) {\n          var urls = {\"docurl\":encodeURIComponent(document.URL),\"referrer\":encodeURIComponent(document.referrer)};\n          iframe.contentWindow.postMessage(JSON.stringify({\"type\":\"urls\",\"value\":urls}), \"*\");\n        }\n      };\n      if (window.addEventListener) {\n        window.addEventListener(\"message\", handleIFrameMessage, false);\n      } else if (window.attachEvent) {\n        window.attachEvent(\"onmessage\", handleIFrameMessage);\n      }\n      if(window.location.href &#038;&#038; window.location.href.indexOf(\"?\") > -1) {\n        var ifr = document.getElementById(\"JotFormIFrame\");\n        var get = window.location.href.substr(window.location.href.indexOf(\"?\") + 1);\n        if(ifr &#038;&#038; get.length > 0) {\n          var src = ifr.src;\n          src = src.indexOf(\"?\") > -1 ? src + \"&#038;\" + get : src  + \"?\" + get;\n          ifr.src = src;\n        }\n      }\n\/\/ ]]><\/script><\/p>\n<\/div>\n<div style=\"clear: both;\"><\/div>\n","protected":false},"excerpt":{"rendered":"<p>Nous v\u00e9n\u00e9rons les graines que nous avons re\u00e7ues de la nature et de nos fermiers apr\u00e8s des centaines d&#8217;ann\u00e9es d&#8217;\u00e9levage. [&hellip;]<\/p>\n","protected":false},"author":3,"featured_media":35083,"parent":0,"menu_order":0,"comment_status":"closed","ping_status":"closed","template":"","meta":{"_monsterinsights_skip_tracking":false,"_monsterinsights_sitenote_active":false,"_monsterinsights_sitenote_note":"","_monsterinsights_sitenote_category":0,"footnotes":""},"categories":[538],"tags":[535,534],"class_list":["post-36888","page","type-page","status-publish","has-post-thumbnail","hentry","category-dernieres-nouvelles","tag-democratie-de-la-terre","tag-semence"],"jetpack_shortlink":"https:\/\/wp.me\/P5eZaH-9AY","jetpack_sharing_enabled":true,"_links":{"self":[{"href":"https:\/\/seedfreedom.info\/fr\/wp-json\/wp\/v2\/pages\/36888","targetHints":{"allow":["GET"]}}],"collection":[{"href":"https:\/\/seedfreedom.info\/fr\/wp-json\/wp\/v2\/pages"}],"about":[{"href":"https:\/\/seedfreedom.info\/fr\/wp-json\/wp\/v2\/types\/page"}],"author":[{"embeddable":true,"href":"https:\/\/seedfreedom.info\/fr\/wp-json\/wp\/v2\/users\/3"}],"replies":[{"embeddable":true,"href":"https:\/\/seedfreedom.info\/fr\/wp-json\/wp\/v2\/comments?post=36888"}],"version-history":[{"count":3,"href":"https:\/\/seedfreedom.info\/fr\/wp-json\/wp\/v2\/pages\/36888\/revisions"}],"predecessor-version":[{"id":36892,"href":"https:\/\/seedfreedom.info\/fr\/wp-json\/wp\/v2\/pages\/36888\/revisions\/36892"}],"wp:featuredmedia":[{"embeddable":true,"href":"https:\/\/seedfreedom.info\/fr\/wp-json\/wp\/v2\/media\/35083"}],"wp:attachment":[{"href":"https:\/\/seedfreedom.info\/fr\/wp-json\/wp\/v2\/media?parent=36888"}],"wp:term":[{"taxonomy":"category","embeddable":true,"href":"https:\/\/seedfreedom.info\/fr\/wp-json\/wp\/v2\/categories?post=36888"},{"taxonomy":"post_tag","embeddable":true,"href":"https:\/\/seedfreedom.info\/fr\/wp-json\/wp\/v2\/tags?post=36888"}],"curies":[{"name":"wp","href":"https:\/\/api.w.org\/{rel}","templated":true}]}}