 {"id":46840,"date":"2017-10-15T17:55:45","date_gmt":"2017-10-15T15:55:45","guid":{"rendered":"http:\/\/seedfreedom.info\/fr\/?page_id=46840"},"modified":"2017-10-15T17:59:05","modified_gmt":"2017-10-15T15:59:05","slug":"aliments-et-agriculture-sans-produits-toxiques","status":"publish","type":"page","link":"https:\/\/seedfreedom.info\/fr\/aliments-et-agriculture-sans-produits-toxiques\/","title":{"rendered":"Engagement pour des Aliments et pour une Agriculture Sans Produits Toxiques"},"content":{"rendered":"<div style=\"float: left; text-align: justify; width: 47%;\">\n<h4><strong>Cr\u00e9ons des Aliments et une Agriculture Sans Produits Toxiques, Revitalisons la Biodiversit\u00e9, Cultivons Organique <\/strong><\/h4>\n<p>Cela fait un si\u00e8cle que le <em>Cartel Toxique<\/em> comme nous le connaissons aujourd\u2019hui est entr\u00e9 en guerre contre la vie sur la Terre, contre la diversit\u00e9 des esp\u00e8ces, contre la terre, contre les fermiers et la soci\u00e9t\u00e9, contre nos corps et notre sant\u00e9, contre la stabilit\u00e9 des syst\u00e8mes climatiques, contre le savoir, la science et les scientifiques, et contre la d\u00e9mocratie et la libert\u00e9. Si nous continuons sur ce chemin toxique, il se peut que nous soyons en train de vivre le dernier si\u00e8cle de la vie humaine sur la Terre.<\/p>\n<p>\u00c0 l\u2019heure actuelle ce <em>Cartel Toxique<\/em> est en train de provoquer la sixi\u00e8me extinction de masse d\u2019esp\u00e8ces v\u00e9g\u00e9tales et animales qui constituent la base de nos r\u00e9serves en aliments. L\u2019agriculture bas\u00e9e sur les produits toxiques est la majeure responsable de l\u2019extinction des esp\u00e8ces, depuis les oiseaux et les abeilles, jusqu\u2019aux for\u00eats (l\u2019Amazonie) en passant par les organismes pr\u00e9sents sans les sols et par les esp\u00e8ces vitales de notre flore intestinale. Les monocultures industrielles ont \u00e9radiqu\u00e9 la diversit\u00e9 de ce que nous cultivons et mangeons ainsi que les abeilles qui pollinisent nos cultures, tandis que les pesticides qui produisent des OGM ont \u00e9limin\u00e9 90% des papillons monarques. L\u2019agriculture toxique bas\u00e9e sur les \u00e9nergies fossiles est \u00e9galement responsable de 50% des gaz \u00e0 effet de serre qui engendrent le changement climatique.<\/p>\n<p>Malgr\u00e9 son importance vitale pour la survie de l\u2019humain, la biodiversit\u00e9 de l\u2019agriculture est en train de se perdre dans des proportions alarmantes. Nous avons besoin de la biodiversit\u00e9 pour l\u2019\u00e9volution et la capacit\u00e9 d\u2019adaptation. Cette diversit\u00e9 s\u2019est d\u00e9velopp\u00e9e au fil de milliers d\u2019ann\u00e9es de g\u00e9n\u00e9rations et il est de notre devoir de la sauvegarder pour ceux qui nous succ\u00e8deront. Cultiver avec des produits chimiques toxiques est synonyme de dettes et de d\u00e9placement pour les paysans et les petits agriculteurs, ce qui m\u00e8ne \u00e0 une \u00e9pid\u00e9mie sans pr\u00e9c\u00e9dents de morts et de suicides chez les agriculteurs en Inde et \u00e0 des crises de r\u00e9fugi\u00e9s en Afrique, en Syrie et dans d\u2019autres pays vuln\u00e9rables.<\/p>\n<p>La recherche montre que les produits toxiques dans nos aliments et notre environnement affectent n\u00e9gativement nos enfants provoquant chez eux de nombreux troubles\u00a0: baisse du quotient intellectuel, trouble du d\u00e9ficit de l\u2019attention, trouble du spectre autistique, manque de coordination physique, perte de contr\u00f4le\/probl\u00e8mes de gestion de la col\u00e8re, spectre de maladies comme la schizophr\u00e9nie ou la bipolarit\u00e9, d\u00e9pression ou encore ob\u00e9sit\u00e9 infantile. La recherche montre \u00e9galement que ces produits toxiques sont responsables de l\u2019\u00e9pid\u00e9mie de maladies chroniques non contagieuses telles que les malformations du rein ou du foie, les probl\u00e8mes de fertilit\u00e9, les d\u00e9fauts de naissance, le cancer, la neurotoxicit\u00e9 du d\u00e9veloppement, les troubles endocrines et du m\u00e9tabolisme et les mutations \u00e9pig\u00e9n\u00e9tiques.<\/p>\n<p>Les produits et les technologies du <em>Cartel Toxique<\/em> sont des instruments de violence, de destruction et de mort.<br \/>\nL\u2019Agro\u00e9cologie et l\u2019Agriculture R\u00e9g\u00e9n\u00e9rative Organique fournissent aliments et nutrition et constituent \u00e0 la fois des solutions \u00e0 la crise climatique. Elles peuvent stopper la marche actuelle vers la sixi\u00e8me extinction de masse, voire m\u00eame l\u2019extinction de notre propre esp\u00e8ce.<\/p>\n<p>Comme nous le rappela Gandhi, la Terre peut subvenir aux besoins de tous, mais pas \u00e0 la cupidit\u00e9 de quelques-uns. Pour l\u2019anniversaire de Gandhi, jour international de la non-violence, nous nous compromettons, individuellement et dans nos communaut\u00e9s, \u00e0 cultiver et \u00e0 nous nourrir d\u2019aliments libres de produits toxiques afin de prot\u00e9ger notre sant\u00e9 et celle d\u2019autres esp\u00e8ces.<\/p>\n<p>C\u2019est de cette alimentation dont l\u2019humanit\u00e9 a besoin comme base pour continuer la vie sur la Terre.<\/p>\n<\/div>\n<div style=\"float: right; text-align: justify; width: 47%;\">\n\n<\/div>\n<div style=\"clear: both;\"><\/div>\n<p>La transition d\u2019un mod\u00e8le bas\u00e9 sur la cupidit\u00e9 et la violence vers un mode de pens\u00e9e et de vie coop\u00e9ratif et non-violent est devenue un imp\u00e9ratif \u00e0 notre survie.<\/p>\n<p><strong>Nous sommes en train de cr\u00e9er un r\u00e9seau de zones organiques sans produits toxiques qui revitalisent la biodiversit\u00e9, les sols et l\u2019eau, qui cr\u00e9ent un climat r\u00e9sistant et une stabilit\u00e9 climatique, qui prot\u00e8gent la sant\u00e9 et le bien-\u00eatre de nos enfants et des h\u00e9ritiers de toutes les esp\u00e8ces. <\/strong><\/p>\n<p><strong>Au travers de l\u2019agriculture et de l\u2019alimentation sans produits toxiques, nous semons les graines d\u2019un future plus lumineux et le future de tous les \u00eatres de notre Terre, vivante, vibrante et g\u00e9n\u00e9reuse.<\/strong><\/p>\n<p><small><em>Translation kindly provided by C\u00e9line Art idiomart.translation@gmail.com<\/em><\/small><\/p>\n<hr \/>\n<h4><span style=\"color: #993366;\"><strong><a style=\"color: #993366;\" href=\"http:\/\/seedfreedom.info\/wp-content\/uploads\/2017\/10\/Poison-Free-Pledge-Leaflet.pdf\" target=\"_blank\">Download Leaflet<\/a> \u2014 <a style=\"color: #993366;\" href=\"http:\/\/seedfreedom.info\/wp-content\/uploads\/2017\/10\/POSTCARD-A8.png\" target=\"_blank\">Download Postcard\u00a0 <\/a><\/strong><\/span><\/h4>\n<p style=\"text-align: right;\"><a href=\"http:\/\/seedfreedom.info\/contact-us\/\" target=\"_blank\">Contact us<\/a><\/p>\n<hr \/>\n<p>Related Campaign<\/p>\n<p><a href=\"https:\/\/i0.wp.com\/seedfreedom.info\/wp-content\/uploads\/2017\/10\/tw-BACKGROUND-fatto-3-1100.jpg\"><img data-recalc-dims=\"1\" loading=\"lazy\" decoding=\"async\" class=\"alignnone size-medium wp-image-46694\" src=\"https:\/\/i0.wp.com\/seedfreedom.info\/wp-content\/uploads\/2017\/10\/tw-BACKGROUND-fatto-3-1100-300x150.jpg?resize=300%2C150\" alt=\"tw BACKGROUND fatto 3 1100\" width=\"300\" height=\"150\" srcset=\"https:\/\/i0.wp.com\/seedfreedom.info\/wp-content\/uploads\/2017\/10\/tw-BACKGROUND-fatto-3-1100.jpg?resize=300%2C150&amp;ssl=1 300w, https:\/\/i0.wp.com\/seedfreedom.info\/wp-content\/uploads\/2017\/10\/tw-BACKGROUND-fatto-3-1100.jpg?resize=768%2C384&amp;ssl=1 768w, https:\/\/i0.wp.com\/seedfreedom.info\/wp-content\/uploads\/2017\/10\/tw-BACKGROUND-fatto-3-1100.jpg?resize=1024%2C512&amp;ssl=1 1024w, https:\/\/i0.wp.com\/seedfreedom.info\/wp-content\/uploads\/2017\/10\/tw-BACKGROUND-fatto-3-1100.jpg?resize=280%2C140&amp;ssl=1 280w, https:\/\/i0.wp.com\/seedfreedom.info\/wp-content\/uploads\/2017\/10\/tw-BACKGROUND-fatto-3-1100.jpg?w=1100&amp;ssl=1 1100w\" sizes=\"auto, (max-width: 300px) 100vw, 300px\" \/><\/a><\/p>\n<h4><a href=\"http:\/\/seedfreedom.info\/campaign\/poison-free-food-and-farming\/\"><strong>Poison-free Food and Farming<\/strong><\/a><\/h4>\n<hr \/>\n<p><strong>Also read:<\/strong><\/p>\n<p><strong>Reports<\/strong><\/p>\n<h4 class=\"title\"><strong><a href=\"http:\/\/seedfreedom.info\/launch-toxic-story-of-roundup\/\">The Toxic Story of RoundUp: Freedom from the Poison Cartel through Agroecology<\/a><\/strong><\/h4>\n<hr \/>\n<h4 class=\"title\"><strong><a href=\"http:\/\/seedfreedom.info\/new-report-seeds-of-hope-seeds-of-resilience\/\" target=\"_blank\">Seeds of Hope, Seeds of Resilience: How Biodiversity and Agroecology offer Solutions to Climate Change by Growing Living Carbon<\/a><\/strong><\/h4>\n<hr \/>\n<h4><strong><a href=\"http:\/\/seedfreedom.info\/launch-of-the-report-poison-is-served\/\">\u201cPoisons in our Plate\u201d \u2013 Glyphosate and Other poisons from field to table<\/a><\/strong><\/h4>\n<hr \/>\n<p><strong>Articles<\/strong><\/p>\n<h4><strong><a href=\"http:\/\/seedfreedom.info\/all-the-false-myths-about-pesticides\/\">All the false myths about pesticides. Here\u2019s what you need to know<\/a><\/strong><\/h4>\n<p>By Ruchi Shroff \u2013 LifeGate, 18 September 2017<\/p>\n<h4><strong><a href=\"http:\/\/seedfreedom.info\/food-and-farming-two-futures\/\">Food and farming: Two futures<\/a><\/strong><\/h4>\n<p>By Dr. Vandana Shiva \u2013 The Asian Age, 12 July 2017<\/p>\n<hr \/>\n<p><strong>Events and Actions<\/strong><\/p>\n<h4><strong><a href=\"http:\/\/seedfreedom.info\/bhoomi-2017-listening-to-the-mountains-highlights\/\">Bhoomi 2017: Listening to the Mountains<\/a><\/strong><\/h4>\n<p>Poison Free Food and Farming Pledge Launch &#8211; New Delhi, 1st October 2017<\/p>\n<h4><strong><a href=\"http:\/\/seedfreedom.info\/conference-poisons-at-the-door\/\">Conference: Poisons at the Door<\/a><\/strong><\/h4>\n<p>Rome, 10 July 2017<\/p>\n","protected":false},"excerpt":{"rendered":"<p>Cr\u00e9ons des Aliments et une Agriculture Sans Produits Toxiques, Revitalisons la Biodiversit\u00e9, Cultivons Organique Cela fait un si\u00e8cle que le [&hellip;]<\/p>\n","protected":false},"author":3,"featured_media":46681,"parent":0,"menu_order":0,"comment_status":"closed","ping_status":"closed","template":"","meta":{"_monsterinsights_skip_tracking":false,"_monsterinsights_sitenote_active":false,"_monsterinsights_sitenote_note":"","_monsterinsights_sitenote_category":0,"footnotes":""},"categories":[538],"tags":[535,536,534,537],"class_list":["post-46840","page","type-page","status-publish","has-post-thumbnail","hentry","category-dernieres-nouvelles","tag-democratie-de-la-terre","tag-nourriture","tag-semence","tag-sol"],"jetpack_shortlink":"https:\/\/wp.me\/P5eZaH-cbu","jetpack_sharing_enabled":true,"_links":{"self":[{"href":"https:\/\/seedfreedom.info\/fr\/wp-json\/wp\/v2\/pages\/46840","targetHints":{"allow":["GET"]}}],"collection":[{"href":"https:\/\/seedfreedom.info\/fr\/wp-json\/wp\/v2\/pages"}],"about":[{"href":"https:\/\/seedfreedom.info\/fr\/wp-json\/wp\/v2\/types\/page"}],"author":[{"embeddable":true,"href":"https:\/\/seedfreedom.info\/fr\/wp-json\/wp\/v2\/users\/3"}],"replies":[{"embeddable":true,"href":"https:\/\/seedfreedom.info\/fr\/wp-json\/wp\/v2\/comments?post=46840"}],"version-history":[{"count":5,"href":"https:\/\/seedfreedom.info\/fr\/wp-json\/wp\/v2\/pages\/46840\/revisions"}],"predecessor-version":[{"id":46845,"href":"https:\/\/seedfreedom.info\/fr\/wp-json\/wp\/v2\/pages\/46840\/revisions\/46845"}],"wp:featuredmedia":[{"embeddable":true,"href":"https:\/\/seedfreedom.info\/fr\/wp-json\/wp\/v2\/media\/46681"}],"wp:attachment":[{"href":"https:\/\/seedfreedom.info\/fr\/wp-json\/wp\/v2\/media?parent=46840"}],"wp:term":[{"taxonomy":"category","embeddable":true,"href":"https:\/\/seedfreedom.info\/fr\/wp-json\/wp\/v2\/categories?post=46840"},{"taxonomy":"post_tag","embeddable":true,"href":"https:\/\/seedfreedom.info\/fr\/wp-json\/wp\/v2\/tags?post=46840"}],"curies":[{"name":"wp","href":"https:\/\/api.w.org\/{rel}","templated":true}]}}