 {"id":35572,"date":"2015-09-30T02:12:22","date_gmt":"2015-09-30T00:12:22","guid":{"rendered":"http:\/\/seedfreedom.info\/?page_id=35572"},"modified":"2015-10-12T23:53:54","modified_gmt":"2015-10-12T21:53:54","slug":"seed-satyagraha-gradanski-neposluh-za-oslobadanje-sjemena-prisega","status":"publish","type":"page","link":"https:\/\/seedfreedom.info\/hr\/seed-satyagraha-gradanski-neposluh-za-oslobadanje-sjemena-prisega\/","title":{"rendered":"SEED SATYAGRAHA (Gra\u0111anski neposluh za osloba\u0111anje sjemena) \u2013 PRISEGA"},"content":{"rendered":"<div style=\"float: left; text-align: justify; width: 47%;\">\n<p style=\"text-align: left;\">Gajimo po\u0161tovanje prema sjemenima koje nam je darovala priroda i stolje\u0107a poljoprivrednog uzgoja.<\/p>\n<p style=\"text-align: left;\">Ne priznajemo sjeme kao korporacijski izum, te stoga ne priznajemo patente na sjeme i \u017eivot.<\/p>\n<p style=\"text-align: left;\">Podr\u017eavat \u0107emo na\u0161e lokalne banke sjemena kao izvore plodnog sjemena slobodnog izvora.<\/p>\n<p style=\"text-align: left;\">Ne priznajemo nikakve zakone stvorene prema korporativnim interesima, koji nas ometaju u na\u0161oj du\u017enosti \u010duvanja i dijeljenja dobrog sjemena, kako bi generacije iza nas bile jednako blagoslovljene primanjem ovih darova raznolikosti i hranjivosti kao \u0161to smo to bili mi.<\/p>\n<p style=\"text-align: left;\">Ne\u0107emo se pokoriti niti priznati nijedan zakon koji kriminalizira na\u0161a vremenski testirana sjemena.<\/p>\n<p style=\"text-align: left;\">Ovo je na\u0161 gra\u0111anski neposluh za sjeme &#8220;Seed Satyagraha&#8221;<\/p>\n<p style=\"text-align: left;\">Iz dobrog sjemena dolazi dobra hrana.<\/p>\n<p style=\"text-align: left;\">Ne priznajemo bezukusnu, prehrambeno praznu, otrovnu robu kao hranu.<\/p>\n<p style=\"text-align: left;\">Za nas je hrana oduvijek prirodna, organska, hranjiva, zdrava i sigurna.<\/p>\n<p style=\"text-align: left;\">Odbijamo prihvatiti poljoprivredni sustav koji temelji na otrovima kao siguran.<\/p>\n<p style=\"text-align: left;\">Odbijamo dopustiti, da jo\u0161 jedna p\u010dela umre.<\/p>\n<p style=\"text-align: left;\">Ne priznajemo neznanstvene zablude o &#8220;su\u0161tinskoj jednakosti&#8221; genetski modificirane hrane i ne-GMO hrane.<\/p>\n<p style=\"text-align: left;\">Odbijamo prihvatiti industrijsku poljoprivredu kao rje\u0161enje za klimatsku krizu jer znamo da je upravo ona jedan od uzroka. Tako\u0111er znamo da organski uzgoj i \u017eiva tla predstavljaju klju\u010d za rje\u0161avanje klimatske krize.<\/p>\n<p style=\"text-align: left;\">Uzgajat \u0107emo organsku hranu posvuda na na\u0161im farmama, u na\u0161im vrtovima, na na\u0161im balkonima i na\u0161im terasama.<\/p>\n<p style=\"text-align: left;\">Hranit \u0107emo se organski, u na\u0161im kuhinjama, na\u0161im restoranima, na\u0161im \u0161kolama i uredima.<\/p>\n<p style=\"text-align: left;\">Na\u0161i vrtovi \u0107e biti mjesta Gra\u0111anskog neposluha (Satyagraha)<\/p>\n<p style=\"text-align: left;\"><em>Translation kindly provided by Jana Shanti (<a href=\"http:\/\/zemljazanas.com\/\" target=\"_blank\">http:\/\/zemljazanas.com\/<\/a>)<\/em><\/p>\n<hr \/>\n<p><a href=\"https:\/\/i0.wp.com\/seedfreedom.info\/wp-content\/uploads\/2015\/07\/CampaignCalltoAction2015.jpg\"><img data-recalc-dims=\"1\" loading=\"lazy\" decoding=\"async\" class=\"alignnone wp-image-34423 size-full\" src=\"https:\/\/i0.wp.com\/seedfreedom.info\/wp-content\/uploads\/2015\/07\/CampaignCalltoAction2015.jpg?resize=280%2C140\" alt=\"poster\" width=\"280\" height=\"140\" \/><\/a><\/p>\n<h4><strong><a href=\"http:\/\/seedfreedom.info\/hr\/campaign\/poziv-na-akciju-za-zivo-sjeme-i-zivo-tlo-2015\/\" target=\"_blank\">Poziv na akciju za \u017divo Sjeme i \u017divo Tlo \u2013 2015<\/a><\/strong><\/h4>\n<p><span id=\"fbPhotoSnowliftCaption\" class=\"fbPhotosPhotoCaption\" tabindex=\"0\" data-ft=\"{&quot;tn&quot;:&quot;K&quot;}\"><span class=\"hasCaption\">od 2. do 16. Listopada 2015<\/span><\/span><\/p>\n<hr \/>\n<p style=\"text-align: left;\"><strong><a href=\"http:\/\/seedfreedom.info\/wp-content\/uploads\/2015\/09\/Seed-Satyagraha-Soft-Copy.pdf\" target=\"_blank\">Click here to download Seed Satyagraha booklet<\/a><\/strong><\/p>\n<hr \/>\n<\/div>\n<div style=\"float: right; text-align: justify; width: 47%;\">\n<h4><strong>\u00a0<a href=\"http:\/\/seedfreedom.info\/seed-satyagraha-civil-disobedience-to-end-seed-slavery-pledge-signatures\/\" target=\"_blank\"><span style=\"color: #993300;\"><em>View Signatures<\/em><\/span><\/a><\/strong><\/h4>\n<h3><strong>POTPI\u0160ITE PRISEGU<\/strong><\/h3>\n<p><iframe loading=\"lazy\" id=\"JotFormIFrame\" style=\"width: 100%; height: 900px; border: none;\" src=\"https:\/\/form.jotform.com\/form\/52508107695964\" width=\"300\" height=\"150\" frameborder=\"0\" scrolling=\"yes\"><br \/>\n<\/iframe><br \/>\n<script type=\"text\/javascript\">\/\/ <![CDATA[\nwindow.handleIFrameMessage = function(e) {\n        var args = e.data.split(\":\");\n        var iframe = document.getElementById(\"JotFormIFrame\");\n        if (!iframe)\n          return;\n        switch (args[0]) {\n          case \"scrollIntoView\":\n            iframe.scrollIntoView();\n            break;\n          case \"setHeight\":\n            iframe.style.height = args[1] + \"px\";\n            break;\n          case \"collapseErrorPage\":\n            if (iframe.clientHeight > window.innerHeight) {\n              iframe.style.height = window.innerHeight + \"px\";\n            }\n            break;\n          case \"reloadPage\":\n            window.location.reload();\n            break;\n        }\n        var isJotForm = (e.origin.indexOf(\"jotform\") > -1) ? true : false;\n        if(isJotForm &#038;& \"contentWindow\" in iframe &#038;& \"postMessage\" in iframe.contentWindow) {\n          var urls = {\"docurl\":encodeURIComponent(document.URL),\"referrer\":encodeURIComponent(document.referrer)};\n          iframe.contentWindow.postMessage(JSON.stringify({\"type\":\"urls\",\"value\":urls}), \"*\");\n        }\n      };\n      if (window.addEventListener) {\n        window.addEventListener(\"message\", handleIFrameMessage, false);\n      } else if (window.attachEvent) {\n        window.attachEvent(\"onmessage\", handleIFrameMessage);\n      }\n      if(window.location.href &#038;& window.location.href.indexOf(\"?\") > -1) {\n        var ifr = document.getElementById(\"JotFormIFrame\");\n        var get = window.location.href.substr(window.location.href.indexOf(\"?\") + 1);\n        if(ifr &#038;& get.length > 0) {\n          var src = ifr.src;\n          src = src.indexOf(\"?\") > -1 ? src + \"&#038;\" + get : src  + \"?\" + get;\n          ifr.src = src;\n        }\n      }\n\/\/ ]]><\/script><\/p>\n<\/div>\n<div style=\"clear: both;\"><\/div>\n","protected":false},"excerpt":{"rendered":"<p>Gajimo po\u0161tovanje prema sjemenima koje nam je darovala priroda i stolje\u0107a poljoprivrednog uzgoja. Ne priznajemo sjeme kao korporacijski izum, te [&hellip;]<\/p>\n","protected":false},"author":3,"featured_media":35083,"parent":0,"menu_order":0,"comment_status":"closed","ping_status":"closed","template":"","meta":{"_monsterinsights_skip_tracking":false,"_monsterinsights_sitenote_active":false,"_monsterinsights_sitenote_note":"","_monsterinsights_sitenote_category":0,"footnotes":""},"categories":[],"tags":[],"class_list":["post-35572","page","type-page","status-publish","has-post-thumbnail","hentry"],"jetpack_shortlink":"https:\/\/wp.me\/P5eZaH-9fK","jetpack_sharing_enabled":true,"_links":{"self":[{"href":"https:\/\/seedfreedom.info\/hr\/wp-json\/wp\/v2\/pages\/35572","targetHints":{"allow":["GET"]}}],"collection":[{"href":"https:\/\/seedfreedom.info\/hr\/wp-json\/wp\/v2\/pages"}],"about":[{"href":"https:\/\/seedfreedom.info\/hr\/wp-json\/wp\/v2\/types\/page"}],"author":[{"embeddable":true,"href":"https:\/\/seedfreedom.info\/hr\/wp-json\/wp\/v2\/users\/3"}],"replies":[{"embeddable":true,"href":"https:\/\/seedfreedom.info\/hr\/wp-json\/wp\/v2\/comments?post=35572"}],"version-history":[{"count":3,"href":"https:\/\/seedfreedom.info\/hr\/wp-json\/wp\/v2\/pages\/35572\/revisions"}],"predecessor-version":[{"id":35963,"href":"https:\/\/seedfreedom.info\/hr\/wp-json\/wp\/v2\/pages\/35572\/revisions\/35963"}],"wp:featuredmedia":[{"embeddable":true,"href":"https:\/\/seedfreedom.info\/hr\/wp-json\/wp\/v2\/media\/35083"}],"wp:attachment":[{"href":"https:\/\/seedfreedom.info\/hr\/wp-json\/wp\/v2\/media?parent=35572"}],"wp:term":[{"taxonomy":"category","embeddable":true,"href":"https:\/\/seedfreedom.info\/hr\/wp-json\/wp\/v2\/categories?post=35572"},{"taxonomy":"post_tag","embeddable":true,"href":"https:\/\/seedfreedom.info\/hr\/wp-json\/wp\/v2\/tags?post=35572"}],"curies":[{"name":"wp","href":"https:\/\/api.w.org\/{rel}","templated":true}]}}