 {"id":44175,"date":"2017-03-15T19:32:42","date_gmt":"2017-03-15T18:32:42","guid":{"rendered":"http:\/\/seedfreedom.info\/it\/?page_id=44175"},"modified":"2017-03-16T14:07:17","modified_gmt":"2017-03-16T13:07:17","slug":"dichiarazione-per-la-liberta-dei-semi","status":"publish","type":"page","link":"https:\/\/seedfreedom.info\/it\/dichiarazione-per-la-liberta-dei-semi\/","title":{"rendered":"Dichiarazione per la Libert\u00e0 dei Semi"},"content":{"rendered":"<div style=\"background: url('http:\/\/seedfreedom.info\/wp-content\/uploads\/2014\/09\/pergamena.png') top center no-repeat; width: 100%; height: 850px; padding: 350px 0px;\">\n<ol class=\"seriftype\" style=\"width: 700px; margin: auto; text-align: justify;\">\n<li>Il seme \u00e8 la sorgente della vita, rappresenta la necessit\u00e0 della vita di esprimere se stessa, di rinnovarsi, di moltiplicarsi e di evolversi all&#8217;infinito liberamente.<\/li>\n<li>Il seme \u00e8 la personificazione della biodiversit\u00e0 culturale. Contiene milioni di anni di evoluzione biologica e culturale e il potenziale di un futuro millenario.<\/li>\n<li>La libert\u00e0 dei semi \u00e8 un diritto originario di tutte le forme di vita ed \u00e8 la base della protezione della biodiversit\u00e0.<\/li>\n<li>La libert\u00e0 dei semi \u00e8 un diritto millenario di ogni agricoltore e produttore di cibo. Il diritto degli agricoltori di conservare, scambiare, migliorare, riprodurre e vendere I semi \u00e8 il cuore della Libert\u00e0 dei Semi. Quando questa libert\u00e0 \u00e8 rubata, gli agricoltori rimangono intrappolati nell&#8217;indebitamento e in casi estremi si suicidano.<\/li>\n<li>La libert\u00e0 dei Semi \u00e8 la base della Libert\u00e0 Alimentare, visto che i semi sono il primo anello della catena alimentare.<\/li>\n<li>La libert\u00e0 dei semi \u00e8 minacciata dai brevetti, che creano monopoli sui semi e rendono illegale la conservazione e lo scambio dei semi.<br \/>\nI brevetti sui semi sono eticamente ed ecologicamente ingiustificati perch\u00e9 i brevetti sono diritti esclusivi concessi per un&#8217;invenzione. Un seme non \u00e8 un&#8217;invenzione. La vita non \u00e8 un&#8217;invenzione.<\/li>\n<li>La libert\u00e0 dei semi delle diverse culture \u00e8 minacciata dalla Biopirateria e dai brevetti sulle conoscenze indigene e sulla loro biodiversit\u00e0. La Biopirateria non \u00e8 innovazione, \u00e8 un ladrocinio.<\/li>\n<li>La libert\u00e0 dei semi \u00e8 minacciata dai semi OGM, che stanno contaminando le nostre fattorie, chiudendo cos\u00ec ogni opzione di scelta per cibi OGM free per tutti. La libert\u00e0 dei semi per i contadini \u00e8 minacciata quando, dopo le contaminazioni, le multinazionali li citano in giudizio per \u201caver rubato le loro propriet\u00e0\u201d.<\/li>\n<li>La libert\u00e0 dei semi \u00e8 minacciata dalla loro deliberata trasformazione da una risorsa rinnovabile autogenerativa ad una merce brevettata non rinnovabile. Il caso pi\u00f9 estremo di seme non rinnovabile \u00e8 la \u201cTecnologia Terminator\u201d sviluppata con lo scopo di creare un seme sterile.<\/li>\n<li>Noi ci impegniamo a difendere le libert\u00e0 dei semi come libert\u00e0 delle diverse specie di\u00a0\u00a0\u00a0\u00a0\u00a0\u00a0\u00a0\u00a0\u00a0\u00a0\u00a0 evolvere; come libert\u00e0 delle comunit\u00e0 umane di rivendicare i semi come\u201d beni comuni\u201d.<\/li>\n<\/ol>\n<div class=\"seriftype\" style=\"font-style: italic; width: 600px; margin: auto; text-align: center; font-size: 15px; font-weight: bold; margin-top: 50px;\">A tal fine, noi salveremo i semi, creeremo banche dei semi comunitarie e centri di documentazione sui semi; non riconosceremo alcuna legge che illegittimamente rende I semi propriet\u00e0 privata delle multinazionali; noi fermeremo la brevettazione dei semi.<\/div>\n<div style=\"text-align: center; padding-top: 20px; width: 600px; margin: auto;\">\n<h4 class=\"signup\" style=\"text-align: center; float: left;\"><img data-recalc-dims=\"1\" decoding=\"async\" style=\"height: 60px;\" src=\"https:\/\/i0.wp.com\/seedfreedom.in\/wp-content\/uploads\/2012\/06\/profile_img5.png?w=940\" alt=\"\" \/><br \/>\n<strong><a class=\"signup\" href=\"http:\/\/seedfreedom.in\/sign.html?iframe=true&amp;width=450&amp;height=480\" rel=\"prettyPhoto[iframes]\">Fai Click qui per<br \/>\nfirmare la Dichiarazione<\/a><\/strong><br \/>\n<strong><script>\/\/ <![CDATA[\n\/\/ < ![CDATA[\n\/\/ < ![CDATA[ jQuery(function($){ $(\".signup\").colorbox({iframe:true, innerWidth:\"420px\", opacity:\"0.5\", innerHeight:\"450px\", href:\"http:\/\/seedfreedom.in\/sign.html\" }); });\n\/\/ ]]><\/script><\/strong><\/h4>\n<h4 style=\"text-align: center; float: right;\"><strong><img data-recalc-dims=\"1\" decoding=\"async\" style=\"height: 60px;\" src=\"https:\/\/i0.wp.com\/seedfreedom.in\/wp-content\/uploads\/2012\/06\/profile_img7.png?w=940\" alt=\"\" \/><\/strong><br \/>\n<strong> <a href=\"http:\/\/seedfreedom.in\/wp-content\/uploads\/2012\/06\/declaration.pdf\"> Fai Click qui per scaricare<br \/>\nil pdf (inglese)<\/a><\/strong><\/h4>\n<h4 class=\"clear\"><\/h4>\n<\/div>\n<div style=\"padding-left: 270px; z-index: 999; width: 700px; margin: auto; text-align: center; padding-top: 20px;\">\n<p><a class=\"twitter-share-button\" href=\"https:\/\/twitter.com\/share\">Tweet<\/a><script>\/\/ <![CDATA[\n\/\/ < ![CDATA[\n\/\/ < ![CDATA[\n\/\/ < ![CDATA[\n\/\/ < ![CDATA[\n\/\/ < ![CDATA[\n\/\/ < ![CDATA[ !function(d,s,id){var js,fjs=d.getElementsByTagName(s)[0];if(!d.getElementById(id)){js=d.createElement(s);js.id=id;js.src=\"\/\/platform.twitter.com\/widgets.js\";fjs.parentNode.insertBefore(js,fjs);}}(document,\"script\",\"twitter-wjs\");\n\/\/ ]]><\/script><!-- Place this tag where you want the +1 button to render --><!-- Place this render call where appropriate --><script>\/\/ <![CDATA[\n\/\/ < ![CDATA[\n\/\/ < ![CDATA[\n\/\/ < ![CDATA[\n\/\/ < ![CDATA[\n\/\/ < ![CDATA[\n\/\/ < ![CDATA[ (function() { var po = document.createElement('script'); po.type = 'text\/javascript'; po.async = true; po.src = 'https:\/\/apis.google.com\/js\/plusone.js'; var s = document.getElementsByTagName('script')[0]; s.parentNode.insertBefore(po, s); })();\n\/\/ ]]><\/script><\/p>\n<div class=\"fb-like\" style=\"top: -5px;\" data-href=\"http:\/\/www.seedfreedom.in\/declaration\/\" data-send=\"true\" data-width=\"450\" data-show-faces=\"true\"><\/div>\n<\/div>\n<\/div>\n<h4>The Declaration on Seed Freedom in other languages (not yet displayed here) is available at the following link: <a href=\"http:\/\/seedfreedomfortnight.blogspot.it\/2012\/09\/english.html\" target=\"_blank\">http:\/\/seedfreedomfortnight.blogspot.it\/2012\/09\/english.html<\/a><\/h4>\n<hr \/>\n<h4>Thank you for signing the Declaration.<\/h4>\n<ul>\n<li>\n<h4>For Organisations\/Movements\/Associations &#8211; Join the <a href=\"http:\/\/seedfreedom.info\/global-movement-for-seed-freedom-our-resolve-our-commitment\/\" target=\"_blank\">Global Movement for Seed Freedom<\/a>:<br \/>\nsend us\u00a0your logo with website and contact details by filling the form <strong><a href=\"http:\/\/seedfreedom.info\/join-the-global-movement-for-seed-freedom\/\" target=\"_blank\">at this link<\/a><\/strong>.<\/h4>\n<\/li>\n<\/ul>\n<ul>\n<li>\n<h4>Please keep adding your actions &amp; events to the Seed Freedom Calendar.<\/h4>\n<ul>\n<li>\n<h4>Fill Event Formular: <a href=\"http:\/\/seedfreedom.info\/events\/submit-your-event\/\" target=\"_blank\">http:\/\/seedfreedom.info\/events\/submit-your-event\/<\/a><\/h4>\n<\/li>\n<li>\n<h4>For Events near you see: <a href=\"http:\/\/seedfreedom.info\/events\/\" target=\"_blank\">http:\/\/seedfreedom.info\/events\/<\/a><\/h4>\n<\/li>\n<\/ul>\n<\/li>\n<li dir=\"ltr\">\n<h4 dir=\"ltr\">Subscribe to Seed Freedom News &amp; Updates: <a href=\"http:\/\/seedfreedom.info\/newsletter\/\" target=\"_blank\">http:\/\/seedfreedom.info\/newsletter\/<\/a><\/h4>\n<\/li>\n<\/ul>\n","protected":false},"excerpt":{"rendered":"<p>Il seme \u00e8 la sorgente della vita, rappresenta la necessit\u00e0 della vita di esprimere se stessa, di rinnovarsi, di moltiplicarsi [&hellip;]<\/p>\n","protected":false},"author":3,"featured_media":0,"parent":0,"menu_order":0,"comment_status":"closed","ping_status":"closed","template":"","meta":{"_monsterinsights_skip_tracking":false,"_monsterinsights_sitenote_active":false,"_monsterinsights_sitenote_note":"","_monsterinsights_sitenote_category":0,"footnotes":""},"categories":[696,521],"tags":[525],"class_list":["post-44175","page","type-page","status-publish","hentry","category-seed-freedom-in-action-it","category-ultime-notizie","tag-semi"],"jetpack_shortlink":"https:\/\/wp.me\/P5eZaH-buv","jetpack_sharing_enabled":true,"_links":{"self":[{"href":"https:\/\/seedfreedom.info\/it\/wp-json\/wp\/v2\/pages\/44175","targetHints":{"allow":["GET"]}}],"collection":[{"href":"https:\/\/seedfreedom.info\/it\/wp-json\/wp\/v2\/pages"}],"about":[{"href":"https:\/\/seedfreedom.info\/it\/wp-json\/wp\/v2\/types\/page"}],"author":[{"embeddable":true,"href":"https:\/\/seedfreedom.info\/it\/wp-json\/wp\/v2\/users\/3"}],"replies":[{"embeddable":true,"href":"https:\/\/seedfreedom.info\/it\/wp-json\/wp\/v2\/comments?post=44175"}],"version-history":[{"count":2,"href":"https:\/\/seedfreedom.info\/it\/wp-json\/wp\/v2\/pages\/44175\/revisions"}],"predecessor-version":[{"id":44180,"href":"https:\/\/seedfreedom.info\/it\/wp-json\/wp\/v2\/pages\/44175\/revisions\/44180"}],"wp:attachment":[{"href":"https:\/\/seedfreedom.info\/it\/wp-json\/wp\/v2\/media?parent=44175"}],"wp:term":[{"taxonomy":"category","embeddable":true,"href":"https:\/\/seedfreedom.info\/it\/wp-json\/wp\/v2\/categories?post=44175"},{"taxonomy":"post_tag","embeddable":true,"href":"https:\/\/seedfreedom.info\/it\/wp-json\/wp\/v2\/tags?post=44175"}],"curies":[{"name":"wp","href":"https:\/\/api.w.org\/{rel}","templated":true}]}}