 {"id":46721,"date":"2017-10-09T20:10:17","date_gmt":"2017-10-09T18:10:17","guid":{"rendered":"http:\/\/seedfreedom.info\/it\/?page_id=46721"},"modified":"2017-10-11T17:09:18","modified_gmt":"2017-10-11T15:09:18","slug":"impegno-per-unalimentazione-e-unagricoltura-senza-veleni","status":"publish","type":"page","link":"https:\/\/seedfreedom.info\/it\/impegno-per-unalimentazione-e-unagricoltura-senza-veleni\/","title":{"rendered":"Impegno per un&#8217;alimentazione e un&#8217;agricoltura senza veleni"},"content":{"rendered":"<div style=\"float: left; text-align: justify; width: 47%;\">\n<h4><strong>Un\u2019agricoltura e un\u2019alimentazione senza veleni: rinnovare la biodiversit\u00e0, coltivare biologico<\/strong><\/h4>\n<p>Nel corso di un secolo, il \u201cCartello dei Veleni\u201d ha dichiarato guerra alla vita sulla terra, alla diversit\u00e0 delle specie, ai territori, alla societ\u00e0, agli agricoltori, alla nostra salute, ai sistemi che garantirebbero la stabilit\u00e0 del clima, alla conoscenza, alla scienza e alla nostra democrazia e libert\u00e0. Se continuiamo su questo percorso tossico, potremmo trovarci di fronte all\u2019ultimo secolo di vita umana sulla terra.<\/p>\n<p>Il \u201cCartello dei Veleni\u201d ci sta conducendo verso la sesta estinzione di massa della flora e della fauna che costituiscono il fondamento del nostro approvvigionamento alimentare. L\u2019agricoltura industriale, basata sull\u2019utilizzo di veleni, \u00e8 la causa principale dell\u2019estinzione delle specie, dagli uccelli alle api, alle foreste, ai microorganismi del suolo, alla vitale flora batterica del nostro organismo. Le monocolture industriali hanno spazzato via la biodiversit\u00e0 dei vegetali e degli insetti impollinatori. Nel contempo le colture geneticamente modificate del tipo Bt, contenenti una tossina con funzione di pesticida all\u2019interno del dna, hanno annientato il 90% delle farfalle monarca. L\u2019agricoltura tossica, basata sui combustibili fossili, \u00e8 anche responsabile dell\u2019emissione del 50% dei gas serra che stanno causando il cambiamento climatico.<\/p>\n<p>Nonostante la sua vitale importanza per la sopravvivenza umana, la biodiversit\u00e0 in agricoltura si sta esaurendo ad un ritmo allarmante. Abbiamo bisogno della biodiversit\u00e0 per consentire l&#8217;evoluzione e quindi la capacit\u00e0 di adattamento. Essa \u00e8 stata sviluppata nel corso di migliaia di generazioni ed \u00e8 nostro dovere salvaguardarla per le generazioni future. L\u2019utilizzo di prodotti chimici velenosi in agricoltura ha causato l\u2019indebitamento e lo sradicamento dei piccoli coltivatori dalle loro terre, oltre all\u2019ondata di decessi e suicidi tra i contadini indiani, la crisi dei rifugiati in Africa, in Siria ed in altri paesi vulnerabili.<\/p>\n<p>La ricerca scientifica ci ha mostrato come i veleni presenti nell\u2019ambiente e nel nostro cibo stanno avendo effetti devastanti sulla salute dei nostri bambini: riduzione del quoziente intellettivo, sindrome da deficit di attenzione e iperattivit\u00e0, carenze nella coordinazione motoria, malattie dello spettro bipolare\/schizofrenico, depressione e obesit\u00e0 infantile. Le ricerche inoltre dimostrano che questi veleni sono alla radice dell\u2019incremento di malattie croniche non contagiose, come danni al fegato e ai reni, problemi dell\u2019apparato riproduttivo, malformazioni alla nascita, cancro, neurotossicit\u00e0 nella fase dello sviluppo, disturbi endocrini, alterazioni metaboliche e mutazioni epigenetiche.<\/p>\n<p>I prodotti e le tecnologie del Cartello dei Veleni sono strumenti di violenza, distruzione e morte.<br \/>\nL\u2019agroecologia e l\u2019agricoltura biologica rigenerativa, oltre a produrre cibo di qualit\u00e0 e di alto valore nutritivo, rappresentano la soluzione alla crisi climatica e sono in grado di fermare la corsa verso la sesta estinzione di massa, inclusa l\u2019estinzione della specie umana.<\/p>\n<p>Come disse Gandhi, la Terra pu\u00f2 fornire abbastanza per i bisogni di tutti, ma non per l&#8217;avidit\u00e0 di poche persone. Nel giorno del compleanno di Gandhi, la giornata internazionale della non-violenza, prendiamo un impegno personale e comunitario di coltivare e mangiare cibo biologico e libero da veleni per proteggere la nostra salute e quella di tutte le specie viventi.<\/p>\n<p>Questo \u00e8 il tipo di nutrimento di cui l\u2019umanit\u00e0 ha bisogno, in quanto fondamento imprescindibile per preservare la vita sulla Terra. La transizione da un paradigma basato sulla cupidigia e la violenza ad un\u2019alternativa in cui si pensa e si vive in modo cooperativo e non-violento \u00e8 diventata un imperativo per la sopravvivenza.<\/p>\n<\/div>\n<div style=\"float: right; text-align: justify; width: 47%;\">\n\n<\/div>\n<div style=\"clear: both;\"><\/div>\n<p><strong>Stiamo creando una rete di aree libere da veleni, in cui si pratica un\u2019agricoltura ecologica, che rinnova la biodiversit\u00e0, il suolo e l\u2019acqua, che crea resilienza ai mutamenti climatici e che al contempo li mitiga, che protegge la salute e il benessere dei nostri figli e di ogni specie vivente.<\/strong><\/p>\n<p><strong>Grazie ad un\u2019agricoltura e ad un\u2019alimentazione senza veleni, stiamo diffondendo i semi di un futuro migliore per tutti gli esseri che abitano questo pianeta generoso e vibrante di vita.<\/strong><\/p>\n<hr \/>\n<h4><span style=\"color: #993366;\"><strong><a style=\"color: #993366;\" href=\"http:\/\/seedfreedom.info\/wp-content\/uploads\/2017\/10\/Brochure-Italian-Hi-res-2_.pdf\" target=\"_blank\">Scarica il volantino<\/a> \u2014 <a style=\"color: #993366;\" href=\"http:\/\/seedfreedom.info\/wp-content\/uploads\/2017\/10\/POSTCARD-ITA-A1.png\" target=\"_blank\">Scarica la cartolina <\/a><\/strong><\/span><\/h4>\n<p style=\"text-align: right;\"><a href=\"http:\/\/seedfreedom.info\/contact-us\/\" target=\"_blank\">Contact us<\/a><\/p>\n<hr \/>\n<p><strong>Contenuti correlati\u00a0 <\/strong><\/p>\n<p><em>Eventi<\/em><\/p>\n<p><strong><a href=\"it\/eventi-navdanya-international\/449-conferenza-diritto-all-ambiente-alla-salute-alla-biodiversita\">Conferenza: Diritto all\u2019Ambiente, alla Salute, alla Biodiversit\u00e0<\/a><\/strong><\/p>\n<p>Roma, 1 ottobre 2017<\/p>\n<p><strong><a href=\"it\/eventi-navdanya-international\/423-salviamo-i-nostri-agricoltori-acqua-bene-comune\">No al CETA, salviamo i nostri agricoltori e manteniamo acqua come bene pubblico<\/a><\/strong><\/p>\n<p>Roma, 10 luglio 2017<\/p>\n<p><strong><a href=\"it\/eventi-navdanya-international\/392-presentazione-dossier-il-veleno-e-servito\">Presentazione del Dossier \u201cIl Veleno \u00e8 Servito\u201d \u2013 Glifosato e altri veleni: dai campi alla tavola<\/a><\/strong><\/p>\n<p>Roma, 24 maggio 2017<\/p>\n<p><strong><a href=\"it\/eventi-navdanya-international\/428-lancio-ice-stop-glifosato\">Parte la sfida dei cittadini europei per dire Stop al glifosato<\/a><\/strong><\/p>\n<p>8 febbraio 2017<\/p>\n<hr \/>\n<p><em>Articoli<\/em><\/p>\n<p><strong><a href=\"it\/notizie-navdanya-international\/450-solo-il-carbonio-vivo-salvera-la-terra\">Solo il carbonio vivo salver\u00e0 la terra<\/a><\/strong><\/p>\n<p>Di Vandana Shiva \u2013 Il Manifesto, 22 settembre 2017<\/p>\n<p><strong><a href=\"it\/notizie-navdanya-international\/443-india-12mila-contadini-suicidi-ogni-anno\">India: 12mila contadini suicidi ogni anno<\/a><\/strong><\/p>\n<p>Di Marta Gatti \u2013 Osservatorio Diritti, 14 settembre 2017 (intervista a Ruchi Shroff, Navdanya International)<\/p>\n<p><a href=\"it\/notizie-navdanya-international\/435-i-complici-europei-del-glifosato\"><strong>I complici europei del glifosato<\/strong> <\/a><\/p>\n<p>Di Ruchi Shroff \u2013 Comune Info, 27 luglio 2017<\/p>\n<p><strong><a href=\"it\/notizie-navdanya-international\/416-un-agricoltura-senza-agricoltori\">Un\u2019agricoltura senza agricoltori<\/a><\/strong><\/p>\n<p>Di Vandana Shiva &#8211; L&#8217;Huffington Post, 7 luglio 2017<\/p>\n<p><strong><a href=\"it\/notizie-navdanya-international\/403-diffondere-la-democrazia-della-terra-ai-tempi-di-trump\">Diffondere la Democrazia della Terra ai tempi di Trump: la crisi planetaria, responsabilit\u00e0 e diritti<\/a><\/strong><\/p>\n<p>Di Vandana Shiva \u2013 L&#8217;Huffington Post, 6 giugno 2017<\/p>\n<p><strong><a href=\"it\/notizie-navdanya-international\/385-tribunale-monsanto-opinione-legale\">L\u2019opinione legale consultiva del Tribunale Monsanto rilancia l\u2019azione globale dei movimenti<\/a><\/strong><\/p>\n<p>Di Ruchi Shroff, 18 aprile 2017<\/p>\n","protected":false},"excerpt":{"rendered":"<p>Un\u2019agricoltura e un\u2019alimentazione senza veleni: rinnovare la biodiversit\u00e0, coltivare biologico Nel corso di un secolo, il \u201cCartello dei Veleni\u201d ha [&hellip;]<\/p>\n","protected":false},"author":3,"featured_media":46681,"parent":0,"menu_order":0,"comment_status":"closed","ping_status":"closed","template":"","meta":{"_monsterinsights_skip_tracking":false,"_monsterinsights_sitenote_active":false,"_monsterinsights_sitenote_note":"","_monsterinsights_sitenote_category":0,"footnotes":""},"categories":[520,696,521],"tags":[527,528,525,524],"class_list":["post-46721","page","type-page","status-publish","has-post-thumbnail","hentry","category-in-primo-piano","category-seed-freedom-in-action-it","category-ultime-notizie","tag-cibo","tag-democrazia-della-terra","tag-semi","tag-suolo"],"jetpack_shortlink":"https:\/\/wp.me\/P5eZaH-c9z","jetpack_sharing_enabled":true,"_links":{"self":[{"href":"https:\/\/seedfreedom.info\/it\/wp-json\/wp\/v2\/pages\/46721","targetHints":{"allow":["GET"]}}],"collection":[{"href":"https:\/\/seedfreedom.info\/it\/wp-json\/wp\/v2\/pages"}],"about":[{"href":"https:\/\/seedfreedom.info\/it\/wp-json\/wp\/v2\/types\/page"}],"author":[{"embeddable":true,"href":"https:\/\/seedfreedom.info\/it\/wp-json\/wp\/v2\/users\/3"}],"replies":[{"embeddable":true,"href":"https:\/\/seedfreedom.info\/it\/wp-json\/wp\/v2\/comments?post=46721"}],"version-history":[{"count":4,"href":"https:\/\/seedfreedom.info\/it\/wp-json\/wp\/v2\/pages\/46721\/revisions"}],"predecessor-version":[{"id":46752,"href":"https:\/\/seedfreedom.info\/it\/wp-json\/wp\/v2\/pages\/46721\/revisions\/46752"}],"wp:featuredmedia":[{"embeddable":true,"href":"https:\/\/seedfreedom.info\/it\/wp-json\/wp\/v2\/media\/46681"}],"wp:attachment":[{"href":"https:\/\/seedfreedom.info\/it\/wp-json\/wp\/v2\/media?parent=46721"}],"wp:term":[{"taxonomy":"category","embeddable":true,"href":"https:\/\/seedfreedom.info\/it\/wp-json\/wp\/v2\/categories?post=46721"},{"taxonomy":"post_tag","embeddable":true,"href":"https:\/\/seedfreedom.info\/it\/wp-json\/wp\/v2\/tags?post=46721"}],"curies":[{"name":"wp","href":"https:\/\/api.w.org\/{rel}","templated":true}]}}