 {"id":46794,"date":"2017-10-14T23:15:19","date_gmt":"2017-10-14T21:15:19","guid":{"rendered":"http:\/\/seedfreedom.info\/pt-br\/?page_id=46794"},"modified":"2017-10-14T23:15:19","modified_gmt":"2017-10-14T21:15:19","slug":"alimento-e-agricultura-sem-veneno","status":"publish","type":"page","link":"https:\/\/seedfreedom.info\/pt-br\/alimento-e-agricultura-sem-veneno\/","title":{"rendered":"Promessa de de Alimento e Agricultura sem veneno"},"content":{"rendered":"<div style=\"float: left; text-align: justify; width: 47%;\">\n<h4><strong>Criando alimentos e Agricultura sem veneno &#8211; Revejuvenescendo a Biodiversidade, Cultivando Org\u00e2nicos<\/strong><\/h4>\n<p>Por um s\u00e9culo, o Cartel Venenoso se envolveu em uma guerra contra a vida na Terra, contra diversas esp\u00e9cies, contra a terra, contra os agricultores e a sociedade, contra nossos corpos e nossa sa\u00fade, contra sistemas clim\u00e1ticos est\u00e1veis, contra o conhecimento, ci\u00eancia e cientistas, e contra democracia e liberdade.<\/p>\n<p>Ao continuar neste caminho t\u00f3xico, poder\u00edamos viver o \u00faltimo s\u00e9culo da vida humana na Terra.<\/p>\n<p>Este Cartel do Poison agora est\u00e1 conduzindo a sexta extin\u00e7\u00e3o em massa de esp\u00e9cies de plantas e animais que formam a base do nosso abastecimento alimentar. A agricultura industrial baseada em veneno \u00e9 o maior motor de extin\u00e7\u00e3o de esp\u00e9cies de aves e abelhas, de florestas (a Amaz\u00f4nia) a organismos de solo e esp\u00e9cies vitais em nossa flora intestinal. As monoculturas industriais destru\u00edram a diversidade de culturas que cultivamos e comemos, as abelhas que polinizam nossas colheitas enquanto pesticidas produzindo plantas de transg\u00eanicas eliminaram 90% da borboleta monarca. A agricultura t\u00f3xica baseada em combust\u00edveis f\u00f3sseis tamb\u00e9m \u00e9 respons\u00e1vel por 50% dos gases de efeito estufa que levam \u00e0 mudan\u00e7a Clim\u00e1tica.<\/p>\n<p>Apesar da sua import\u00e2ncia vital para a sobreviv\u00eancia humana, a biodiversidade agr\u00edcola est\u00e1 se perdendo num ritmo alarmante. Precisamos de biodiversidade para permitir a evolu\u00e7\u00e3o e, portanto, a capacidade de adapta\u00e7\u00e3o. Esta diversidade foi desenvolvida ao longo de milhares de gera\u00e7\u00f5es e nosso dever \u00e9 salvaguard\u00e1-la para o futuro. A agricultura com produtos qu\u00edmicos venenosos significa d\u00edvida e deslocamento de camponeses e pequenos agricultores, levando \u00e0 epidemia sem precedentes de mortes e suic\u00eddios dos agricultores na \u00cdndia e as crises de refugiados da \u00c1frica, S\u00edria e outros pa\u00edses vulner\u00e1veis.<\/p>\n<p>As pesquisas mostram que os venenos em nossos alimentos e meio ambiente est\u00e3o afetando negativamente nossos filhos atrav\u00e9s de QIs baixos, TDAH, dist\u00farbios do espectro do autismo, falta de coordena\u00e7\u00e3o f\u00edsica, problemas de perda no \u00a0gerenciamento de temperamento \/ raiva, espectro de doen\u00e7as bipolar \/ esquizofrenia, depress\u00e3o e obesidade infantil. A pesquisa tamb\u00e9m mostra que esses venenos s\u00e3o respons\u00e1veis pela epidemia de doen\u00e7as cr\u00f4nicas n\u00e3o contagiosas, como danos no f\u00edgado e nos rins, problemas reprodutivos, defeitos cong\u00eanitos, c\u00e2ncer, neurotoxicidade no desenvolvimento, dist\u00farbios end\u00f3crinos, dist\u00farbios metab\u00f3licos e muta\u00e7\u00f5es epigen\u00e9ticas.<\/p>\n<p>Produtos e tecnologias do cartel de veneno s\u00e3o ferramentas de viol\u00eancia, destrui\u00e7\u00e3o e morte.<br \/>\nAgroecologia e Agricultura Org\u00e2nica Regenerativa, enquanto \u00a0fornecem alimentos e nutri\u00e7\u00e3o, tamb\u00e9m s\u00e3o solu\u00e7\u00f5es para a crise clim\u00e1tica e podem travar a marcha atual para a sexta extin\u00e7\u00e3o em massa, incluindo a extin\u00e7\u00e3o de nossa pr\u00f3pria esp\u00e9cie.<\/p>\n<p>Como Gandhi nos lembrou, a Terra pode fornecer o suficiente para as necessidades de todos, mas n\u00e3o para a gan\u00e2ncia de poucas pessoas. No anivers\u00e1rio do nascimento de Gandhi, Dia Internacional da N\u00e3o-viol\u00eancia, prometemos que, individualmente e em nossas comunidades, vamos cultivar e comer alimentos org\u00e2nicos sem veneno para proteger nossa sa\u00fade e a de outras esp\u00e9cies.<\/p>\n<p>Este \u00e9 o alimento que a humanidade precisa como base para a continua\u00e7\u00e3o da vida na Terra.<br \/>\nA mudan\u00e7a de um paradigma voraz e baseado em viol\u00eancia para pensar e viver de forma cooperativa e n\u00e3o violenta tornou-se um imperativo para sobreviv\u00eancia.\n<\/p><\/div>\n<div style=\"float: right; text-align: justify; width: 47%;\">\n<\/div>\n<div style=\"clear: both;\"><\/div>\n<p><strong>Estamos criando uma rede de zonas org\u00e2nicas sem veneno que rejuvenescam a biodiversidade, o solo e a \u00e1gua, que criam resili\u00eancia clim\u00e1tica e estabilidade clim\u00e1tica, que protejam a sa\u00fade e o bem-estar de nossos filhos e os herdeiros de todas as esp\u00e9cies.<\/strong><\/p>\n<p><strong>Atrav\u00e9s do alimento e agricultura sem veneno, semeamos as sementes para um futuro melhor e o futuro de todos os seres em nossa viva, vibrante e generosa Terra.<\/strong><\/p>\n<hr \/>\n<h4><span style=\"color: #993366;\"><strong><a style=\"color: #993366;\" href=\"http:\/\/seedfreedom.info\/wp-content\/uploads\/2017\/10\/Poison-Free-Pledge-Leaflet.pdf\" target=\"_blank\">Download Leaflet<\/a> \u2014 <a style=\"color: #993366;\" href=\"http:\/\/seedfreedom.info\/wp-content\/uploads\/2017\/10\/POSTCARD-A8.png\" target=\"_blank\">Download Postcard\u00a0 <\/a><\/strong><\/span><\/h4>\n<p style=\"text-align: right;\"><a href=\"http:\/\/seedfreedom.info\/contact-us\/\" target=\"_blank\">Contact us<\/a><\/p>\n<hr \/>\n<p>Related Campaign<\/p>\n<p><a href=\"https:\/\/i0.wp.com\/seedfreedom.info\/wp-content\/uploads\/2017\/10\/tw-BACKGROUND-fatto-3-1100.jpg\"><img data-recalc-dims=\"1\" loading=\"lazy\" decoding=\"async\" class=\"alignnone size-medium wp-image-46694\" src=\"https:\/\/i0.wp.com\/seedfreedom.info\/wp-content\/uploads\/2017\/10\/tw-BACKGROUND-fatto-3-1100-300x150.jpg?resize=300%2C150\" alt=\"tw BACKGROUND fatto 3 1100\" width=\"300\" height=\"150\" srcset=\"https:\/\/i0.wp.com\/seedfreedom.info\/wp-content\/uploads\/2017\/10\/tw-BACKGROUND-fatto-3-1100.jpg?resize=300%2C150&amp;ssl=1 300w, https:\/\/i0.wp.com\/seedfreedom.info\/wp-content\/uploads\/2017\/10\/tw-BACKGROUND-fatto-3-1100.jpg?resize=768%2C384&amp;ssl=1 768w, https:\/\/i0.wp.com\/seedfreedom.info\/wp-content\/uploads\/2017\/10\/tw-BACKGROUND-fatto-3-1100.jpg?resize=1024%2C512&amp;ssl=1 1024w, https:\/\/i0.wp.com\/seedfreedom.info\/wp-content\/uploads\/2017\/10\/tw-BACKGROUND-fatto-3-1100.jpg?resize=280%2C140&amp;ssl=1 280w, https:\/\/i0.wp.com\/seedfreedom.info\/wp-content\/uploads\/2017\/10\/tw-BACKGROUND-fatto-3-1100.jpg?w=1100&amp;ssl=1 1100w\" sizes=\"auto, (max-width: 300px) 100vw, 300px\" \/><\/a><\/p>\n<h4><a href=\"http:\/\/seedfreedom.info\/campaign\/poison-free-food-and-farming\/\"><strong>Poison-free Food and Farming<\/strong><\/a><\/h4>\n<hr \/>\n<p><strong>Also read:<\/strong><\/p>\n<p><strong>Reports<\/strong><\/p>\n<h4 class=\"title\"><strong><a href=\"http:\/\/seedfreedom.info\/launch-toxic-story-of-roundup\/\">The Toxic Story of RoundUp: Freedom from the Poison Cartel through Agroecology<\/a><\/strong><\/h4>\n<hr \/>\n<h4 class=\"title\"><strong><a href=\"http:\/\/seedfreedom.info\/new-report-seeds-of-hope-seeds-of-resilience\/\" target=\"_blank\">Seeds of Hope, Seeds of Resilience: How Biodiversity and Agroecology offer Solutions to Climate Change by Growing Living Carbon<\/a><\/strong><\/h4>\n<hr \/>\n<h4><strong><a href=\"http:\/\/seedfreedom.info\/launch-of-the-report-poison-is-served\/\">\u201cPoisons in our Plate\u201d \u2013 Glyphosate and Other poisons from field to table<\/a><\/strong><\/h4>\n<hr \/>\n<p><strong>Articles<\/strong><\/p>\n<h4><strong><a href=\"http:\/\/seedfreedom.info\/all-the-false-myths-about-pesticides\/\">All the false myths about pesticides. Here\u2019s what you need to know<\/a><\/strong><\/h4>\n<p>By Ruchi Shroff \u2013 LifeGate, 18 September 2017<\/p>\n<h4><strong><a href=\"http:\/\/seedfreedom.info\/food-and-farming-two-futures\/\">Food and farming: Two futures<\/a><\/strong><\/h4>\n<p>By Dr. Vandana Shiva \u2013 The Asian Age, 12 July 2017<\/p>\n<hr \/>\n<p><strong>Events and Actions<\/strong><\/p>\n<h4><strong><a href=\"http:\/\/seedfreedom.info\/bhoomi-2017-listening-to-the-mountains-highlights\/\">Bhoomi 2017: Listening to the Mountains<\/a><\/strong><\/h4>\n<p>Poison Free Food and Farming Pledge Launch &#8211; New Delhi, 1st October 2017<\/p>\n<h4><strong><a href=\"http:\/\/seedfreedom.info\/conference-poisons-at-the-door\/\">Conference: Poisons at the Door<\/a><\/strong><\/h4>\n<p>Rome, 10 July 2017<\/p>\n","protected":false},"excerpt":{"rendered":"<p>Criando alimentos e Agricultura sem veneno &#8211; Revejuvenescendo a Biodiversidade, Cultivando Org\u00e2nicos Por um s\u00e9culo, o Cartel Venenoso se envolveu [&hellip;]<\/p>\n","protected":false},"author":3,"featured_media":46681,"parent":0,"menu_order":0,"comment_status":"closed","ping_status":"closed","template":"","meta":{"_monsterinsights_skip_tracking":false,"_monsterinsights_sitenote_active":false,"_monsterinsights_sitenote_note":"","_monsterinsights_sitenote_category":0,"footnotes":""},"categories":[675,676],"tags":[677,679,680,681,683,684,687,688],"class_list":["post-46794","page","type-page","status-publish","has-post-thumbnail","hentry","category-latest-news-pt-br","category-seed-freedom-in-action-pt-br","tag-agroecology-pt-br","tag-earth-democracy-pt-br","tag-food-pt-br","tag-food-freedom-pt-br","tag-gardens-of-hope-pt-br","tag-seed-pt-br","tag-soil-pt-br","tag-terra-viva-pt-br"],"jetpack_shortlink":"https:\/\/wp.me\/P5eZaH-caK","jetpack_sharing_enabled":true,"_links":{"self":[{"href":"https:\/\/seedfreedom.info\/pt-br\/wp-json\/wp\/v2\/pages\/46794","targetHints":{"allow":["GET"]}}],"collection":[{"href":"https:\/\/seedfreedom.info\/pt-br\/wp-json\/wp\/v2\/pages"}],"about":[{"href":"https:\/\/seedfreedom.info\/pt-br\/wp-json\/wp\/v2\/types\/page"}],"author":[{"embeddable":true,"href":"https:\/\/seedfreedom.info\/pt-br\/wp-json\/wp\/v2\/users\/3"}],"replies":[{"embeddable":true,"href":"https:\/\/seedfreedom.info\/pt-br\/wp-json\/wp\/v2\/comments?post=46794"}],"version-history":[{"count":4,"href":"https:\/\/seedfreedom.info\/pt-br\/wp-json\/wp\/v2\/pages\/46794\/revisions"}],"predecessor-version":[{"id":46834,"href":"https:\/\/seedfreedom.info\/pt-br\/wp-json\/wp\/v2\/pages\/46794\/revisions\/46834"}],"wp:featuredmedia":[{"embeddable":true,"href":"https:\/\/seedfreedom.info\/pt-br\/wp-json\/wp\/v2\/media\/46681"}],"wp:attachment":[{"href":"https:\/\/seedfreedom.info\/pt-br\/wp-json\/wp\/v2\/media?parent=46794"}],"wp:term":[{"taxonomy":"category","embeddable":true,"href":"https:\/\/seedfreedom.info\/pt-br\/wp-json\/wp\/v2\/categories?post=46794"},{"taxonomy":"post_tag","embeddable":true,"href":"https:\/\/seedfreedom.info\/pt-br\/wp-json\/wp\/v2\/tags?post=46794"}],"curies":[{"name":"wp","href":"https:\/\/api.w.org\/{rel}","templated":true}]}}