 {"id":34534,"date":"2015-08-06T20:34:24","date_gmt":"2015-08-06T18:34:24","guid":{"rendered":"http:\/\/seedfreedom.info\/?page_id=34534"},"modified":"2015-08-06T20:34:24","modified_gmt":"2015-08-06T18:34:24","slug":"movimento-global-sementes-livres-a-nossa-determinacao-o-nosso-compromisso","status":"publish","type":"page","link":"https:\/\/seedfreedom.info\/pt-pt\/movimento-global-sementes-livres-a-nossa-determinacao-o-nosso-compromisso\/","title":{"rendered":"Movimento Global Sementes Livres \u2013 A nossa determina\u00e7\u00e3o, o nosso compromisso"},"content":{"rendered":"<p><strong>O<\/strong><a href=\"http:\/\/seedfreedom.info\/the-global-movement-for-seed-freedom\/\"><strong> Movimento Global pelas Sementes Livres<\/strong><\/a> \u00e9 uma rede de pessoas e organiza\u00e7\u00f5es comprometidas a alinhar os nossos pensamentos e ac\u00e7\u00f5es com as leis de Gaia, Pachamama, Vasundhara, M\u00e3e Terra\u2026 N\u00f3s protegemos a biodiversidade do planeta, defendendo a evolu\u00e7\u00e3o da semente em integridade, auto-organiza\u00e7\u00e3o e diversidade.<\/p>\n<p><a href=\"https:\/\/i0.wp.com\/seedfreedom.info\/wp-content\/uploads\/2014\/11\/seedposter-380x514.jpg\"><img data-recalc-dims=\"1\" loading=\"lazy\" decoding=\"async\" class=\"alignleft size-full wp-image-31127\" src=\"https:\/\/i0.wp.com\/seedfreedom.info\/wp-content\/uploads\/2014\/11\/seedposter-380x514.jpg?resize=380%2C514\" alt=\"seedposter-380x514\" width=\"380\" height=\"514\" srcset=\"https:\/\/i0.wp.com\/seedfreedom.info\/wp-content\/uploads\/2014\/11\/seedposter-380x514.jpg?resize=380%2C514&amp;ssl=1 380w, https:\/\/i0.wp.com\/seedfreedom.info\/wp-content\/uploads\/2014\/11\/seedposter-380x514.jpg?resize=222%2C300&amp;ssl=1 222w\" sizes=\"auto, (max-width: 380px) 100vw, 380px\" \/><\/a>Somos guardi\u00e3es e defensoras das sementes, agricultores e hortel\u00e3s, colocamos a agricultura ecol\u00f3gica em pr\u00e1tica e participamos no com\u00e9rcio justo.<\/p>\n<p>Guardar e trocar as nossas sementes de poliniza\u00e7\u00e3o cruzada, sem OGMs e sem patentes \u00e9 um direito n\u00e3o alien\u00e1vel.<\/p>\n<p>Os direitos das agricultoras e agricultores n\u00e3o s\u00e3o negoci\u00e1veis.<\/p>\n<p>Vamos resistir a toda a lei e tecnologia que tente minar as nossas liberdades e a liberdade das sementes, que est\u00e1 intimamente ligada \u00e0 liberdade da M\u00e3e Terra.<\/p>\n<p>Estamos comprometidos a prevenir que a Monsanto e outras corpora\u00e7\u00f5es qu\u00edmicas tomem controle do nosso abastecimento de sementes atrav\u00e9s de OGMs, patentes e Direitos de Propriedade Intelectual.<\/p>\n<p>N\u00e3o vamos permitir a imposi\u00e7\u00e3o de Leis das Sementes baseadas na Uniformidade, que criminalizam a nossa diversidade e liberdade das sementes. Criamos diversidade, qualidade, resili\u00eancia &#8211; n\u00e3o monoculturas qu\u00edmicas.<\/p>\n<p>Atrav\u00e9s de diversos Ecossistemas e culturas unimo-nos na defesa da Liberdade das Sementes\/ Soberania da Semente como alicerce da Liberdade Alimentar\/ Soberania Alimentar. Pomos em pr\u00e1tica produ\u00e7\u00f5es ecol\u00f3gicas e distribui\u00e7\u00f5es justas e equitativas, come\u00e7ando com a protec\u00e7\u00e3o e promo\u00e7\u00e3o de sistemas alimentares locais.<\/p>\n<p>A nossa diversidade de sementes, usadas em sistemas agroecol\u00f3gicos produzem mais comida e nutri\u00e7\u00e3o por hectar e representam a verdadeira solu\u00e7\u00e3o para a fome e m\u00e1-nutri\u00e7\u00e3o, n\u00e3o os OGMs.<\/p>\n<p>As sementes, parte do processo de evolu\u00e7\u00e3o biol\u00f3gica e em cont\u00ednua adapta\u00e7\u00e3o \u00e0s altera\u00e7\u00f5es clim\u00e1ticas, s\u00e3o a resposta real a estrat\u00e9gias de adapta\u00e7\u00e3o e resili\u00eancia, n\u00e3o os OGMs agora embalados como &#8220;Agricultura Clim\u00e1ticamente Inteligente&#8221;.<\/p>\n<p>Com todo o nosso amor vamos proteger as nossas sementes.<\/p>\n<p>Com s\u00e9culos de conhecimento das nossas ancestrais refor\u00e7ados pelas novas ci\u00eancias de Agroecologia e Epigen\u00e9tica vamos resistir \u00e0 imposi\u00e7\u00e3o duma ci\u00eancia redutora, mecan\u00edstica, obsoleta e defeituosa, tal como aos OGMs\u00a0 e tecnologias qu\u00edmicas t\u00f3xicas na nossa comida e sistema agr\u00edcola.<\/p>\n<p>Com o nosso compromisso intenso, e profunda solidariedade, vamos defender juntos a Liberdade das Sementes, Liberdade Alimentar e Direitos Democr\u00e1ticos para moldar um futuro \u00e0 nossa comida que proteja a Vida na Terra e o bem estar de todos.<\/p>\n<ul>\n<li>\n<h4><a title=\"Join the Global Movement for Seed Freedom\" href=\"http:\/\/seedfreedom.info\/join-the-global-movement-for-seed-freedom\/\">\u00a0<\/a>Cliquem <a href=\"http:\/\/seedfreedom.info\/declaration-on-seed-freedom\/\" target=\"_blank\">aqui<\/a> para assinar a Declara\u00e7\u00e3o da Liberdade das Sementes<\/h4>\n<\/li>\n<li>\n<h4>Organiza\u00e7\u00f5es\/Movimentos\/Associa\u00e7\u00f5es: <a title=\"Join the Global Movement for Seed Freedom\" href=\"http:\/\/seedfreedom.info\/join-the-global-movement-for-seed-freedom\/\" target=\"_blank\">Juntem-se ao Movimento Global pela Liberdade das Sementes<\/a><\/h4>\n<\/li>\n<\/ul>\n<hr \/>\n<p>Translation kindly provided by <a href=\"http:\/\/seedfreedom.info\/partners\/campanha-pelas-sementes-livres-portugal\/\" target=\"_blank\">Campanha Europeia pelas Sementes Livres (GAIA)<\/a><\/p>\n<p><a href=\"https:\/\/i0.wp.com\/seedfreedom.info\/wp-content\/uploads\/2014\/09\/riquadro-bianco-41.jpg\"><img data-recalc-dims=\"1\" loading=\"lazy\" decoding=\"async\" class=\"alignnone wp-image-34217 size-full\" src=\"https:\/\/i0.wp.com\/seedfreedom.info\/wp-content\/uploads\/2014\/09\/riquadro-bianco-41.jpg?resize=220%2C150\" alt=\"riquadro bianco (4)\" width=\"220\" height=\"150\" \/><\/a><\/p>\n<hr \/>\n","protected":false},"excerpt":{"rendered":"<p>O Movimento Global pelas Sementes Livres \u00e9 uma rede de pessoas e organiza\u00e7\u00f5es comprometidas a alinhar os nossos pensamentos e [&hellip;]<\/p>\n","protected":false},"author":37,"featured_media":31127,"parent":0,"menu_order":0,"comment_status":"closed","ping_status":"closed","template":"template-sf-partners-carousel.php","meta":{"_monsterinsights_skip_tracking":false,"_monsterinsights_sitenote_active":false,"_monsterinsights_sitenote_note":"","_monsterinsights_sitenote_category":0,"footnotes":""},"categories":[],"tags":[],"class_list":["post-34534","page","type-page","status-publish","has-post-thumbnail","hentry"],"jetpack_shortlink":"https:\/\/wp.me\/P5eZaH-8Z0","jetpack_sharing_enabled":true,"_links":{"self":[{"href":"https:\/\/seedfreedom.info\/pt-pt\/wp-json\/wp\/v2\/pages\/34534","targetHints":{"allow":["GET"]}}],"collection":[{"href":"https:\/\/seedfreedom.info\/pt-pt\/wp-json\/wp\/v2\/pages"}],"about":[{"href":"https:\/\/seedfreedom.info\/pt-pt\/wp-json\/wp\/v2\/types\/page"}],"author":[{"embeddable":true,"href":"https:\/\/seedfreedom.info\/pt-pt\/wp-json\/wp\/v2\/users\/37"}],"replies":[{"embeddable":true,"href":"https:\/\/seedfreedom.info\/pt-pt\/wp-json\/wp\/v2\/comments?post=34534"}],"version-history":[{"count":2,"href":"https:\/\/seedfreedom.info\/pt-pt\/wp-json\/wp\/v2\/pages\/34534\/revisions"}],"predecessor-version":[{"id":34536,"href":"https:\/\/seedfreedom.info\/pt-pt\/wp-json\/wp\/v2\/pages\/34534\/revisions\/34536"}],"wp:featuredmedia":[{"embeddable":true,"href":"https:\/\/seedfreedom.info\/pt-pt\/wp-json\/wp\/v2\/media\/31127"}],"wp:attachment":[{"href":"https:\/\/seedfreedom.info\/pt-pt\/wp-json\/wp\/v2\/media?parent=34534"}],"wp:term":[{"taxonomy":"category","embeddable":true,"href":"https:\/\/seedfreedom.info\/pt-pt\/wp-json\/wp\/v2\/categories?post=34534"},{"taxonomy":"post_tag","embeddable":true,"href":"https:\/\/seedfreedom.info\/pt-pt\/wp-json\/wp\/v2\/tags?post=34534"}],"curies":[{"name":"wp","href":"https:\/\/api.w.org\/{rel}","templated":true}]}}