 {"id":35574,"date":"2015-09-30T02:30:01","date_gmt":"2015-09-30T00:30:01","guid":{"rendered":"http:\/\/seedfreedom.info\/?page_id=35574"},"modified":"2015-10-12T23:55:53","modified_gmt":"2015-10-12T21:55:53","slug":"seed-satyagraha-desobediencia-civil-para-por-fim-a-escravidao-das-sementes-compromisso","status":"publish","type":"page","link":"https:\/\/seedfreedom.info\/pt-pt\/seed-satyagraha-desobediencia-civil-para-por-fim-a-escravidao-das-sementes-compromisso\/","title":{"rendered":"Seed Satyagraha ( desobedi\u00eancia civil para p\u00f4r fim \u00e0 escravid\u00e3o das sementes ) \u2013 COMPROMISSO"},"content":{"rendered":"<div style=\"float: left; text-align: justify; width: 47%;\">\n<p>Sentimos rever\u00eancia pelas sementes que temos recebido da natureza e de cuidado e cria\u00e7\u00e3o selectiva por parte dos agricultores ao longo de s\u00e9culos.<\/p>\n<p style=\"text-align: left;\">N\u00e3o reconhecemos a semente como uma inven\u00e7\u00e3o corporativa e, como tal, n\u00e3o \u00adreconhecemos patentes sobre a semente e a vida.<\/p>\n<p style=\"text-align: left;\">Vamos apoiar as nossas bibliotecas locais de sementes como fontes de semente f\u00e9rtil e dos comuns (open source).<\/p>\n<p style=\"text-align: left;\">N\u00e3o reconhecemos nenhuma lei, criada por interesses corporativos, que interfira com o nosso dever de salvar e partilhar boas sementes. Fazemo-lo para que as futuras gera\u00e7\u00f5es sejam t\u00e3o afortunadas como n\u00f3s fomos em receber estas d\u00e1divas de diversidade e nutri\u00e7\u00e3o.<\/p>\n<p style=\"text-align: left;\">N\u00e3o obedeceremos nem reconheceremos nenhuma lei que criminalize as nossas sementes que superaram o teste do tempo.<br \/>\nEsta \u00e9 a nossa Semente Satyagraha.<\/p>\n<p style=\"text-align: left;\">Da boa semente prov\u00e9m boa comida.<br \/>\nN\u00e3o reconhecemos como comida alimentos desprovidos de sabor, nutricionalmente vazios e convenientes mas t\u00f3xicos.<\/p>\n<p style=\"text-align: left;\">Para n\u00f3s, comida \u00e9, como sempre foi, natural, de cultivo biol\u00f3gico, nutritiva, saud\u00e1vel e segura.<\/p>\n<p style=\"text-align: left;\">Recusamo-nos a a aceitar um sistema agr\u00edcola \u00e0 base de venenos como seguro.<\/p>\n<p style=\"text-align: left;\">Recusamo-nos a deixar morrer nem mais uma abelha.<\/p>\n<p style=\"text-align: left;\">N\u00e3o reconhecemos a fal\u00e1cia n\u00e3o-cient\u00edfica do \u201cEquivalente Substantial\u201d (entre alimentos Geneticamente Modificados e alimentos n\u00e3o-OGM).<br \/>\nRecusamo-nos a aceitar a Agricultura Industrial como uma solu\u00e7\u00e3o para a crise clim\u00e1tica porque sabemos que ela \u00e9 uma das suas causas. Sabemos tamb\u00e9m que a Agricultura Biol\u00f3gica\/org\u00e2nica e que os solos que est\u00e3o vivos s\u00e3o a chave para solucionar a Crise Clim\u00e1tica.<\/p>\n<p style=\"text-align: left;\">Plantaremos comida org\u00e2nica\/biol\u00f3gica por toda a parte: nos nossos terrenos, jardins, quintas e quintais, varandas e terra\u00e7os.<\/p>\n<p style=\"text-align: left;\">Comeremos biol\u00f3gico\/org\u00e2nico nas nossas cozinhas, restaurantes, escolas e escrit\u00f3rios.<\/p>\n<p style=\"text-align: left;\">Os nossos Jardins ser\u00e3o lugares de Satyagraha.<\/p>\n<p style=\"text-align: left;\"><em>Translation kindly provided by <a href=\"http:\/\/seedfreedom.info\/partners\/campanha-pelas-sementes-livres-portugal\/\" target=\"_blank\">Campanha pelas Sementes Livres<\/a><\/em><\/p>\n<hr \/>\n<h4 style=\"text-align: left;\"><a href=\"https:\/\/i0.wp.com\/seedfreedom.info\/wp-content\/uploads\/2015\/07\/CampaignCalltoAction2015.jpg\"><img data-recalc-dims=\"1\" loading=\"lazy\" decoding=\"async\" class=\"alignnone wp-image-34423 size-full\" src=\"https:\/\/i0.wp.com\/seedfreedom.info\/wp-content\/uploads\/2015\/07\/CampaignCalltoAction2015.jpg?resize=280%2C140\" alt=\"poster\" width=\"280\" height=\"140\" \/><\/a><br \/>\n<strong><a href=\"http:\/\/seedfreedom.info\/pt-pt\/campaign\/apelo-a-acao-pelas-sementes-vivas-e-solos-vivos-2015\/\" target=\"_blank\">Apelo \u00e0 A\u00e7\u00e3o pelas Sementes Vivas e Solos Vivos \u2013 2015<\/a><\/strong><\/h4>\n<p>de 2 a 16 de Outubro<\/p>\n<hr \/>\n<p style=\"text-align: left;\"><strong><a href=\"http:\/\/seedfreedom.info\/wp-content\/uploads\/2015\/09\/Seed-Satyagraha-Soft-Copy.pdf\" target=\"_blank\">Click here to download Seed Satyagraha booklet<\/a><\/strong><\/p>\n<hr \/>\n<\/div>\n<div style=\"float: right; text-align: justify; width: 47%;\">\n<h4><strong>\u00a0<a href=\"http:\/\/seedfreedom.info\/seed-satyagraha-civil-disobedience-to-end-seed-slavery-pledge-signatures\/\" target=\"_blank\"><span style=\"color: #993300;\"><em>View Signatures<\/em><\/span><\/a><\/strong><\/h4>\n<h4><strong>ASSINA O COMPROMISSO<\/strong><\/h4>\n<p><iframe loading=\"lazy\" id=\"JotFormIFrame\" style=\"width: 100%; height: 900px; border: none;\" src=\"https:\/\/form.jotform.com\/form\/52508107695964\" width=\"300\" height=\"150\" frameborder=\"0\" scrolling=\"yes\"><br \/>\n<\/iframe><br \/>\n<script type=\"text\/javascript\">\/\/ <![CDATA[\nwindow.handleIFrameMessage = function(e) {\n        var args = e.data.split(\":\");\n        var iframe = document.getElementById(\"JotFormIFrame\");\n        if (!iframe)\n          return;\n        switch (args[0]) {\n          case \"scrollIntoView\":\n            iframe.scrollIntoView();\n            break;\n          case \"setHeight\":\n            iframe.style.height = args[1] + \"px\";\n            break;\n          case \"collapseErrorPage\":\n            if (iframe.clientHeight > window.innerHeight) {\n              iframe.style.height = window.innerHeight + \"px\";\n            }\n            break;\n          case \"reloadPage\":\n            window.location.reload();\n            break;\n        }\n        var isJotForm = (e.origin.indexOf(\"jotform\") > -1) ? true : false;\n        if(isJotForm &#038;& \"contentWindow\" in iframe &#038;& \"postMessage\" in iframe.contentWindow) {\n          var urls = {\"docurl\":encodeURIComponent(document.URL),\"referrer\":encodeURIComponent(document.referrer)};\n          iframe.contentWindow.postMessage(JSON.stringify({\"type\":\"urls\",\"value\":urls}), \"*\");\n        }\n      };\n      if (window.addEventListener) {\n        window.addEventListener(\"message\", handleIFrameMessage, false);\n      } else if (window.attachEvent) {\n        window.attachEvent(\"onmessage\", handleIFrameMessage);\n      }\n      if(window.location.href &#038;& window.location.href.indexOf(\"?\") > -1) {\n        var ifr = document.getElementById(\"JotFormIFrame\");\n        var get = window.location.href.substr(window.location.href.indexOf(\"?\") + 1);\n        if(ifr &#038;& get.length > 0) {\n          var src = ifr.src;\n          src = src.indexOf(\"?\") > -1 ? src + \"&#038;\" + get : src  + \"?\" + get;\n          ifr.src = src;\n        }\n      }\n\/\/ ]]><\/script><\/p>\n<\/div>\n<div style=\"clear: both;\"><\/div>\n","protected":false},"excerpt":{"rendered":"<p>Sentimos rever\u00eancia pelas sementes que temos recebido da natureza e de cuidado e cria\u00e7\u00e3o selectiva por parte dos agricultores ao [&hellip;]<\/p>\n","protected":false},"author":37,"featured_media":35083,"parent":0,"menu_order":0,"comment_status":"closed","ping_status":"closed","template":"","meta":{"_monsterinsights_skip_tracking":false,"_monsterinsights_sitenote_active":false,"_monsterinsights_sitenote_note":"","_monsterinsights_sitenote_category":0,"footnotes":""},"categories":[620],"tags":[],"class_list":["post-35574","page","type-page","status-publish","has-post-thumbnail","hentry","category-ultimas-noticias-pt-pt"],"jetpack_shortlink":"https:\/\/wp.me\/P5eZaH-9fM","jetpack_sharing_enabled":true,"_links":{"self":[{"href":"https:\/\/seedfreedom.info\/pt-pt\/wp-json\/wp\/v2\/pages\/35574","targetHints":{"allow":["GET"]}}],"collection":[{"href":"https:\/\/seedfreedom.info\/pt-pt\/wp-json\/wp\/v2\/pages"}],"about":[{"href":"https:\/\/seedfreedom.info\/pt-pt\/wp-json\/wp\/v2\/types\/page"}],"author":[{"embeddable":true,"href":"https:\/\/seedfreedom.info\/pt-pt\/wp-json\/wp\/v2\/users\/37"}],"replies":[{"embeddable":true,"href":"https:\/\/seedfreedom.info\/pt-pt\/wp-json\/wp\/v2\/comments?post=35574"}],"version-history":[{"count":3,"href":"https:\/\/seedfreedom.info\/pt-pt\/wp-json\/wp\/v2\/pages\/35574\/revisions"}],"predecessor-version":[{"id":35965,"href":"https:\/\/seedfreedom.info\/pt-pt\/wp-json\/wp\/v2\/pages\/35574\/revisions\/35965"}],"wp:featuredmedia":[{"embeddable":true,"href":"https:\/\/seedfreedom.info\/pt-pt\/wp-json\/wp\/v2\/media\/35083"}],"wp:attachment":[{"href":"https:\/\/seedfreedom.info\/pt-pt\/wp-json\/wp\/v2\/media?parent=35574"}],"wp:term":[{"taxonomy":"category","embeddable":true,"href":"https:\/\/seedfreedom.info\/pt-pt\/wp-json\/wp\/v2\/categories?post=35574"},{"taxonomy":"post_tag","embeddable":true,"href":"https:\/\/seedfreedom.info\/pt-pt\/wp-json\/wp\/v2\/tags?post=35574"}],"curies":[{"name":"wp","href":"https:\/\/api.w.org\/{rel}","templated":true}]}}