 {"id":44328,"date":"2017-04-08T13:59:23","date_gmt":"2017-04-08T11:59:23","guid":{"rendered":"http:\/\/seedfreedom.info\/sl\/?page_id=44328"},"modified":"2017-04-08T14:07:03","modified_gmt":"2017-04-08T12:07:03","slug":"izjava-o-svobodi-semen","status":"publish","type":"page","link":"https:\/\/seedfreedom.info\/sl\/izjava-o-svobodi-semen\/","title":{"rendered":"Izjava o svobodi semen"},"content":{"rendered":"<div style=\"background: url('http:\/\/seedfreedom.info\/wp-content\/uploads\/2014\/09\/pergamena.png') top center no-repeat; width: 100%; height: 850px; padding: 350px 0px;\">\n<ol class=\"seriftype\" style=\"width: 700px; margin: auto; text-align: justify;\">\n<li>Seme je izvor \u017eivljenja, je \u017eivljenju lastna nuja po samoizra\u017eanju, obnavljaju, mno\u017eenju, po razvoju v ve\u010dnosti in svobodi.<\/li>\n<li>Seme je utele\u0161enje bio-kulturne raznolikosti. Vsebuje milijone let biolo\u0161ke in kulturne evolucije iz preteklosti in potencial nadaljnjega razvoja v prihodnjih tiso\u010dletjih.<\/li>\n<li>Svoboda semen je rojstna pravica vsake oblike \u017eivljenja in je osnova za ohranjanje biolo\u0161ke raznovrstnosti.<\/li>\n<li>Svoboda semen je rojstna pravica vsakega kmeta in proizvajalca hrane. Pravica kmetovalcev do ohranjanja izmenjave, razvoja, bojenja in prodaje semen je v srcu gibanja za svobodo semen. Ko kmetovalci ostanejo brez teh pravic, se ujamejo v dolg in v ekstremnih primerih pride celo do samomorov.<\/li>\n<li>Svoboda semen je osnova svobode hrane, saj je seme prvi \u010dlen prehranske verige.<\/li>\n<li>Svobodo semen ogro\u017eajo patenti na semena, ki ustvarjajo monopol in kmetom prepovedujejo zbiranje in izmenjavo semen. Patenti na semena so eti\u010dno in ekolo\u0161ko neupravi\u010deni, saj so patenti izklju\u010dne pravice podeljene na izume.Seme ni izum. \u017divljenje ni izum.<\/li>\n<li>Svoboda semen razli\u010dnih kultur je ogro\u017eena z bio-piratstvom in patentiranjem avtohtonih znanj in biolo\u0161ke raznovrstnosti. Bio- piratstvo ni inovacija ampak kraja.<\/li>\n<li>Svoboda semen je ogro\u017eena s strani gensko spremenjenih semen, ki onesna\u017eujejo na\u0161e kmetije in tako izklju\u010dujejo mo\u017enost gojenja brez gensko spremenjenih organizmov (GSO). Svoboda semen kmeta je ogro\u017eena kadar ga korporacije obto\u017eijo kraje po tem, ko se njegov pridelek onesna\u017ei z genetskim materialom njihovih GSO.<\/li>\n<li>Svoboda semen je ogro\u017eena z na\u010drtnim spreminjanjem semen iz trajnega, samo-obnovljivega vira v neobnovljivo patentirano dobrino. Najbolj skrajen primer neobnovljivega semena je tako imenovana terminatorska tehnologija, razvita z namenom ustvarjanja sterilnih semen.<\/li>\n<li>Zavezujemo se da bomo branili svobodo semen, kot svobodo razvoja razli\u010dnih vrst in kot svobodo \u010dlove\u0161kih skupnosti pri skupnem ohranjanju in upravljanju semen.<\/li>\n<\/ol>\n<div class=\"seriftype\" style=\"font-style: italic; width: 600px; margin: auto; text-align: center; font-size: 16px; font-weight: bold; margin-top: 50px;\">V ta namen bomo ohranili seme. Ustvarili bomo skupnostne semenske banke in semenske knji\u017enice. Ne bomo priznavali nobenega zakona, ki neupravi\u010deno iz semen naredi lastnino korporacij. Ustavili bomo patente na semena.<\/div>\n<div style=\"text-align: center; padding-top: 20px; width: 600px; margin: auto;\">\n<h4 class=\"signup\" style=\"text-align: center; float: left;\"><img data-recalc-dims=\"1\" decoding=\"async\" style=\"height: 60px;\" src=\"https:\/\/i0.wp.com\/seedfreedom.in\/wp-content\/uploads\/2012\/06\/profile_img5.png?w=940\" alt=\"\" \/><br \/>\n<strong><a class=\"signup\" href=\"http:\/\/seedfreedom.in\/sign.html?iframe=true&amp;width=450&amp;height=480\" rel=\"prettyPhoto[iframes]\">Podpi\u0161ite izjavo o svobodi semen<\/a><\/strong><br \/>\n<strong><script>\/\/ <![CDATA[\n\/\/ < ![CDATA[\n\/\/ < ![CDATA[ jQuery(function($){ $(\".signup\").colorbox({iframe:true, innerWidth:\"420px\", opacity:\"0.5\", innerHeight:\"450px\", href:\"http:\/\/seedfreedom.in\/sign.html\" }); });\n\/\/ ]]><\/script><\/strong><\/h4>\n<h4 style=\"text-align: center; float: right;\"><strong><img data-recalc-dims=\"1\" decoding=\"async\" style=\"height: 60px;\" src=\"https:\/\/i0.wp.com\/seedfreedom.in\/wp-content\/uploads\/2012\/06\/profile_img7.png?w=940\" alt=\"\" \/><\/strong><br \/>\n<strong> <a href=\"http:\/\/seedfreedom.in\/wp-content\/uploads\/2012\/06\/declaration.pdf\">Click here to download a PDF<\/a><\/strong><\/h4>\n<h4 class=\"clear\"><\/h4>\n<\/div>\n<div style=\"padding-left: 270px; z-index: 999; width: 700px; margin: auto; text-align: center; padding-top: 20px;\">\n<p><a class=\"twitter-share-button\" href=\"https:\/\/twitter.com\/share\">Tweet<\/a><script>\/\/ <![CDATA[\n\/\/ < ![CDATA[\n\/\/ < ![CDATA[\n\/\/ < ![CDATA[\n\/\/ < ![CDATA[\n\/\/ < ![CDATA[\n\/\/ < ![CDATA[ !function(d,s,id){var js,fjs=d.getElementsByTagName(s)[0];if(!d.getElementById(id)){js=d.createElement(s);js.id=id;js.src=\"\/\/platform.twitter.com\/widgets.js\";fjs.parentNode.insertBefore(js,fjs);}}(document,\"script\",\"twitter-wjs\");\n\/\/ ]]><\/script><!-- Place this tag where you want the +1 button to render --><!-- Place this render call where appropriate --><script>\/\/ <![CDATA[\n\/\/ < ![CDATA[\n\/\/ < ![CDATA[\n\/\/ < ![CDATA[\n\/\/ < ![CDATA[\n\/\/ < ![CDATA[\n\/\/ < ![CDATA[ (function() { var po = document.createElement('script'); po.type = 'text\/javascript'; po.async = true; po.src = 'https:\/\/apis.google.com\/js\/plusone.js'; var s = document.getElementsByTagName('script')[0]; s.parentNode.insertBefore(po, s); })();\n\/\/ ]]><\/script><\/p>\n<div class=\"fb-like\" style=\"top: -5px;\" data-href=\"http:\/\/www.seedfreedom.in\/declaration\/\" data-send=\"true\" data-width=\"450\" data-show-faces=\"true\"><\/div>\n<\/div>\n<\/div>\n<p><em>Translation kindly provided by: Jure Peternel, Ekolo\u0161ko Dru\u0161tvo Porevit \u00a0(Ecological Organisation Porevit)\u00a0<\/em><\/p>\n<hr \/>\n<h4>The Declaration on Seed Freedom in other languages (not yet displayed here) is available at the following link: <a href=\"http:\/\/seedfreedomfortnight.blogspot.it\/2012\/09\/english.html\" target=\"_blank\">http:\/\/seedfreedomfortnight.blogspot.it\/2012\/09\/english.html<\/a><\/h4>\n<hr \/>\n<h4>Thank you for signing the Declaration.<\/h4>\n<ul>\n<li>\n<h4>For Organisations\/Movements\/Associations &#8211; Join the <a href=\"http:\/\/seedfreedom.info\/global-movement-for-seed-freedom-our-resolve-our-commitment\/\" target=\"_blank\">Global Movement for Seed Freedom<\/a>:<br \/>\nsend us\u00a0your logo with website and contact details by filling the form <strong><a href=\"http:\/\/seedfreedom.info\/join-the-global-movement-for-seed-freedom\/\" target=\"_blank\">at this link<\/a><\/strong>.<\/h4>\n<\/li>\n<\/ul>\n<ul>\n<li>\n<h4>Please keep adding your actions &amp; events to the Seed Freedom Calendar.<\/h4>\n<ul>\n<li>\n<h4>Fill Event Formular: <a href=\"http:\/\/seedfreedom.info\/events\/submit-your-event\/\" target=\"_blank\">http:\/\/seedfreedom.info\/events\/submit-your-event\/<\/a><\/h4>\n<\/li>\n<li>\n<h4>For Events near you see: <a href=\"http:\/\/seedfreedom.info\/events\/\" target=\"_blank\">http:\/\/seedfreedom.info\/events\/<\/a><\/h4>\n<\/li>\n<\/ul>\n<\/li>\n<li dir=\"ltr\">\n<h4 dir=\"ltr\">Subscribe to Seed Freedom News &amp; Updates: <a href=\"http:\/\/seedfreedom.info\/newsletter\/\" target=\"_blank\">http:\/\/seedfreedom.info\/newsletter\/<\/a><\/h4>\n<\/li>\n<\/ul>\n","protected":false},"excerpt":{"rendered":"<p>Seme je izvor \u017eivljenja, je \u017eivljenju lastna nuja po samoizra\u017eanju, obnavljaju, mno\u017eenju, po razvoju v ve\u010dnosti in svobodi. Seme je [&hellip;]<\/p>\n","protected":false},"author":3,"featured_media":32237,"parent":0,"menu_order":0,"comment_status":"closed","ping_status":"closed","template":"","meta":{"_monsterinsights_skip_tracking":false,"_monsterinsights_sitenote_active":false,"_monsterinsights_sitenote_note":"","_monsterinsights_sitenote_category":0,"footnotes":""},"categories":[],"tags":[],"class_list":["post-44328","page","type-page","status-publish","has-post-thumbnail","hentry"],"jetpack_shortlink":"https:\/\/wp.me\/P5eZaH-bwY","jetpack_sharing_enabled":true,"_links":{"self":[{"href":"https:\/\/seedfreedom.info\/sl\/wp-json\/wp\/v2\/pages\/44328","targetHints":{"allow":["GET"]}}],"collection":[{"href":"https:\/\/seedfreedom.info\/sl\/wp-json\/wp\/v2\/pages"}],"about":[{"href":"https:\/\/seedfreedom.info\/sl\/wp-json\/wp\/v2\/types\/page"}],"author":[{"embeddable":true,"href":"https:\/\/seedfreedom.info\/sl\/wp-json\/wp\/v2\/users\/3"}],"replies":[{"embeddable":true,"href":"https:\/\/seedfreedom.info\/sl\/wp-json\/wp\/v2\/comments?post=44328"}],"version-history":[{"count":4,"href":"https:\/\/seedfreedom.info\/sl\/wp-json\/wp\/v2\/pages\/44328\/revisions"}],"predecessor-version":[{"id":44332,"href":"https:\/\/seedfreedom.info\/sl\/wp-json\/wp\/v2\/pages\/44328\/revisions\/44332"}],"wp:featuredmedia":[{"embeddable":true,"href":"https:\/\/seedfreedom.info\/sl\/wp-json\/wp\/v2\/media\/32237"}],"wp:attachment":[{"href":"https:\/\/seedfreedom.info\/sl\/wp-json\/wp\/v2\/media?parent=44328"}],"wp:term":[{"taxonomy":"category","embeddable":true,"href":"https:\/\/seedfreedom.info\/sl\/wp-json\/wp\/v2\/categories?post=44328"},{"taxonomy":"post_tag","embeddable":true,"href":"https:\/\/seedfreedom.info\/sl\/wp-json\/wp\/v2\/tags?post=44328"}],"curies":[{"name":"wp","href":"https:\/\/api.w.org\/{rel}","templated":true}]}}