 {"id":47576,"date":"2017-12-26T18:28:12","date_gmt":"2017-12-26T17:28:12","guid":{"rendered":"http:\/\/seedfreedom.info\/?page_id=47576"},"modified":"2018-01-04T11:52:14","modified_gmt":"2018-01-04T10:52:14","slug":"zehirsiz-gida-ve-tarim-taahhudu","status":"publish","type":"page","link":"https:\/\/seedfreedom.info\/tr\/zehirsiz-gida-ve-tarim-taahhudu\/","title":{"rendered":"Zehirsiz G\u0131da ve Tar\u0131m Taahh\u00fcd\u00fc"},"content":{"rendered":"<div style=\"float: left; text-align: justify; width: 47%;\">\n<h4><strong>Zehirsiz G\u0131da ve Tar\u0131m<br \/>\nBiyo\u00e7e\u015fitlili\u011fi Yeniden Canland\u0131rmak, Organik \u00dcr\u00fcnler Yeti\u015ftirmek<\/strong><\/h4>\n<p>K\u00fcresel bir Zehir Karteli bir as\u0131rd\u0131r d\u00fcnya \u00fczerindeki ya\u015fama, t\u00fcr \u00e7e\u015fitlili\u011fine, topra\u011fa, \u00e7ift\u00e7ilere ve b\u00fct\u00fcn topluma, bedenlerimize ve sa\u011fl\u0131\u011f\u0131m\u0131za, istikrarl\u0131 iklim sistemlerine,\u00a0bilgiye, bilim ve bilim insanlar\u0131na, demokrasi ve \u00f6zg\u00fcrl\u00fc\u011fe kar\u015f\u0131 sava\u015f\u0131yor. Bu zehirli yolda ilerlemeye devam edersek yery\u00fcz\u00fcnde insan ya\u015fam\u0131n\u0131n son y\u00fczy\u0131l\u0131n\u0131 ya\u015f\u0131yor olabiliriz.<\/p>\n<p>Bu Zehir Karteli temel g\u0131da kaynaklar\u0131m\u0131z olan bitki ve hayvan soylar\u0131n\u0131n t\u00fckendi\u011fi alt\u0131nc\u0131 kitlesel yok olu\u015fun m\u00fcsebbibidir. Zehir kullan\u0131m\u0131na dayal\u0131 end\u00fcstriyel tar\u0131m, ku\u015flardan ar\u0131lara, ormanlardan (Amazon gibi) toprak organizmalar\u0131na ve ba\u011f\u0131rsak floram\u0131zdaki ya\u015famsal \u00f6neme sahip canl\u0131lara, pek \u00e7ok t\u00fcr\u00fcn yok olmas\u0131n\u0131n ba\u015fl\u0131ca sebebidir. End\u00fcstriyel monok\u00fclt\u00fcr uygulamalar\u0131, yeti\u015ftirip yedi\u011fimiz ekinlerin ve bunlar\u0131 tozla\u015ft\u0131ran ar\u0131lar\u0131n \u00e7e\u015fitlili\u011fini yok ederken b\u00f6cek \u00f6ld\u00fcr\u00fcc\u00fc \u00fcreten geneti\u011fi de\u011fi\u015ftirilmi\u015f bitkiler kral kelebeklerinin %90\u2019\u0131n\u0131n \u00f6ld\u00fcrm\u00fc\u015ft\u00fcr. Fosil yak\u0131tlarla beslenen zehirli tar\u0131m ayn\u0131 zamanda iklim de\u011fi\u015fikli\u011fine sebep olan sera gaz\u0131 sal\u0131mlar\u0131n\u0131n %50\u2019sinden sorumludur.<\/p>\n<p>\u0130nsan ya\u015fam\u0131n\u0131n devam edebilmesi i\u00e7in hayati \u00f6nemde olan tar\u0131msal \u00e7e\u015fitlilik ne yaz\u0131k ki korkutucu bir h\u0131zla kayboluyor. Evrimle\u015fme ve bu yolla adaptasyon saplama kapasitesinin devam\u0131 i\u00e7in biyo\u00e7e\u015fitlili\u011fe ihtiyac\u0131m\u0131z var. Bu \u00e7e\u015fitlili\u011fin olu\u015fmas\u0131 binlerce nesil s\u00fcrd\u00fc ve bizim g\u00f6revimiz bunu gelecek nesiller i\u00e7in korumak. Zehirli kimyasallarla tar\u0131m yapmak k\u00f6yl\u00fcler ve k\u00fc\u00e7\u00fck \u00fcreticiler i\u00e7in bor\u00e7 ve g\u00f6\u00e7 anlam\u0131na geliyor ve Hindistan\u2019da daha \u00f6nce benzeri g\u00f6r\u00fclmemi\u015f bir \u00e7ift\u00e7i \u00f6l\u00fcm\u00fc ve intihar\u0131 salg\u0131n\u0131na, Afrika\u2019da ve Suriye ve benzeri savunmas\u0131z \u00fclkelerde m\u00fclteci krizlerine yol a\u00e7\u0131yor.<\/p>\n<p>Ara\u015ft\u0131rmalar g\u0131dam\u0131zdaki ve \u00e7evremizdeki zehirlerin \u00e7ocuklar\u0131m\u0131zda zek\u00e2 gerili\u011fi, ADHD (dikkat eksili\u011fi ve hiperaktivite bozuklu\u011fu),otizm spektrumu bozukluklar\u0131, fiziksel koordinasyon eksikli\u011fi, \u00f6fke y\u00f6netimi sorunlar\u0131, bipolar\/\u015fizofren spektrumu hastal\u0131klar\u0131, depresyon ve \u00e7ocukluk obezitesi gibi olumsuz etkilere sebep oldu\u011funu g\u00f6steriyor. Ara\u015ft\u0131rmac\u0131lar bu zehirlerin karaci\u011fer ve b\u00f6brek hastal\u0131klar\u0131, \u00fcreme sorunlar\u0131, sakat do\u011fumlar, kanser, geli\u015fimsel n\u00f6rotoksisite, endokrin bozuklu\u011fu, metabolizma bozuklu\u011fu ve epigenetik mutasyonlar gibi bula\u015f\u0131c\u0131 olmayan kronik hastal\u0131klar\u0131n, salg\u0131n d\u00fczeyinde yayg\u0131nla\u015fmas\u0131ndan da sorumlu olduklar\u0131n\u0131 s\u00f6yl\u00fcyor.<\/p>\n<p>Zehir Karteli\u2019nin \u00fcr\u00fcnleri ve teknolojileri \u015fiddet, y\u0131k\u0131m ve \u00f6l\u00fcm ara\u00e7lar\u0131d\u0131r.<\/p>\n<p>Agroekoloji ve Onar\u0131c\u0131 Organik Tar\u0131m, bize g\u0131da ve besin sa\u011flaman\u0131n yan\u0131nda iklim krizinin de \u00e7\u00f6z\u00fcm\u00fcd\u00fcr ve yakla\u015fmakta oldu\u011fumuz, kendi t\u00fcr\u00fcm\u00fcz\u00fcn yok olu\u015funu da i\u00e7eren, alt\u0131nc\u0131 kitlesel yok olu\u015fu durdurabilir.<\/p>\n<p>Gandi\u2019nin bize hat\u0131rlatt\u0131\u011f\u0131 gibi, Yery\u00fcz\u00fc herkesin ihtiyac\u0131n\u0131 kar\u015f\u0131layabilir ama birka\u00e7 ki\u015finin a\u00e7g\u00f6zl\u00fcl\u00fc\u011f\u00fcn\u00fc doyuramaz. Gandi\u2019nin do\u011fum g\u00fcn\u00fc ve uluslararas\u0131 \u015fiddetsizlik g\u00fcn\u00fcnde, bireyler ve topluluklar olarak, kendimizinkinin yan\u0131 s\u0131ra di\u011fer t\u00fcrlerin de sa\u011fl\u0131\u011f\u0131n\u0131 korumak i\u00e7in zehirsiz organik g\u0131dalar yeti\u015ftirece\u011fimize ve yiyece\u011fimize dair bu taahh\u00fcd\u00fc imzal\u0131yoruz.<\/p>\n<p>D\u00fcnyada ya\u015fam\u0131 devam ettirmek i\u00e7in insanl\u0131\u011f\u0131n ihtiya\u00e7 duydu\u011fu besin budur.<\/p>\n<p><strong>A\u00e7g\u00f6zl\u00fcl\u00fck ve \u015fiddet paradigmas\u0131ndan dayan\u0131\u015fmac\u0131 ve \u015fiddetsiz bir d\u00fc\u015f\u00fcnce ve ya\u015fama bi\u00e7imine ge\u00e7mek art\u0131k hayatta kalmam\u0131z\u0131n tek yoludur.<br \/>\n<\/strong><\/p>\n<p><strong>Biyo\u00e7e\u015fitlili\u011fi, topra\u011f\u0131 ve suyu yeniden canland\u0131ran, iklimin istikrar\u0131n\u0131 ve iklim de\u011fi\u015fikli\u011fine dayan\u0131kl\u0131l\u0131\u011f\u0131m\u0131z\u0131 artt\u0131ran, bizim ve t\u00fcm canl\u0131lar\u0131n \u00e7ocuklar\u0131n\u0131n sa\u011fl\u0131k ve esenli\u011fini koruyan bir Zehirsiz Organik Alanlar A\u011f\u0131 kuruyoruz.<br \/>\n<\/strong><\/p>\n<\/div>\n<div style=\"float: right; text-align: justify; width: 47%;\">\n\n<\/div>\n<div style=\"clear: both;\"><\/div>\n<p><strong>Zehirsiz g\u0131da ve tar\u0131m arac\u0131l\u0131\u011f\u0131yla daha ayd\u0131nl\u0131k bir gelece\u011fin, canl\u0131, hayat dolu ve c\u00f6mert D\u00fcnyam\u0131zdaki t\u00fcm varl\u0131klar\u0131n gelece\u011finin tohumlar\u0131n\u0131 ekiyoruz.<\/strong><\/p>\n<p><em>Translation kindly provided by Ilknur Kelso <a href=\"http:\/\/dunyayikurtarankadinlar.blogspot.com\/\" target=\"_blank\">http:\/\/dunyayikurtarankadinlar.blogspot.com\/<\/a><br \/>\n<\/em><\/p>\n<hr \/>\n<h4><span style=\"color: #993366;\"><strong><a style=\"color: #993366;\" href=\"http:\/\/seedfreedom.info\/wp-content\/uploads\/2017\/10\/Poison-Free-Pledge-Leaflet.pdf\" target=\"_blank\">Download Leaflet<\/a> \u2014 <a style=\"color: #993366;\" href=\"http:\/\/seedfreedom.info\/wp-content\/uploads\/2017\/10\/POSTCARD-A8.png\" target=\"_blank\">Download Postcard\u00a0 <\/a><\/strong><\/span><\/h4>\n<p style=\"text-align: right;\"><a href=\"http:\/\/seedfreedom.info\/contact-us\/\" target=\"_blank\">Contact us<\/a><\/p>\n<hr \/>\n<p>Related Campaign<\/p>\n<p><a href=\"https:\/\/i0.wp.com\/seedfreedom.info\/wp-content\/uploads\/2017\/10\/tw-BACKGROUND-fatto-3-1100.jpg\"><img data-recalc-dims=\"1\" loading=\"lazy\" decoding=\"async\" class=\"alignnone size-medium wp-image-46694\" src=\"https:\/\/i0.wp.com\/seedfreedom.info\/wp-content\/uploads\/2017\/10\/tw-BACKGROUND-fatto-3-1100-300x150.jpg?resize=300%2C150\" alt=\"tw BACKGROUND fatto 3 1100\" width=\"300\" height=\"150\" srcset=\"https:\/\/i0.wp.com\/seedfreedom.info\/wp-content\/uploads\/2017\/10\/tw-BACKGROUND-fatto-3-1100.jpg?resize=300%2C150&amp;ssl=1 300w, https:\/\/i0.wp.com\/seedfreedom.info\/wp-content\/uploads\/2017\/10\/tw-BACKGROUND-fatto-3-1100.jpg?resize=768%2C384&amp;ssl=1 768w, https:\/\/i0.wp.com\/seedfreedom.info\/wp-content\/uploads\/2017\/10\/tw-BACKGROUND-fatto-3-1100.jpg?resize=1024%2C512&amp;ssl=1 1024w, https:\/\/i0.wp.com\/seedfreedom.info\/wp-content\/uploads\/2017\/10\/tw-BACKGROUND-fatto-3-1100.jpg?resize=280%2C140&amp;ssl=1 280w, https:\/\/i0.wp.com\/seedfreedom.info\/wp-content\/uploads\/2017\/10\/tw-BACKGROUND-fatto-3-1100.jpg?w=1100&amp;ssl=1 1100w\" sizes=\"auto, (max-width: 300px) 100vw, 300px\" \/><\/a><\/p>\n<h4><a href=\"http:\/\/seedfreedom.info\/campaign\/poison-free-food-and-farming\/\"><strong>Poison-free Food and Farming<\/strong><\/a><\/h4>\n<hr \/>\n<p><strong>Also read:<\/strong><\/p>\n<p><strong>Reports<\/strong><\/p>\n<h4 class=\"title\"><strong><a href=\"http:\/\/seedfreedom.info\/launch-toxic-story-of-roundup\/\">The Toxic Story of RoundUp: Freedom from the Poison Cartel through Agroecology<\/a><\/strong><\/h4>\n<hr \/>\n<h4 class=\"title\"><strong><a href=\"http:\/\/seedfreedom.info\/new-report-seeds-of-hope-seeds-of-resilience\/\" target=\"_blank\">Seeds of Hope, Seeds of Resilience: How Biodiversity and Agroecology offer Solutions to Climate Change by Growing Living Carbon<\/a><\/strong><\/h4>\n<hr \/>\n<h4><strong><a href=\"http:\/\/seedfreedom.info\/launch-of-the-report-poison-is-served\/\">\u201cPoisons in our Plate\u201d \u2013 Glyphosate and Other poisons from field to table<\/a><\/strong><\/h4>\n<hr \/>\n<p><strong>Articles<\/strong><\/p>\n<h4><strong><a href=\"http:\/\/seedfreedom.info\/all-the-false-myths-about-pesticides\/\">All the false myths about pesticides. Here\u2019s what you need to know<\/a><\/strong><\/h4>\n<p>By Ruchi Shroff \u2013 LifeGate, 18 September 2017<\/p>\n<h4><strong><a href=\"http:\/\/seedfreedom.info\/food-and-farming-two-futures\/\">Food and farming: Two futures<\/a><\/strong><\/h4>\n<p>By Dr. Vandana Shiva \u2013 The Asian Age, 12 July 2017<\/p>\n<hr \/>\n<p><strong>Events and Actions<\/strong><\/p>\n<h4><strong><a href=\"http:\/\/seedfreedom.info\/bhoomi-2017-listening-to-the-mountains-highlights\/\">Bhoomi 2017: Listening to the Mountains<\/a><\/strong><\/h4>\n<p>Poison Free Food and Farming Pledge Launch &#8211; New Delhi, 1st October 2017<\/p>\n<h4><strong><a href=\"http:\/\/seedfreedom.info\/conference-poisons-at-the-door\/\">Conference: Poisons at the Door<\/a><\/strong><\/h4>\n<p>Rome, 10 July 2017<\/p>\n","protected":false},"excerpt":{"rendered":"<p>Zehirsiz G\u0131da ve Tar\u0131m Biyo\u00e7e\u015fitlili\u011fi Yeniden Canland\u0131rmak, Organik \u00dcr\u00fcnler Yeti\u015ftirmek K\u00fcresel bir Zehir Karteli bir as\u0131rd\u0131r d\u00fcnya \u00fczerindeki ya\u015fama, t\u00fcr [&hellip;]<\/p>\n","protected":false},"author":3,"featured_media":46681,"parent":0,"menu_order":0,"comment_status":"closed","ping_status":"closed","template":"","meta":{"_monsterinsights_skip_tracking":false,"_monsterinsights_sitenote_active":false,"_monsterinsights_sitenote_note":"","_monsterinsights_sitenote_category":0,"footnotes":""},"categories":[662],"tags":[],"class_list":["post-47576","page","type-page","status-publish","has-post-thumbnail","hentry","category-son-haberler"],"jetpack_shortlink":"https:\/\/wp.me\/P5eZaH-cnm","jetpack_sharing_enabled":true,"_links":{"self":[{"href":"https:\/\/seedfreedom.info\/tr\/wp-json\/wp\/v2\/pages\/47576","targetHints":{"allow":["GET"]}}],"collection":[{"href":"https:\/\/seedfreedom.info\/tr\/wp-json\/wp\/v2\/pages"}],"about":[{"href":"https:\/\/seedfreedom.info\/tr\/wp-json\/wp\/v2\/types\/page"}],"author":[{"embeddable":true,"href":"https:\/\/seedfreedom.info\/tr\/wp-json\/wp\/v2\/users\/3"}],"replies":[{"embeddable":true,"href":"https:\/\/seedfreedom.info\/tr\/wp-json\/wp\/v2\/comments?post=47576"}],"version-history":[{"count":10,"href":"https:\/\/seedfreedom.info\/tr\/wp-json\/wp\/v2\/pages\/47576\/revisions"}],"predecessor-version":[{"id":47653,"href":"https:\/\/seedfreedom.info\/tr\/wp-json\/wp\/v2\/pages\/47576\/revisions\/47653"}],"wp:featuredmedia":[{"embeddable":true,"href":"https:\/\/seedfreedom.info\/tr\/wp-json\/wp\/v2\/media\/46681"}],"wp:attachment":[{"href":"https:\/\/seedfreedom.info\/tr\/wp-json\/wp\/v2\/media?parent=47576"}],"wp:term":[{"taxonomy":"category","embeddable":true,"href":"https:\/\/seedfreedom.info\/tr\/wp-json\/wp\/v2\/categories?post=47576"},{"taxonomy":"post_tag","embeddable":true,"href":"https:\/\/seedfreedom.info\/tr\/wp-json\/wp\/v2\/tags?post=47576"}],"curies":[{"name":"wp","href":"https:\/\/api.w.org\/{rel}","templated":true}]}}